{"id":1798,"date":"2023-06-30T12:02:02","date_gmt":"2023-06-30T10:02:02","guid":{"rendered":"https:\/\/foundationmetaverse.eu\/votre-soutien"},"modified":"2025-09-14T18:10:18","modified_gmt":"2025-09-14T16:10:18","slug":"votre-soutien","status":"publish","type":"page","link":"https:\/\/foundationmetaverse.eu\/fr\/votre-soutien","title":{"rendered":"Votre don, notre responsabilit\u00e9 &#8211; Que peut faire votre don ?"},"content":{"rendered":"\n<div class=\"wp-block-essential-blocks-infobox root-eb-infobox-iutcb\"><div class=\"eb-parent-wrapper eb-parent-eb-infobox-iutcb \"><div class=\"eb-infobox-iutcb eb-infobox-wrapper\"><div class=\"infobox-wrapper-inner\"><div class=\"icon-img-wrapper\"><div class=\"eb-infobox-image-wrapper\"><div class=\"eb-image-wrapper\"><div class=\"eb-image-wrapper-inner eb-infobox-image\"><img decoding=\"async\" src=\"https:\/\/foundationmetaverse.eu\/wp-content\/uploads\/2024\/08\/FME-Kinder-und-Jugendhilfe-meets-KI-Visual-scaled.jpg\" alt=\"\"><\/div><\/div><\/div><\/div><div class=\"contents-wrapper\"><h2 class=\"title\"><a href=\"https:\/\/foundationmetaverse.eu\/fr\/lia-et-metaverse-pour-laide-aux-enfants-et-aux-jeunes-construire-lavenir-avec-ethique-et-confiance\">L&rsquo;IA et Metaverse pour l&rsquo;aide aux enfants et aux jeunes : construire l&rsquo;avenir avec \u00e9thique et confiance<\/a><\/h2><p class=\"description\">Votre don apporte des technologies modernes d&rsquo;IA et de Metaverse aux services d&rsquo;aide \u00e0 l&rsquo;enfance et \u00e0 la jeunesse et offre de nouvelles opportunit\u00e9s aux jeunes en situation difficile. Nous sommes particuli\u00e8rement attentifs \u00e0 l&rsquo;\u00e9thique et \u00e0 la protection des donn\u00e9es afin de garantir un environnement d&rsquo;apprentissage s\u00fbr et propice. Votre contribution est un acte de responsabilit\u00e9 qui am\u00e9liore durablement l&rsquo;avenir de ces enfants.<a href=\"https:\/\/foundationmetaverse.eu\/fr\/lia-et-metaverse-pour-laide-aux-enfants-et-aux-jeunes-construire-lavenir-avec-ethique-et-confiance\">(lire la suite<\/a>)<\/p><div class=\"eb-button-inner-wrapper eb-infobox-btn-wrapper\"><a class=\"eb-button-anchor infobox-btn \" href=\"https:\/\/buy.stripe.com\/aEU7tc0wY6O6b7O9AK\" target=\"_blank\" rel=\"noopener\">Faire un don maintenant<\/a><\/div><\/div><\/div><\/div><\/div><\/div>\n\n<div style=\"height:47px\" aria-hidden=\"true\" class=\"wp-block-spacer\"><\/div>\n\n<div class=\"wp-block-essential-blocks-infobox root-eb-infobox-u6wa7\"><div class=\"eb-parent-wrapper eb-parent-eb-infobox-u6wa7 \"><div class=\"eb-infobox-u6wa7 eb-infobox-wrapper\"><div class=\"infobox-wrapper-inner\"><div class=\"icon-img-wrapper\"><div class=\"eb-infobox-image-wrapper\"><div class=\"eb-image-wrapper\"><div class=\"eb-image-wrapper-inner eb-infobox-image\"><img decoding=\"async\" src=\"https:\/\/foundationmetaverse.eu\/wp-content\/uploads\/2024\/08\/AdobeStock_197846919.jpg\" alt=\"\"><\/div><\/div><\/div><\/div><div class=\"contents-wrapper\"><h2 class=\"title\"><a href=\"https:\/\/foundationmetaverse.eu\/fr\/une-education-a-lepreuve-du-temps-faites-entrer-les-ecoles-professionnelles-dans-le-metaverse-grace-a-vos-dons\">Une \u00e9ducation \u00e0 l&rsquo;\u00e9preuve du temps : Faites entrer les \u00e9coles professionnelles dans le Metaverse gr\u00e2ce \u00e0 vos dons<\/a><\/h2><p class=\"description\">Votre don apporte des environnements d&rsquo;apprentissage virtuels de pointe des secteurs de l&rsquo;entreprise et de l&rsquo;industrie aux \u00e9coles professionnelles allemandes et contribue \u00e0 combler le manque de personnel qualifi\u00e9 et les lacunes en mati\u00e8re de num\u00e9risation. Le projet exploite le potentiel de Metaverse pour optimiser les processus de formation et propose des programmes de \u00ab\u00a0formation des formateurs\u00a0\u00bb sur mesure. Vous renforcerez ainsi votre comp\u00e9titivit\u00e9 et cr\u00e9erez un environnement \u00e9ducatif \u00e0 l&rsquo;\u00e9preuve du temps.<br><a href=\"https:\/\/foundationmetaverse.eu\/fr\/une-education-a-lepreuve-du-temps-faites-entrer-les-ecoles-professionnelles-dans-le-metaverse-grace-a-vos-dons\">(lire la suite<\/a>)<\/p><div class=\"eb-button-inner-wrapper eb-infobox-btn-wrapper\"><a class=\"eb-button-anchor infobox-btn \" href=\"https:\/\/buy.stripe.com\/4gwfZI93u2xQcbS9AL\" target=\"_blank\" rel=\"noopener\">Faire un don maintenant<\/a><\/div><\/div><\/div><\/div><\/div><\/div>\n\n<div class=\"wp-block-essential-blocks-infobox root-eb-infobox-jtn6h\"><div class=\"eb-parent-wrapper eb-parent-eb-infobox-jtn6h \"><div class=\"eb-infobox-jtn6h eb-infobox-wrapper\"><div class=\"infobox-wrapper-inner\"><div class=\"icon-img-wrapper\"><div class=\"eb-infobox-image-wrapper\"><div class=\"eb-image-wrapper\"><div class=\"eb-image-wrapper-inner eb-infobox-image\"><img decoding=\"async\" src=\"https:\/\/foundationmetaverse.eu\/wp-content\/uploads\/2024\/08\/Schulen-Bildunsgmetaverse-Mainvisual-scaled.jpg\" alt=\"\"><\/div><\/div><\/div><\/div><div class=\"contents-wrapper\"><h2 class=\"title\"><a href=\"https:\/\/foundationmetaverse.eu\/fr\/la-haute-technologie-au-service-de-leducation-votre-don-fait-entrer-lavenir-dans-nos-salles-de-classe\">La haute technologie au service de l&rsquo;\u00e9ducation : Votre don fait entrer l&rsquo;avenir dans nos salles de classe<\/a><\/h2><p class=\"description\">Votre don permet d&rsquo;apporter les technologies d&rsquo;IA et de m\u00e9tavers dont les \u00e9coles et les lyc\u00e9es allemands ont un besoin urgent, afin de moderniser le syst\u00e8me \u00e9ducatif et de combler les lacunes num\u00e9riques. Gr\u00e2ce \u00e0 des programmes cibl\u00e9s de \u00ab\u00a0formation des enseignants\u00a0\u00bb, nous aidons les professeurs \u00e0 utiliser efficacement ces innovations dans leurs cours et \u00e0 am\u00e9liorer durablement la qualit\u00e9 de l&rsquo;apprentissage. Ensemble, nous cr\u00e9ons ainsi un environnement \u00e9ducatif tourn\u00e9 vers l&rsquo;avenir, qui offre aux \u00e9l\u00e8ves de meilleures chances dans un monde num\u00e9ris\u00e9.<br><a href=\"https:\/\/foundationmetaverse.eu\/fr\/la-haute-technologie-au-service-de-leducation-votre-don-fait-entrer-lavenir-dans-nos-salles-de-classe\">(lire la suite<\/a>)<\/p><div class=\"eb-button-inner-wrapper eb-infobox-btn-wrapper\"><a class=\"eb-button-anchor infobox-btn \" href=\"https:\/\/buy.stripe.com\/8wM14O93u8We4JqdR2\" target=\"_blank\" rel=\"noopener\">Faire un don maintenant<\/a><\/div><\/div><\/div><\/div><\/div><\/div>\n\n<h2 class=\"wp-block-heading\">Votre conseil personnalis\u00e9<\/h2>\n\n<p>Lorsque vous faites un don, vous souhaitez faire une diff\u00e9rence. Nous sommes \u00e0 vos c\u00f4t\u00e9s pour nous assurer que votre don a le plus grand impact possible, en accord avec vos id\u00e9es et vos valeurs. Prenez rendez-vous pour une consultation personnelle. \u00c9crivez-nous \u00e0 donations @ foundationmetaverse.eu<\/p>\n\n<p><\/p>\n","protected":false},"excerpt":{"rendered":"<p>Votre conseil personnalis\u00e9 Lorsque vous faites un don, vous souhaitez faire une diff\u00e9rence. Nous sommes \u00e0 vos c\u00f4t\u00e9s pour nous assurer que votre don a le plus grand impact possible, en accord avec vos id\u00e9es et vos valeurs. Prenez rendez-vous pour une consultation personnelle. \u00c9crivez-nous \u00e0 donations @ foundationmetaverse.eu<\/p>\n","protected":false},"author":3,"featured_media":0,"parent":0,"menu_order":0,"comment_status":"closed","ping_status":"closed","template":"","meta":{"_acf_changed":false,"_eb_attr":"","_EventAllDay":false,"_EventTimezone":"","_EventStartDate":"","_EventEndDate":"","_EventStartDateUTC":"","_EventEndDateUTC":"","_EventShowMap":false,"_EventShowMapLink":false,"_EventURL":"","_EventCost":"","_EventCostDescription":"","_EventCurrencySymbol":"","_EventCurrencyCode":"","_EventCurrencyPosition":"","_EventDateTimeSeparator":"","_EventTimeRangeSeparator":"","_EventOrganizerID":[],"_EventVenueID":[],"_OrganizerEmail":"","_OrganizerPhone":"","_OrganizerWebsite":"","_VenueAddress":"","_VenueCity":"","_VenueCountry":"","_VenueProvince":"","_VenueState":"","_VenueZip":"","_VenuePhone":"","_VenueURL":"","_VenueStateProvince":"","_VenueLat":"","_VenueLng":"","_VenueShowMap":false,"_VenueShowMapLink":false,"footnotes":""},"class_list":["post-1798","page","type-page","status-publish","hentry"],"acf":[],"yoast_head":"<!-- This site is optimized with the Yoast SEO plugin v26.8 - https:\/\/yoast.com\/product\/yoast-seo-wordpress\/ -->\n<title>Votre don, notre responsabilit\u00e9 - Que peut faire votre don ? - Foundation Metaverse Europe<\/title>\n<meta name=\"robots\" content=\"index, follow, max-snippet:-1, max-image-preview:large, max-video-preview:-1\" \/>\n<link rel=\"canonical\" href=\"https:\/\/foundationmetaverse.eu\/fr\/votre-soutien\" \/>\n<meta property=\"og:locale\" content=\"fr_FR\" \/>\n<meta property=\"og:type\" content=\"article\" \/>\n<meta property=\"og:title\" content=\"Votre don, notre responsabilit\u00e9 - Que peut faire votre don ? - Foundation Metaverse Europe\" \/>\n<meta property=\"og:description\" content=\"Votre conseil personnalis\u00e9 Lorsque vous faites un don, vous souhaitez faire une diff\u00e9rence. Nous sommes \u00e0 vos c\u00f4t\u00e9s pour nous assurer que votre don a le plus grand impact possible, en accord avec vos id\u00e9es et vos valeurs. Prenez rendez-vous pour une consultation personnelle. \u00c9crivez-nous \u00e0 donations @ foundationmetaverse.eu\" \/>\n<meta property=\"og:url\" content=\"https:\/\/foundationmetaverse.eu\/fr\/votre-soutien\" \/>\n<meta property=\"og:site_name\" content=\"Foundation Metaverse Europe\" \/>\n<meta property=\"article:modified_time\" content=\"2025-09-14T16:10:18+00:00\" \/>\n<meta property=\"og:image\" content=\"https:\/\/foundationmetaverse.eu\/wp-content\/uploads\/2024\/08\/FME-Kinder-und-Jugendhilfe-meets-KI-Visual-scaled.jpg\" \/>\n<meta name=\"twitter:card\" content=\"summary_large_image\" \/>\n<meta name=\"twitter:label1\" content=\"Dur\u00e9e de lecture estim\u00e9e\" \/>\n\t<meta name=\"twitter:data1\" content=\"2 minutes\" \/>\n<script type=\"application\/ld+json\" class=\"yoast-schema-graph\">{\"@context\":\"https:\/\/schema.org\",\"@graph\":[{\"@type\":\"WebPage\",\"@id\":\"https:\/\/foundationmetaverse.eu\/fr\/votre-soutien\",\"url\":\"https:\/\/foundationmetaverse.eu\/fr\/votre-soutien\",\"name\":\"Votre don, notre responsabilit\u00e9 - Que peut faire votre don ? - Foundation Metaverse Europe\",\"isPartOf\":{\"@id\":\"https:\/\/foundationmetaverse.eu\/fr#website\"},\"primaryImageOfPage\":{\"@id\":\"https:\/\/foundationmetaverse.eu\/fr\/votre-soutien#primaryimage\"},\"image\":{\"@id\":\"https:\/\/foundationmetaverse.eu\/fr\/votre-soutien#primaryimage\"},\"thumbnailUrl\":\"https:\/\/foundationmetaverse.eu\/wp-content\/uploads\/2024\/08\/FME-Kinder-und-Jugendhilfe-meets-KI-Visual-scaled.jpg\",\"datePublished\":\"2023-06-30T10:02:02+00:00\",\"dateModified\":\"2025-09-14T16:10:18+00:00\",\"breadcrumb\":{\"@id\":\"https:\/\/foundationmetaverse.eu\/fr\/votre-soutien#breadcrumb\"},\"inLanguage\":\"fr-FR\",\"potentialAction\":[{\"@type\":\"ReadAction\",\"target\":[\"https:\/\/foundationmetaverse.eu\/fr\/votre-soutien\"]}]},{\"@type\":\"ImageObject\",\"inLanguage\":\"fr-FR\",\"@id\":\"https:\/\/foundationmetaverse.eu\/fr\/votre-soutien#primaryimage\",\"url\":\"https:\/\/foundationmetaverse.eu\/wp-content\/uploads\/2024\/08\/FME-Kinder-und-Jugendhilfe-meets-KI-Visual-scaled.jpg\",\"contentUrl\":\"https:\/\/foundationmetaverse.eu\/wp-content\/uploads\/2024\/08\/FME-Kinder-und-Jugendhilfe-meets-KI-Visual-scaled.jpg\"},{\"@type\":\"BreadcrumbList\",\"@id\":\"https:\/\/foundationmetaverse.eu\/fr\/votre-soutien#breadcrumb\",\"itemListElement\":[{\"@type\":\"ListItem\",\"position\":1,\"name\":\"Startseite\",\"item\":\"https:\/\/foundationmetaverse.eu\/fr\"},{\"@type\":\"ListItem\",\"position\":2,\"name\":\"Votre don, notre responsabilit\u00e9 &#8211; Que peut faire votre don ?\"}]},{\"@type\":\"WebSite\",\"@id\":\"https:\/\/foundationmetaverse.eu\/fr#website\",\"url\":\"https:\/\/foundationmetaverse.eu\/fr\",\"name\":\"Foundation Metaverse Europe\",\"description\":\"We anchor European values in the mind and heart of the Metaverse.\",\"publisher\":{\"@id\":\"https:\/\/foundationmetaverse.eu\/fr#organization\"},\"potentialAction\":[{\"@type\":\"SearchAction\",\"target\":{\"@type\":\"EntryPoint\",\"urlTemplate\":\"https:\/\/foundationmetaverse.eu\/fr?s={search_term_string}\"},\"query-input\":{\"@type\":\"PropertyValueSpecification\",\"valueRequired\":true,\"valueName\":\"search_term_string\"}}],\"inLanguage\":\"fr-FR\"},{\"@type\":\"Organization\",\"@id\":\"https:\/\/foundationmetaverse.eu\/fr#organization\",\"name\":\"Foundation Metaverse Europe\",\"url\":\"https:\/\/foundationmetaverse.eu\/fr\",\"logo\":{\"@type\":\"ImageObject\",\"inLanguage\":\"fr-FR\",\"@id\":\"https:\/\/foundationmetaverse.eu\/fr#\/schema\/logo\/image\/\",\"url\":\"https:\/\/foundationmetaverse.eu\/wp-content\/uploads\/2022\/04\/FME_Logo_AllBlack_Small.png\",\"contentUrl\":\"https:\/\/foundationmetaverse.eu\/wp-content\/uploads\/2022\/04\/FME_Logo_AllBlack_Small.png\",\"width\":600,\"height\":262,\"caption\":\"Foundation Metaverse Europe\"},\"image\":{\"@id\":\"https:\/\/foundationmetaverse.eu\/fr#\/schema\/logo\/image\/\"},\"sameAs\":[\"https:\/\/www.linkedin.com\/company\/foundation-metaverse-europe\/\"]}]}<\/script>\n<!-- \/ Yoast SEO plugin. -->","yoast_head_json":{"title":"Votre don, notre responsabilit\u00e9 - Que peut faire votre don ? - Foundation Metaverse Europe","robots":{"index":"index","follow":"follow","max-snippet":"max-snippet:-1","max-image-preview":"max-image-preview:large","max-video-preview":"max-video-preview:-1"},"canonical":"https:\/\/foundationmetaverse.eu\/fr\/votre-soutien","og_locale":"fr_FR","og_type":"article","og_title":"Votre don, notre responsabilit\u00e9 - Que peut faire votre don ? - Foundation Metaverse Europe","og_description":"Votre conseil personnalis\u00e9 Lorsque vous faites un don, vous souhaitez faire une diff\u00e9rence. Nous sommes \u00e0 vos c\u00f4t\u00e9s pour nous assurer que votre don a le plus grand impact possible, en accord avec vos id\u00e9es et vos valeurs. Prenez rendez-vous pour une consultation personnelle. \u00c9crivez-nous \u00e0 donations @ foundationmetaverse.eu","og_url":"https:\/\/foundationmetaverse.eu\/fr\/votre-soutien","og_site_name":"Foundation Metaverse Europe","article_modified_time":"2025-09-14T16:10:18+00:00","og_image":[{"url":"https:\/\/foundationmetaverse.eu\/wp-content\/uploads\/2024\/08\/FME-Kinder-und-Jugendhilfe-meets-KI-Visual-scaled.jpg","type":"","width":"","height":""}],"twitter_card":"summary_large_image","twitter_misc":{"Dur\u00e9e de lecture estim\u00e9e":"2 minutes"},"schema":{"@context":"https:\/\/schema.org","@graph":[{"@type":"WebPage","@id":"https:\/\/foundationmetaverse.eu\/fr\/votre-soutien","url":"https:\/\/foundationmetaverse.eu\/fr\/votre-soutien","name":"Votre don, notre responsabilit\u00e9 - Que peut faire votre don ? - Foundation Metaverse Europe","isPartOf":{"@id":"https:\/\/foundationmetaverse.eu\/fr#website"},"primaryImageOfPage":{"@id":"https:\/\/foundationmetaverse.eu\/fr\/votre-soutien#primaryimage"},"image":{"@id":"https:\/\/foundationmetaverse.eu\/fr\/votre-soutien#primaryimage"},"thumbnailUrl":"https:\/\/foundationmetaverse.eu\/wp-content\/uploads\/2024\/08\/FME-Kinder-und-Jugendhilfe-meets-KI-Visual-scaled.jpg","datePublished":"2023-06-30T10:02:02+00:00","dateModified":"2025-09-14T16:10:18+00:00","breadcrumb":{"@id":"https:\/\/foundationmetaverse.eu\/fr\/votre-soutien#breadcrumb"},"inLanguage":"fr-FR","potentialAction":[{"@type":"ReadAction","target":["https:\/\/foundationmetaverse.eu\/fr\/votre-soutien"]}]},{"@type":"ImageObject","inLanguage":"fr-FR","@id":"https:\/\/foundationmetaverse.eu\/fr\/votre-soutien#primaryimage","url":"https:\/\/foundationmetaverse.eu\/wp-content\/uploads\/2024\/08\/FME-Kinder-und-Jugendhilfe-meets-KI-Visual-scaled.jpg","contentUrl":"https:\/\/foundationmetaverse.eu\/wp-content\/uploads\/2024\/08\/FME-Kinder-und-Jugendhilfe-meets-KI-Visual-scaled.jpg"},{"@type":"BreadcrumbList","@id":"https:\/\/foundationmetaverse.eu\/fr\/votre-soutien#breadcrumb","itemListElement":[{"@type":"ListItem","position":1,"name":"Startseite","item":"https:\/\/foundationmetaverse.eu\/fr"},{"@type":"ListItem","position":2,"name":"Votre don, notre responsabilit\u00e9 &#8211; Que peut faire votre don ?"}]},{"@type":"WebSite","@id":"https:\/\/foundationmetaverse.eu\/fr#website","url":"https:\/\/foundationmetaverse.eu\/fr","name":"Foundation Metaverse Europe","description":"We anchor European values in the mind and heart of the Metaverse.","publisher":{"@id":"https:\/\/foundationmetaverse.eu\/fr#organization"},"potentialAction":[{"@type":"SearchAction","target":{"@type":"EntryPoint","urlTemplate":"https:\/\/foundationmetaverse.eu\/fr?s={search_term_string}"},"query-input":{"@type":"PropertyValueSpecification","valueRequired":true,"valueName":"search_term_string"}}],"inLanguage":"fr-FR"},{"@type":"Organization","@id":"https:\/\/foundationmetaverse.eu\/fr#organization","name":"Foundation Metaverse Europe","url":"https:\/\/foundationmetaverse.eu\/fr","logo":{"@type":"ImageObject","inLanguage":"fr-FR","@id":"https:\/\/foundationmetaverse.eu\/fr#\/schema\/logo\/image\/","url":"https:\/\/foundationmetaverse.eu\/wp-content\/uploads\/2022\/04\/FME_Logo_AllBlack_Small.png","contentUrl":"https:\/\/foundationmetaverse.eu\/wp-content\/uploads\/2022\/04\/FME_Logo_AllBlack_Small.png","width":600,"height":262,"caption":"Foundation Metaverse Europe"},"image":{"@id":"https:\/\/foundationmetaverse.eu\/fr#\/schema\/logo\/image\/"},"sameAs":["https:\/\/www.linkedin.com\/company\/foundation-metaverse-europe\/"]}]}},"jetpack_sharing_enabled":true,"_links":{"self":[{"href":"https:\/\/foundationmetaverse.eu\/fr\/wp-json\/wp\/v2\/pages\/1798","targetHints":{"allow":["GET"]}}],"collection":[{"href":"https:\/\/foundationmetaverse.eu\/fr\/wp-json\/wp\/v2\/pages"}],"about":[{"href":"https:\/\/foundationmetaverse.eu\/fr\/wp-json\/wp\/v2\/types\/page"}],"author":[{"embeddable":true,"href":"https:\/\/foundationmetaverse.eu\/fr\/wp-json\/wp\/v2\/users\/3"}],"replies":[{"embeddable":true,"href":"https:\/\/foundationmetaverse.eu\/fr\/wp-json\/wp\/v2\/comments?post=1798"}],"version-history":[{"count":5,"href":"https:\/\/foundationmetaverse.eu\/fr\/wp-json\/wp\/v2\/pages\/1798\/revisions"}],"predecessor-version":[{"id":6283,"href":"https:\/\/foundationmetaverse.eu\/fr\/wp-json\/wp\/v2\/pages\/1798\/revisions\/6283"}],"wp:attachment":[{"href":"https:\/\/foundationmetaverse.eu\/fr\/wp-json\/wp\/v2\/media?parent=1798"}],"curies":[{"name":"wp","href":"https:\/\/api.w.org\/{rel}","templated":true}]}}