{"id":2981,"date":"2024-08-25T13:10:27","date_gmt":"2024-08-25T11:10:27","guid":{"rendered":"https:\/\/foundationmetaverse.eu\/lia-et-metaverse-pour-laide-aux-enfants-et-aux-jeunes-construire-lavenir-avec-ethique-et-confiance"},"modified":"2024-09-03T09:34:43","modified_gmt":"2024-09-03T07:34:43","slug":"lia-et-metaverse-pour-laide-aux-enfants-et-aux-jeunes-construire-lavenir-avec-ethique-et-confiance","status":"publish","type":"page","link":"https:\/\/foundationmetaverse.eu\/fr\/lia-et-metaverse-pour-laide-aux-enfants-et-aux-jeunes-construire-lavenir-avec-ethique-et-confiance","title":{"rendered":"L&rsquo;IA et Metaverse pour l&rsquo;aide aux enfants et aux jeunes : construire l&rsquo;avenir avec \u00e9thique et confiance"},"content":{"rendered":"<style>.wp-block-kadence-column.kb-section-dir-horizontal > .kt-inside-inner-col > .kt-info-box2968_94d88f-31 .kt-blocks-info-box-link-wrap{max-width:unset;}.kt-info-box2968_94d88f-31 .kt-blocks-info-box-link-wrap{padding-top:var(--global-kb-spacing-xs, 1rem);padding-right:var(--global-kb-spacing-xs, 1rem);padding-bottom:var(--global-kb-spacing-xs, 1rem);padding-left:var(--global-kb-spacing-xs, 1rem);}.kt-info-box2968_94d88f-31.wp-block-kadence-infobox{max-width:100%;}.kt-info-box2968_94d88f-31 .kadence-info-box-image-inner-intrisic-container{max-width:110px;}.kt-info-box2968_94d88f-31 .kadence-info-box-image-inner-intrisic-container .kadence-info-box-image-intrisic{padding-bottom:45.6667%;width:300px;height:0px;max-width:100%;}.kt-info-box2968_94d88f-31 .kadence-info-box-icon-container .kt-info-svg-icon, .kt-info-box2968_94d88f-31 .kt-info-svg-icon-flip, .kt-info-box2968_94d88f-31 .kt-blocks-info-box-number{font-size:50px;}.kt-info-box2968_94d88f-31 .kt-blocks-info-box-media{border-top-width:0px;border-right-width:0px;border-bottom-width:0px;border-left-width:0px;padding-top:10px;padding-right:10px;padding-bottom:10px;padding-left:10px;}.kt-info-box2968_94d88f-31 .kt-blocks-info-box-media-container{margin-top:0px;margin-right:15px;margin-bottom:0px;margin-left:15px;}.kt-info-box2968_94d88f-31 .kt-blocks-info-box-learnmore{background:transparent;border-width:0px 0px 0px 0px;padding-top:4px;padding-right:8px;padding-bottom:4px;padding-left:8px;margin-top:10px;margin-right:0px;margin-bottom:10px;margin-left:0px;}<\/style>\n<div class=\"wp-block-kadence-infobox kt-info-box2968_94d88f-31\"><a class=\"kt-blocks-info-box-link-wrap info-box-link kt-blocks-info-box-media-align-top kt-info-halign-center\" target=\"_blank\" rel=\"noopener noreferrer\" href=\"https:\/\/kjhv-bb.de\"><div class=\"kt-blocks-info-box-media-container\"><div class=\"kt-blocks-info-box-media kt-info-media-animate-none\"><div class=\"kadence-info-box-image-inner-intrisic-container\"><div class=\"kadence-info-box-image-intrisic kt-info-animate-none\"><div class=\"kadence-info-box-image-inner-intrisic\"><img decoding=\"async\" src=\"https:\/\/foundationmetaverse.eu\/wp-content\/uploads\/2024\/08\/kjsh-logo-300x137.png\" alt=\"\" width=\"300\" height=\"137\" class=\"kt-info-box-image wp-image-2975\" srcset=\"https:\/\/foundationmetaverse.eu\/wp-content\/uploads\/2024\/08\/kjsh-logo-300x137.png 300w, https:\/\/foundationmetaverse.eu\/wp-content\/uploads\/2024\/08\/kjsh-logo.png 612w\" sizes=\"(max-width: 300px) 100vw, 300px\" \/><\/div><\/div><\/div><\/div><\/div><div class=\"kt-infobox-textcontent\"><p class=\"kt-blocks-info-box-text\">En partenariat avec le Kinder- und Jugendhilfe-Verbund | Fondation KJSH<br\/>Aide aux familles, aux enfants, aux adolescents et aux jeunes adultes.<\/p><\/div><\/a><\/div>\n\n<figure class=\"wp-block-image size-large\"><img fetchpriority=\"high\" decoding=\"async\" width=\"1024\" height=\"585\" src=\"https:\/\/foundationmetaverse.eu\/wp-content\/uploads\/2024\/08\/FME-Kinder-und-Jugendhilfe-meets-KI-Visual-1024x585.jpg\" alt=\"\" class=\"wp-image-2969\" srcset=\"https:\/\/foundationmetaverse.eu\/wp-content\/uploads\/2024\/08\/FME-Kinder-und-Jugendhilfe-meets-KI-Visual-1024x585.jpg 1024w, https:\/\/foundationmetaverse.eu\/wp-content\/uploads\/2024\/08\/FME-Kinder-und-Jugendhilfe-meets-KI-Visual-300x171.jpg 300w, https:\/\/foundationmetaverse.eu\/wp-content\/uploads\/2024\/08\/FME-Kinder-und-Jugendhilfe-meets-KI-Visual-768x439.jpg 768w, https:\/\/foundationmetaverse.eu\/wp-content\/uploads\/2024\/08\/FME-Kinder-und-Jugendhilfe-meets-KI-Visual-1536x878.jpg 1536w, https:\/\/foundationmetaverse.eu\/wp-content\/uploads\/2024\/08\/FME-Kinder-und-Jugendhilfe-meets-KI-Visual-2048x1170.jpg 2048w\" sizes=\"(max-width: 1024px) 100vw, 1024px\" \/><\/figure>\n\n<p>Votre don apporte non seulement des technologies d&rsquo;IA et de Metaverse de pointe aux \u00e9tablissements d&rsquo;aide \u00e0 l&rsquo;enfance et \u00e0 la jeunesse en Allemagne, mais aussi de l&rsquo;espoir et des perspectives pour les jeunes qui ont particuli\u00e8rement besoin de soutien. Ces technologies, d\u00e9j\u00e0 utilis\u00e9es avec succ\u00e8s dans le monde de l&rsquo;entreprise pour d\u00e9velopper les comp\u00e9tences non techniques, offrent un \u00e9norme potentiel pour am\u00e9liorer durablement le travail avec les services d&rsquo;aide \u00e0 l&rsquo;enfance et \u00e0 la jeunesse. Notre projet va bien au-del\u00e0 de la simple introduction d&rsquo;innovations techniques : nous sensibilisons les professionnels de l&rsquo;\u00e9ducation et les institutions aux opportunit\u00e9s offertes par le Metaverse et \u00e9laborons des solutions sur mesure qui r\u00e9pondent de mani\u00e8re cibl\u00e9e aux besoins individuels des enfants et des adolescents. L&rsquo;accent est mis en particulier sur ceux qui grandissent sans soutien parental.<\/p>\n\n<p>Nous accordons une grande attention \u00e0 l&rsquo;\u00e9thique et \u00e0 la protection des donn\u00e9es afin de cr\u00e9er un environnement d&rsquo;apprentissage s\u00fbr et confiant, dans lequel ces jeunes sont encourag\u00e9s non seulement sur le plan professionnel, mais aussi sur le plan \u00e9motionnel. Votre don n&rsquo;est donc pas seulement une contribution \u00e0 la num\u00e9risation, mais aussi un acte de responsabilit\u00e9 et de solidarit\u00e9. Ensemble, nous renfor\u00e7ons la viabilit\u00e9 des services d&rsquo;aide \u00e0 l&rsquo;enfance et \u00e0 la jeunesse et garantissons que ces technologies innovantes sont utilis\u00e9es pour le bien de ceux qui en ont le plus besoin.<\/p>\n<style>.wp-block-kadence-advancedbtn.kb-btns2968_53cfb1-64{gap:var(--global-kb-gap-xs, 0.5rem );justify-content:center;align-items:center;}.kt-btns2968_53cfb1-64 .kt-button{font-weight:normal;font-style:normal;}.kt-btns2968_53cfb1-64 .kt-btn-wrap-0{margin-right:5px;}.wp-block-kadence-advancedbtn.kt-btns2968_53cfb1-64 .kt-btn-wrap-0 .kt-button{color:#555555;border-color:#555555;}.wp-block-kadence-advancedbtn.kt-btns2968_53cfb1-64 .kt-btn-wrap-0 .kt-button:hover, .wp-block-kadence-advancedbtn.kt-btns2968_53cfb1-64 .kt-btn-wrap-0 .kt-button:focus{color:#ffffff;border-color:#444444;}.wp-block-kadence-advancedbtn.kt-btns2968_53cfb1-64 .kt-btn-wrap-0 .kt-button::before{display:none;}.wp-block-kadence-advancedbtn.kt-btns2968_53cfb1-64 .kt-btn-wrap-0 .kt-button:hover, .wp-block-kadence-advancedbtn.kt-btns2968_53cfb1-64 .kt-btn-wrap-0 .kt-button:focus{background:#444444;}<\/style>\n<div class=\"wp-block-kadence-advancedbtn kb-buttons-wrap kb-btns2968_53cfb1-64\"><style>ul.menu .wp-block-kadence-advancedbtn .kb-btn2968_bceae9-af.kb-button{width:initial;}.wp-block-kadence-advancedbtn .kb-btn2968_bceae9-af.kb-button{color:#ffffff;background:#0693e3 !important;}.wp-block-kadence-advancedbtn .kb-btn2968_bceae9-af.kb-button:hover, .wp-block-kadence-advancedbtn .kb-btn2968_bceae9-af.kb-button:focus{color:#8ed1fc;}.kb-btn2968_bceae9-af.kb-button::before{background:linear-gradient(135deg,rgb(6,147,227) 100%,rgb(142,209,252) 100%);-webkit-transition:opacity .3s ease-in-out;-moz-transition:opacity .3s ease-in-out;transition:opacity .3s ease-in-out;}<\/style><a class=\"kb-button kt-button button kb-btn2968_bceae9-af kt-btn-size-xlarge kt-btn-width-type-auto kb-btn-global-fill  kt-btn-has-text-true kt-btn-has-svg-false  wp-block-kadence-singlebtn\" href=\"https:\/\/www.paypal.com\/donate\/?hosted_button_id=BD28URE9CWJ2J\" target=\"_blank\" rel=\"noreferrer noopener\"><span class=\"kt-btn-inner-text\"><strong>Faire un don maintenant<\/strong><\/span><\/a><\/div>\n\n<div style=\"height:32px\" aria-hidden=\"true\" class=\"wp-block-spacer\"><\/div>\n\n<p>Nous vous d\u00e9livrons un certificat de don \u00e0 partir d&rsquo;un don de plus de 200,00 euros. Veuillez nous envoyer le justificatif de paiement correspondant avec la mention \u00ab\u00a0attestation de don\u00a0\u00bb \u00e0 donations@foundationmetaverse.eu.<\/p>\n\n<p><strong>Le projet fait partie de l&rsquo;initiative Metaverse \u00e9ducation de la Fondation Metaverse Europe : <\/strong><a href=\"https:\/\/bildungsmetaverse.de\">https:\/\/bildungsmetaverse.de<\/a><\/p>\n","protected":false},"excerpt":{"rendered":"<p>Votre don apporte non seulement des technologies d&rsquo;IA et de Metaverse de pointe aux \u00e9tablissements d&rsquo;aide \u00e0 l&rsquo;enfance et \u00e0 la jeunesse en Allemagne, mais aussi de l&rsquo;espoir et des perspectives pour les jeunes qui ont particuli\u00e8rement besoin de soutien. Ces technologies, d\u00e9j\u00e0 utilis\u00e9es avec succ\u00e8s dans le monde de l&rsquo;entreprise pour d\u00e9velopper les comp\u00e9tences non techniques, offrent un \u00e9norme [&hellip;]<\/p>\n","protected":false},"author":3,"featured_media":0,"parent":0,"menu_order":0,"comment_status":"closed","ping_status":"closed","template":"","meta":{"_acf_changed":false,"_eb_attr":"","_EventAllDay":false,"_EventTimezone":"","_EventStartDate":"","_EventEndDate":"","_EventStartDateUTC":"","_EventEndDateUTC":"","_EventShowMap":false,"_EventShowMapLink":false,"_EventURL":"","_EventCost":"","_EventCostDescription":"","_EventCurrencySymbol":"","_EventCurrencyCode":"","_EventCurrencyPosition":"","_EventDateTimeSeparator":"","_EventTimeRangeSeparator":"","_EventOrganizerID":[],"_EventVenueID":[],"_OrganizerEmail":"","_OrganizerPhone":"","_OrganizerWebsite":"","_VenueAddress":"","_VenueCity":"","_VenueCountry":"","_VenueProvince":"","_VenueState":"","_VenueZip":"","_VenuePhone":"","_VenueURL":"","_VenueStateProvince":"","_VenueLat":"","_VenueLng":"","_VenueShowMap":false,"_VenueShowMapLink":false,"footnotes":""},"class_list":["post-2981","page","type-page","status-publish","hentry"],"acf":[],"yoast_head":"<!-- This site is optimized with the Yoast SEO plugin v26.8 - https:\/\/yoast.com\/product\/yoast-seo-wordpress\/ -->\n<title>L&#039;IA et Metaverse pour l&#039;aide aux enfants et aux jeunes : construire l&#039;avenir avec \u00e9thique et confiance - Foundation Metaverse Europe<\/title>\n<meta name=\"robots\" content=\"index, follow, max-snippet:-1, max-image-preview:large, max-video-preview:-1\" \/>\n<link rel=\"canonical\" href=\"https:\/\/foundationmetaverse.eu\/fr\/lia-et-metaverse-pour-laide-aux-enfants-et-aux-jeunes-construire-lavenir-avec-ethique-et-confiance\" \/>\n<meta property=\"og:locale\" content=\"fr_FR\" \/>\n<meta property=\"og:type\" content=\"article\" \/>\n<meta property=\"og:title\" content=\"L&#039;IA et Metaverse pour l&#039;aide aux enfants et aux jeunes : construire l&#039;avenir avec \u00e9thique et confiance - Foundation Metaverse Europe\" \/>\n<meta property=\"og:description\" content=\"Votre don apporte non seulement des technologies d&rsquo;IA et de Metaverse de pointe aux \u00e9tablissements d&rsquo;aide \u00e0 l&rsquo;enfance et \u00e0 la jeunesse en Allemagne, mais aussi de l&rsquo;espoir et des perspectives pour les jeunes qui ont particuli\u00e8rement besoin de soutien. Ces technologies, d\u00e9j\u00e0 utilis\u00e9es avec succ\u00e8s dans le monde de l&rsquo;entreprise pour d\u00e9velopper les comp\u00e9tences non techniques, offrent un \u00e9norme [&hellip;]\" \/>\n<meta property=\"og:url\" content=\"https:\/\/foundationmetaverse.eu\/fr\/lia-et-metaverse-pour-laide-aux-enfants-et-aux-jeunes-construire-lavenir-avec-ethique-et-confiance\" \/>\n<meta property=\"og:site_name\" content=\"Foundation Metaverse Europe\" \/>\n<meta property=\"article:modified_time\" content=\"2024-09-03T07:34:43+00:00\" \/>\n<meta property=\"og:image\" content=\"https:\/\/foundationmetaverse.eu\/wp-content\/uploads\/2024\/08\/kjsh-logo-300x137.png\" \/>\n<meta name=\"twitter:card\" content=\"summary_large_image\" \/>\n<meta name=\"twitter:label1\" content=\"Dur\u00e9e de lecture estim\u00e9e\" \/>\n\t<meta name=\"twitter:data1\" content=\"2 minutes\" \/>\n<script type=\"application\/ld+json\" class=\"yoast-schema-graph\">{\"@context\":\"https:\/\/schema.org\",\"@graph\":[{\"@type\":\"WebPage\",\"@id\":\"https:\/\/foundationmetaverse.eu\/fr\/lia-et-metaverse-pour-laide-aux-enfants-et-aux-jeunes-construire-lavenir-avec-ethique-et-confiance\",\"url\":\"https:\/\/foundationmetaverse.eu\/fr\/lia-et-metaverse-pour-laide-aux-enfants-et-aux-jeunes-construire-lavenir-avec-ethique-et-confiance\",\"name\":\"L'IA et Metaverse pour l'aide aux enfants et aux jeunes : construire l'avenir avec \u00e9thique et confiance - Foundation Metaverse Europe\",\"isPartOf\":{\"@id\":\"https:\/\/foundationmetaverse.eu\/fr#website\"},\"primaryImageOfPage\":{\"@id\":\"https:\/\/foundationmetaverse.eu\/fr\/lia-et-metaverse-pour-laide-aux-enfants-et-aux-jeunes-construire-lavenir-avec-ethique-et-confiance#primaryimage\"},\"image\":{\"@id\":\"https:\/\/foundationmetaverse.eu\/fr\/lia-et-metaverse-pour-laide-aux-enfants-et-aux-jeunes-construire-lavenir-avec-ethique-et-confiance#primaryimage\"},\"thumbnailUrl\":\"https:\/\/foundationmetaverse.eu\/wp-content\/uploads\/2024\/08\/kjsh-logo-300x137.png\",\"datePublished\":\"2024-08-25T11:10:27+00:00\",\"dateModified\":\"2024-09-03T07:34:43+00:00\",\"breadcrumb\":{\"@id\":\"https:\/\/foundationmetaverse.eu\/fr\/lia-et-metaverse-pour-laide-aux-enfants-et-aux-jeunes-construire-lavenir-avec-ethique-et-confiance#breadcrumb\"},\"inLanguage\":\"fr-FR\",\"potentialAction\":[{\"@type\":\"ReadAction\",\"target\":[\"https:\/\/foundationmetaverse.eu\/fr\/lia-et-metaverse-pour-laide-aux-enfants-et-aux-jeunes-construire-lavenir-avec-ethique-et-confiance\"]}]},{\"@type\":\"ImageObject\",\"inLanguage\":\"fr-FR\",\"@id\":\"https:\/\/foundationmetaverse.eu\/fr\/lia-et-metaverse-pour-laide-aux-enfants-et-aux-jeunes-construire-lavenir-avec-ethique-et-confiance#primaryimage\",\"url\":\"https:\/\/foundationmetaverse.eu\/wp-content\/uploads\/2024\/08\/kjsh-logo-300x137.png\",\"contentUrl\":\"https:\/\/foundationmetaverse.eu\/wp-content\/uploads\/2024\/08\/kjsh-logo-300x137.png\"},{\"@type\":\"BreadcrumbList\",\"@id\":\"https:\/\/foundationmetaverse.eu\/fr\/lia-et-metaverse-pour-laide-aux-enfants-et-aux-jeunes-construire-lavenir-avec-ethique-et-confiance#breadcrumb\",\"itemListElement\":[{\"@type\":\"ListItem\",\"position\":1,\"name\":\"Startseite\",\"item\":\"https:\/\/foundationmetaverse.eu\/fr\"},{\"@type\":\"ListItem\",\"position\":2,\"name\":\"L&#8217;IA et Metaverse pour l&#8217;aide aux enfants et aux jeunes : construire l&#8217;avenir avec \u00e9thique et confiance\"}]},{\"@type\":\"WebSite\",\"@id\":\"https:\/\/foundationmetaverse.eu\/fr#website\",\"url\":\"https:\/\/foundationmetaverse.eu\/fr\",\"name\":\"Foundation Metaverse Europe\",\"description\":\"We anchor European values in the mind and heart of the Metaverse.\",\"publisher\":{\"@id\":\"https:\/\/foundationmetaverse.eu\/fr#organization\"},\"potentialAction\":[{\"@type\":\"SearchAction\",\"target\":{\"@type\":\"EntryPoint\",\"urlTemplate\":\"https:\/\/foundationmetaverse.eu\/fr?s={search_term_string}\"},\"query-input\":{\"@type\":\"PropertyValueSpecification\",\"valueRequired\":true,\"valueName\":\"search_term_string\"}}],\"inLanguage\":\"fr-FR\"},{\"@type\":\"Organization\",\"@id\":\"https:\/\/foundationmetaverse.eu\/fr#organization\",\"name\":\"Foundation Metaverse Europe\",\"url\":\"https:\/\/foundationmetaverse.eu\/fr\",\"logo\":{\"@type\":\"ImageObject\",\"inLanguage\":\"fr-FR\",\"@id\":\"https:\/\/foundationmetaverse.eu\/fr#\/schema\/logo\/image\/\",\"url\":\"https:\/\/foundationmetaverse.eu\/wp-content\/uploads\/2022\/04\/FME_Logo_AllBlack_Small.png\",\"contentUrl\":\"https:\/\/foundationmetaverse.eu\/wp-content\/uploads\/2022\/04\/FME_Logo_AllBlack_Small.png\",\"width\":600,\"height\":262,\"caption\":\"Foundation Metaverse Europe\"},\"image\":{\"@id\":\"https:\/\/foundationmetaverse.eu\/fr#\/schema\/logo\/image\/\"},\"sameAs\":[\"https:\/\/www.linkedin.com\/company\/foundation-metaverse-europe\/\"]}]}<\/script>\n<!-- \/ Yoast SEO plugin. -->","yoast_head_json":{"title":"L'IA et Metaverse pour l'aide aux enfants et aux jeunes : construire l'avenir avec \u00e9thique et confiance - Foundation Metaverse Europe","robots":{"index":"index","follow":"follow","max-snippet":"max-snippet:-1","max-image-preview":"max-image-preview:large","max-video-preview":"max-video-preview:-1"},"canonical":"https:\/\/foundationmetaverse.eu\/fr\/lia-et-metaverse-pour-laide-aux-enfants-et-aux-jeunes-construire-lavenir-avec-ethique-et-confiance","og_locale":"fr_FR","og_type":"article","og_title":"L'IA et Metaverse pour l'aide aux enfants et aux jeunes : construire l'avenir avec \u00e9thique et confiance - Foundation Metaverse Europe","og_description":"Votre don apporte non seulement des technologies d&rsquo;IA et de Metaverse de pointe aux \u00e9tablissements d&rsquo;aide \u00e0 l&rsquo;enfance et \u00e0 la jeunesse en Allemagne, mais aussi de l&rsquo;espoir et des perspectives pour les jeunes qui ont particuli\u00e8rement besoin de soutien. Ces technologies, d\u00e9j\u00e0 utilis\u00e9es avec succ\u00e8s dans le monde de l&rsquo;entreprise pour d\u00e9velopper les comp\u00e9tences non techniques, offrent un \u00e9norme [&hellip;]","og_url":"https:\/\/foundationmetaverse.eu\/fr\/lia-et-metaverse-pour-laide-aux-enfants-et-aux-jeunes-construire-lavenir-avec-ethique-et-confiance","og_site_name":"Foundation Metaverse Europe","article_modified_time":"2024-09-03T07:34:43+00:00","og_image":[{"url":"https:\/\/foundationmetaverse.eu\/wp-content\/uploads\/2024\/08\/kjsh-logo-300x137.png","type":"","width":"","height":""}],"twitter_card":"summary_large_image","twitter_misc":{"Dur\u00e9e de lecture estim\u00e9e":"2 minutes"},"schema":{"@context":"https:\/\/schema.org","@graph":[{"@type":"WebPage","@id":"https:\/\/foundationmetaverse.eu\/fr\/lia-et-metaverse-pour-laide-aux-enfants-et-aux-jeunes-construire-lavenir-avec-ethique-et-confiance","url":"https:\/\/foundationmetaverse.eu\/fr\/lia-et-metaverse-pour-laide-aux-enfants-et-aux-jeunes-construire-lavenir-avec-ethique-et-confiance","name":"L'IA et Metaverse pour l'aide aux enfants et aux jeunes : construire l'avenir avec \u00e9thique et confiance - Foundation Metaverse Europe","isPartOf":{"@id":"https:\/\/foundationmetaverse.eu\/fr#website"},"primaryImageOfPage":{"@id":"https:\/\/foundationmetaverse.eu\/fr\/lia-et-metaverse-pour-laide-aux-enfants-et-aux-jeunes-construire-lavenir-avec-ethique-et-confiance#primaryimage"},"image":{"@id":"https:\/\/foundationmetaverse.eu\/fr\/lia-et-metaverse-pour-laide-aux-enfants-et-aux-jeunes-construire-lavenir-avec-ethique-et-confiance#primaryimage"},"thumbnailUrl":"https:\/\/foundationmetaverse.eu\/wp-content\/uploads\/2024\/08\/kjsh-logo-300x137.png","datePublished":"2024-08-25T11:10:27+00:00","dateModified":"2024-09-03T07:34:43+00:00","breadcrumb":{"@id":"https:\/\/foundationmetaverse.eu\/fr\/lia-et-metaverse-pour-laide-aux-enfants-et-aux-jeunes-construire-lavenir-avec-ethique-et-confiance#breadcrumb"},"inLanguage":"fr-FR","potentialAction":[{"@type":"ReadAction","target":["https:\/\/foundationmetaverse.eu\/fr\/lia-et-metaverse-pour-laide-aux-enfants-et-aux-jeunes-construire-lavenir-avec-ethique-et-confiance"]}]},{"@type":"ImageObject","inLanguage":"fr-FR","@id":"https:\/\/foundationmetaverse.eu\/fr\/lia-et-metaverse-pour-laide-aux-enfants-et-aux-jeunes-construire-lavenir-avec-ethique-et-confiance#primaryimage","url":"https:\/\/foundationmetaverse.eu\/wp-content\/uploads\/2024\/08\/kjsh-logo-300x137.png","contentUrl":"https:\/\/foundationmetaverse.eu\/wp-content\/uploads\/2024\/08\/kjsh-logo-300x137.png"},{"@type":"BreadcrumbList","@id":"https:\/\/foundationmetaverse.eu\/fr\/lia-et-metaverse-pour-laide-aux-enfants-et-aux-jeunes-construire-lavenir-avec-ethique-et-confiance#breadcrumb","itemListElement":[{"@type":"ListItem","position":1,"name":"Startseite","item":"https:\/\/foundationmetaverse.eu\/fr"},{"@type":"ListItem","position":2,"name":"L&#8217;IA et Metaverse pour l&#8217;aide aux enfants et aux jeunes : construire l&#8217;avenir avec \u00e9thique et confiance"}]},{"@type":"WebSite","@id":"https:\/\/foundationmetaverse.eu\/fr#website","url":"https:\/\/foundationmetaverse.eu\/fr","name":"Foundation Metaverse Europe","description":"We anchor European values in the mind and heart of the Metaverse.","publisher":{"@id":"https:\/\/foundationmetaverse.eu\/fr#organization"},"potentialAction":[{"@type":"SearchAction","target":{"@type":"EntryPoint","urlTemplate":"https:\/\/foundationmetaverse.eu\/fr?s={search_term_string}"},"query-input":{"@type":"PropertyValueSpecification","valueRequired":true,"valueName":"search_term_string"}}],"inLanguage":"fr-FR"},{"@type":"Organization","@id":"https:\/\/foundationmetaverse.eu\/fr#organization","name":"Foundation Metaverse Europe","url":"https:\/\/foundationmetaverse.eu\/fr","logo":{"@type":"ImageObject","inLanguage":"fr-FR","@id":"https:\/\/foundationmetaverse.eu\/fr#\/schema\/logo\/image\/","url":"https:\/\/foundationmetaverse.eu\/wp-content\/uploads\/2022\/04\/FME_Logo_AllBlack_Small.png","contentUrl":"https:\/\/foundationmetaverse.eu\/wp-content\/uploads\/2022\/04\/FME_Logo_AllBlack_Small.png","width":600,"height":262,"caption":"Foundation Metaverse Europe"},"image":{"@id":"https:\/\/foundationmetaverse.eu\/fr#\/schema\/logo\/image\/"},"sameAs":["https:\/\/www.linkedin.com\/company\/foundation-metaverse-europe\/"]}]}},"jetpack_sharing_enabled":true,"_links":{"self":[{"href":"https:\/\/foundationmetaverse.eu\/fr\/wp-json\/wp\/v2\/pages\/2981","targetHints":{"allow":["GET"]}}],"collection":[{"href":"https:\/\/foundationmetaverse.eu\/fr\/wp-json\/wp\/v2\/pages"}],"about":[{"href":"https:\/\/foundationmetaverse.eu\/fr\/wp-json\/wp\/v2\/types\/page"}],"author":[{"embeddable":true,"href":"https:\/\/foundationmetaverse.eu\/fr\/wp-json\/wp\/v2\/users\/3"}],"replies":[{"embeddable":true,"href":"https:\/\/foundationmetaverse.eu\/fr\/wp-json\/wp\/v2\/comments?post=2981"}],"version-history":[{"count":4,"href":"https:\/\/foundationmetaverse.eu\/fr\/wp-json\/wp\/v2\/pages\/2981\/revisions"}],"predecessor-version":[{"id":3143,"href":"https:\/\/foundationmetaverse.eu\/fr\/wp-json\/wp\/v2\/pages\/2981\/revisions\/3143"}],"wp:attachment":[{"href":"https:\/\/foundationmetaverse.eu\/fr\/wp-json\/wp\/v2\/media?parent=2981"}],"curies":[{"name":"wp","href":"https:\/\/api.w.org\/{rel}","templated":true}]}}