{"id":3010,"date":"2024-08-25T13:47:36","date_gmt":"2024-08-25T11:47:36","guid":{"rendered":"https:\/\/foundationmetaverse.eu\/une-education-a-lepreuve-du-temps-faites-entrer-les-ecoles-professionnelles-dans-le-metaverse-grace-a-vos-dons"},"modified":"2024-09-03T09:36:02","modified_gmt":"2024-09-03T07:36:02","slug":"une-education-a-lepreuve-du-temps-faites-entrer-les-ecoles-professionnelles-dans-le-metaverse-grace-a-vos-dons","status":"publish","type":"page","link":"https:\/\/foundationmetaverse.eu\/fr\/une-education-a-lepreuve-du-temps-faites-entrer-les-ecoles-professionnelles-dans-le-metaverse-grace-a-vos-dons","title":{"rendered":"Une \u00e9ducation \u00e0 l&rsquo;\u00e9preuve du temps : Faites entrer les \u00e9coles professionnelles dans le Metaverse gr\u00e2ce \u00e0 vos dons"},"content":{"rendered":"<style>.wp-block-kadence-column.kb-section-dir-horizontal > .kt-inside-inner-col > .kt-info-box2990_0f7859-90 .kt-blocks-info-box-link-wrap{max-width:unset;}.kt-info-box2990_0f7859-90 .kt-blocks-info-box-link-wrap{padding-top:var(--global-kb-spacing-xs, 1rem);padding-right:var(--global-kb-spacing-xs, 1rem);padding-bottom:var(--global-kb-spacing-xs, 1rem);padding-left:var(--global-kb-spacing-xs, 1rem);}.kt-info-box2990_0f7859-90.wp-block-kadence-infobox{max-width:100%;}.kt-info-box2990_0f7859-90 .kadence-info-box-image-inner-intrisic-container{max-width:110px;}.kt-info-box2990_0f7859-90 .kadence-info-box-image-inner-intrisic-container .kadence-info-box-image-intrisic{padding-bottom:55.4817%;width:301px;height:0px;max-width:100%;}.kt-info-box2990_0f7859-90 .kadence-info-box-icon-container .kt-info-svg-icon, .kt-info-box2990_0f7859-90 .kt-info-svg-icon-flip, .kt-info-box2990_0f7859-90 .kt-blocks-info-box-number{font-size:50px;}.kt-info-box2990_0f7859-90 .kt-blocks-info-box-media{border-top-width:0px;border-right-width:0px;border-bottom-width:0px;border-left-width:0px;padding-top:10px;padding-right:10px;padding-bottom:10px;padding-left:10px;}.kt-info-box2990_0f7859-90 .kt-blocks-info-box-media-container{margin-top:0px;margin-right:15px;margin-bottom:0px;margin-left:15px;}.kt-info-box2990_0f7859-90 .kt-blocks-info-box-learnmore{background:transparent;border-width:0px 0px 0px 0px;padding-top:4px;padding-right:8px;padding-bottom:4px;padding-left:8px;margin-top:10px;margin-right:0px;margin-bottom:10px;margin-left:0px;}<\/style>\n<div class=\"wp-block-kadence-infobox kt-info-box2990_0f7859-90\"><a class=\"kt-blocks-info-box-link-wrap info-box-link kt-blocks-info-box-media-align-top kt-info-halign-center\" target=\"_blank\" rel=\"noopener noreferrer\" href=\"https:\/\/www.bvlb.de\"><div class=\"kt-blocks-info-box-media-container\"><div class=\"kt-blocks-info-box-media kt-info-media-animate-none\"><div class=\"kadence-info-box-image-inner-intrisic-container\"><div class=\"kadence-info-box-image-intrisic kt-info-animate-none\"><div class=\"kadence-info-box-image-inner-intrisic\"><img fetchpriority=\"high\" decoding=\"async\" src=\"https:\/\/foundationmetaverse.eu\/wp-content\/uploads\/2024\/08\/logo-bvlb.png\" alt=\"\" width=\"301\" height=\"167\" class=\"kt-info-box-image wp-image-2994\"\/><\/div><\/div><\/div><\/div><\/div><div class=\"kt-infobox-textcontent\"><p class=\"kt-blocks-info-box-text\">En partenariat avec l&rsquo;Association f\u00e9d\u00e9rale des enseignants de la formation professionnelle (Bundesverband der Lehrkr\u00e4fte f\u00fcr Berufsbildung e.V.)<\/p><\/div><\/a><\/div>\n\n<figure class=\"wp-block-image size-large\"><img decoding=\"async\" width=\"1024\" height=\"576\" src=\"https:\/\/foundationmetaverse.eu\/wp-content\/uploads\/2024\/08\/AdobeStock_197846919-1-1024x576.jpg\" alt=\"\" class=\"wp-image-2997\" srcset=\"https:\/\/foundationmetaverse.eu\/wp-content\/uploads\/2024\/08\/AdobeStock_197846919-1-1024x576.jpg 1024w, https:\/\/foundationmetaverse.eu\/wp-content\/uploads\/2024\/08\/AdobeStock_197846919-1-300x169.jpg 300w, https:\/\/foundationmetaverse.eu\/wp-content\/uploads\/2024\/08\/AdobeStock_197846919-1-768x432.jpg 768w, https:\/\/foundationmetaverse.eu\/wp-content\/uploads\/2024\/08\/AdobeStock_197846919-1-1536x864.jpg 1536w, https:\/\/foundationmetaverse.eu\/wp-content\/uploads\/2024\/08\/AdobeStock_197846919-1.jpg 2048w\" sizes=\"(max-width: 1024px) 100vw, 1024px\" \/><\/figure>\n\n<p>Votre don permet d&rsquo;apporter les technologies d&rsquo;IA et de m\u00e9tavers les plus modernes des secteurs de l&rsquo;entreprise et de l&rsquo;industrie dans les \u00e9coles professionnelles allemandes, o\u00f9 elles peuvent combler les lacunes de num\u00e9risation dont nous avons besoin de toute urgence et lutter contre la p\u00e9nurie de main-d&rsquo;\u0153uvre qualifi\u00e9e. Ces technologies, qui ont d\u00e9j\u00e0 fait leurs preuves dans l&rsquo;industrie, offrent un \u00e9norme potentiel pour am\u00e9liorer durablement les processus de formation dans les \u00e9coles professionnelles. Ils peuvent notamment contribuer \u00e0 cr\u00e9er des environnements d&rsquo;apprentissage pratiques qui aident les \u00e9l\u00e8ves \u00e0 acqu\u00e9rir les comp\u00e9tences n\u00e9cessaires dans le monde du travail moderne.<\/p>\n\n<p>Mais notre projet va bien au-del\u00e0 de la simple introduction d&rsquo;innovations techniques. Nous sensibilisons les enseignants et les formateurs aux opportunit\u00e9s offertes par Metaverse et les aidons \u00e0 int\u00e9grer efficacement ces nouvelles technologies dans leur enseignement. Gr\u00e2ce \u00e0 des programmes de formation des formateurs sur mesure, nous veillons \u00e0 ce que le potentiel de ces technologies soit pleinement exploit\u00e9, en tenant toujours compte des besoins individuels des \u00e9tudiants.<\/p>\n\n<p>Nous accordons une importance particuli\u00e8re aux normes \u00e9thiques et \u00e0 la protection de la vie priv\u00e9e afin de cr\u00e9er un environnement d&rsquo;apprentissage s\u00fbr et de confiance. Dans cet environnement, les \u00e9tudiants peuvent non seulement d\u00e9velopper leurs comp\u00e9tences professionnelles, mais aussi acqu\u00e9rir d&rsquo;importantes comp\u00e9tences non techniques, indispensables dans le monde du travail actuel. Votre don n&rsquo;est donc pas seulement une contribution \u00e0 la num\u00e9risation des \u00e9coles professionnelles, mais aussi un acte de responsabilit\u00e9 envers la prochaine g\u00e9n\u00e9ration. Ensemble, nous renfor\u00e7ons la viabilit\u00e9 de la formation professionnelle allemande et veillons \u00e0 ce que ces technologies innovantes soient utilis\u00e9es l\u00e0 o\u00f9 elles sont le plus n\u00e9cessaires.<\/p>\n<style>.wp-block-kadence-advancedbtn.kb-btns2990_3fdc07-1b{gap:var(--global-kb-gap-xs, 0.5rem );justify-content:center;align-items:center;}.kt-btns2990_3fdc07-1b .kt-button{font-weight:normal;font-style:normal;}.kt-btns2990_3fdc07-1b .kt-btn-wrap-0{margin-right:5px;}.wp-block-kadence-advancedbtn.kt-btns2990_3fdc07-1b .kt-btn-wrap-0 .kt-button{color:#555555;border-color:#555555;}.wp-block-kadence-advancedbtn.kt-btns2990_3fdc07-1b .kt-btn-wrap-0 .kt-button:hover, .wp-block-kadence-advancedbtn.kt-btns2990_3fdc07-1b .kt-btn-wrap-0 .kt-button:focus{color:#ffffff;border-color:#444444;}.wp-block-kadence-advancedbtn.kt-btns2990_3fdc07-1b .kt-btn-wrap-0 .kt-button::before{display:none;}.wp-block-kadence-advancedbtn.kt-btns2990_3fdc07-1b .kt-btn-wrap-0 .kt-button:hover, .wp-block-kadence-advancedbtn.kt-btns2990_3fdc07-1b .kt-btn-wrap-0 .kt-button:focus{background:#444444;}<\/style>\n<div class=\"wp-block-kadence-advancedbtn kb-buttons-wrap kb-btns2990_3fdc07-1b\"><style>ul.menu .wp-block-kadence-advancedbtn .kb-btn2990_7778cb-4a.kb-button{width:initial;}.wp-block-kadence-advancedbtn .kb-btn2990_7778cb-4a.kb-button{color:#ffffff;background:#0693e3 !important;}.wp-block-kadence-advancedbtn .kb-btn2990_7778cb-4a.kb-button:hover, .wp-block-kadence-advancedbtn .kb-btn2990_7778cb-4a.kb-button:focus{color:#8ed1fc;}.kb-btn2990_7778cb-4a.kb-button::before{background:linear-gradient(135deg,rgb(6,147,227) 100%,rgb(142,209,252) 100%);-webkit-transition:opacity .3s ease-in-out;-moz-transition:opacity .3s ease-in-out;transition:opacity .3s ease-in-out;}<\/style><a class=\"kb-button kt-button button kb-btn2990_7778cb-4a kt-btn-size-xlarge kt-btn-width-type-auto kb-btn-global-fill  kt-btn-has-text-true kt-btn-has-svg-false  wp-block-kadence-singlebtn\" href=\"https:\/\/www.paypal.com\/donate\/?hosted_button_id=BD28URE9CWJ2J\" target=\"_blank\" rel=\"noreferrer noopener\"><span class=\"kt-btn-inner-text\"><strong>Faire un don maintenant<\/strong><\/span><\/a><\/div>\n\n<div style=\"height:32px\" aria-hidden=\"true\" class=\"wp-block-spacer\"><\/div>\n\n<p>Nous vous d\u00e9livrons un certificat de don \u00e0 partir d&rsquo;un don de plus de 200,00 euros. Veuillez nous envoyer le justificatif de paiement correspondant avec la mention \u00ab\u00a0attestation de don\u00a0\u00bb \u00e0 donations@foundationmetaverse.eu.<\/p>\n\n<p><strong>Le projet fait partie de l&rsquo;initiative Metaverse \u00e9ducation de la Fondation Metaverse Europe : <\/strong><a href=\"https:\/\/bildungsmetaverse.de\">https:\/\/bildungsmetaverse.de<\/a><\/p>\n","protected":false},"excerpt":{"rendered":"<p>Votre don permet d&rsquo;apporter les technologies d&rsquo;IA et de m\u00e9tavers les plus modernes des secteurs de l&rsquo;entreprise et de l&rsquo;industrie dans les \u00e9coles professionnelles allemandes, o\u00f9 elles peuvent combler les lacunes de num\u00e9risation dont nous avons besoin de toute urgence et lutter contre la p\u00e9nurie de main-d&rsquo;\u0153uvre qualifi\u00e9e. Ces technologies, qui ont d\u00e9j\u00e0 fait leurs preuves dans l&rsquo;industrie, offrent un [&hellip;]<\/p>\n","protected":false},"author":3,"featured_media":0,"parent":0,"menu_order":0,"comment_status":"closed","ping_status":"closed","template":"","meta":{"_acf_changed":false,"_eb_attr":"","_EventAllDay":false,"_EventTimezone":"","_EventStartDate":"","_EventEndDate":"","_EventStartDateUTC":"","_EventEndDateUTC":"","_EventShowMap":false,"_EventShowMapLink":false,"_EventURL":"","_EventCost":"","_EventCostDescription":"","_EventCurrencySymbol":"","_EventCurrencyCode":"","_EventCurrencyPosition":"","_EventDateTimeSeparator":"","_EventTimeRangeSeparator":"","_EventOrganizerID":[],"_EventVenueID":[],"_OrganizerEmail":"","_OrganizerPhone":"","_OrganizerWebsite":"","_VenueAddress":"","_VenueCity":"","_VenueCountry":"","_VenueProvince":"","_VenueState":"","_VenueZip":"","_VenuePhone":"","_VenueURL":"","_VenueStateProvince":"","_VenueLat":"","_VenueLng":"","_VenueShowMap":false,"_VenueShowMapLink":false,"footnotes":""},"class_list":["post-3010","page","type-page","status-publish","hentry"],"acf":[],"yoast_head":"<!-- This site is optimized with the Yoast SEO plugin v26.8 - https:\/\/yoast.com\/product\/yoast-seo-wordpress\/ -->\n<title>Une \u00e9ducation \u00e0 l&#039;\u00e9preuve du temps : Faites entrer les \u00e9coles professionnelles dans le Metaverse gr\u00e2ce \u00e0 vos dons - Foundation Metaverse Europe<\/title>\n<meta name=\"robots\" content=\"index, follow, max-snippet:-1, max-image-preview:large, max-video-preview:-1\" \/>\n<link rel=\"canonical\" href=\"https:\/\/foundationmetaverse.eu\/fr\/une-education-a-lepreuve-du-temps-faites-entrer-les-ecoles-professionnelles-dans-le-metaverse-grace-a-vos-dons\" \/>\n<meta property=\"og:locale\" content=\"fr_FR\" \/>\n<meta property=\"og:type\" content=\"article\" \/>\n<meta property=\"og:title\" content=\"Une \u00e9ducation \u00e0 l&#039;\u00e9preuve du temps : Faites entrer les \u00e9coles professionnelles dans le Metaverse gr\u00e2ce \u00e0 vos dons - Foundation Metaverse Europe\" \/>\n<meta property=\"og:description\" content=\"Votre don permet d&rsquo;apporter les technologies d&rsquo;IA et de m\u00e9tavers les plus modernes des secteurs de l&rsquo;entreprise et de l&rsquo;industrie dans les \u00e9coles professionnelles allemandes, o\u00f9 elles peuvent combler les lacunes de num\u00e9risation dont nous avons besoin de toute urgence et lutter contre la p\u00e9nurie de main-d&rsquo;\u0153uvre qualifi\u00e9e. Ces technologies, qui ont d\u00e9j\u00e0 fait leurs preuves dans l&rsquo;industrie, offrent un [&hellip;]\" \/>\n<meta property=\"og:url\" content=\"https:\/\/foundationmetaverse.eu\/fr\/une-education-a-lepreuve-du-temps-faites-entrer-les-ecoles-professionnelles-dans-le-metaverse-grace-a-vos-dons\" \/>\n<meta property=\"og:site_name\" content=\"Foundation Metaverse Europe\" \/>\n<meta property=\"article:modified_time\" content=\"2024-09-03T07:36:02+00:00\" \/>\n<meta property=\"og:image\" content=\"https:\/\/foundationmetaverse.eu\/wp-content\/uploads\/2024\/08\/logo-bvlb.png\" \/>\n<meta name=\"twitter:card\" content=\"summary_large_image\" \/>\n<meta name=\"twitter:label1\" content=\"Dur\u00e9e de lecture estim\u00e9e\" \/>\n\t<meta name=\"twitter:data1\" content=\"2 minutes\" \/>\n<script type=\"application\/ld+json\" class=\"yoast-schema-graph\">{\"@context\":\"https:\/\/schema.org\",\"@graph\":[{\"@type\":\"WebPage\",\"@id\":\"https:\/\/foundationmetaverse.eu\/fr\/une-education-a-lepreuve-du-temps-faites-entrer-les-ecoles-professionnelles-dans-le-metaverse-grace-a-vos-dons\",\"url\":\"https:\/\/foundationmetaverse.eu\/fr\/une-education-a-lepreuve-du-temps-faites-entrer-les-ecoles-professionnelles-dans-le-metaverse-grace-a-vos-dons\",\"name\":\"Une \u00e9ducation \u00e0 l'\u00e9preuve du temps : Faites entrer les \u00e9coles professionnelles dans le Metaverse gr\u00e2ce \u00e0 vos dons - Foundation Metaverse Europe\",\"isPartOf\":{\"@id\":\"https:\/\/foundationmetaverse.eu\/fr#website\"},\"primaryImageOfPage\":{\"@id\":\"https:\/\/foundationmetaverse.eu\/fr\/une-education-a-lepreuve-du-temps-faites-entrer-les-ecoles-professionnelles-dans-le-metaverse-grace-a-vos-dons#primaryimage\"},\"image\":{\"@id\":\"https:\/\/foundationmetaverse.eu\/fr\/une-education-a-lepreuve-du-temps-faites-entrer-les-ecoles-professionnelles-dans-le-metaverse-grace-a-vos-dons#primaryimage\"},\"thumbnailUrl\":\"https:\/\/foundationmetaverse.eu\/wp-content\/uploads\/2024\/08\/logo-bvlb.png\",\"datePublished\":\"2024-08-25T11:47:36+00:00\",\"dateModified\":\"2024-09-03T07:36:02+00:00\",\"breadcrumb\":{\"@id\":\"https:\/\/foundationmetaverse.eu\/fr\/une-education-a-lepreuve-du-temps-faites-entrer-les-ecoles-professionnelles-dans-le-metaverse-grace-a-vos-dons#breadcrumb\"},\"inLanguage\":\"fr-FR\",\"potentialAction\":[{\"@type\":\"ReadAction\",\"target\":[\"https:\/\/foundationmetaverse.eu\/fr\/une-education-a-lepreuve-du-temps-faites-entrer-les-ecoles-professionnelles-dans-le-metaverse-grace-a-vos-dons\"]}]},{\"@type\":\"ImageObject\",\"inLanguage\":\"fr-FR\",\"@id\":\"https:\/\/foundationmetaverse.eu\/fr\/une-education-a-lepreuve-du-temps-faites-entrer-les-ecoles-professionnelles-dans-le-metaverse-grace-a-vos-dons#primaryimage\",\"url\":\"https:\/\/foundationmetaverse.eu\/wp-content\/uploads\/2024\/08\/logo-bvlb.png\",\"contentUrl\":\"https:\/\/foundationmetaverse.eu\/wp-content\/uploads\/2024\/08\/logo-bvlb.png\"},{\"@type\":\"BreadcrumbList\",\"@id\":\"https:\/\/foundationmetaverse.eu\/fr\/une-education-a-lepreuve-du-temps-faites-entrer-les-ecoles-professionnelles-dans-le-metaverse-grace-a-vos-dons#breadcrumb\",\"itemListElement\":[{\"@type\":\"ListItem\",\"position\":1,\"name\":\"Startseite\",\"item\":\"https:\/\/foundationmetaverse.eu\/fr\"},{\"@type\":\"ListItem\",\"position\":2,\"name\":\"Une \u00e9ducation \u00e0 l&#8217;\u00e9preuve du temps : Faites entrer les \u00e9coles professionnelles dans le Metaverse gr\u00e2ce \u00e0 vos dons\"}]},{\"@type\":\"WebSite\",\"@id\":\"https:\/\/foundationmetaverse.eu\/fr#website\",\"url\":\"https:\/\/foundationmetaverse.eu\/fr\",\"name\":\"Foundation Metaverse Europe\",\"description\":\"We anchor European values in the mind and heart of the Metaverse.\",\"publisher\":{\"@id\":\"https:\/\/foundationmetaverse.eu\/fr#organization\"},\"potentialAction\":[{\"@type\":\"SearchAction\",\"target\":{\"@type\":\"EntryPoint\",\"urlTemplate\":\"https:\/\/foundationmetaverse.eu\/fr?s={search_term_string}\"},\"query-input\":{\"@type\":\"PropertyValueSpecification\",\"valueRequired\":true,\"valueName\":\"search_term_string\"}}],\"inLanguage\":\"fr-FR\"},{\"@type\":\"Organization\",\"@id\":\"https:\/\/foundationmetaverse.eu\/fr#organization\",\"name\":\"Foundation Metaverse Europe\",\"url\":\"https:\/\/foundationmetaverse.eu\/fr\",\"logo\":{\"@type\":\"ImageObject\",\"inLanguage\":\"fr-FR\",\"@id\":\"https:\/\/foundationmetaverse.eu\/fr#\/schema\/logo\/image\/\",\"url\":\"https:\/\/foundationmetaverse.eu\/wp-content\/uploads\/2022\/04\/FME_Logo_AllBlack_Small.png\",\"contentUrl\":\"https:\/\/foundationmetaverse.eu\/wp-content\/uploads\/2022\/04\/FME_Logo_AllBlack_Small.png\",\"width\":600,\"height\":262,\"caption\":\"Foundation Metaverse Europe\"},\"image\":{\"@id\":\"https:\/\/foundationmetaverse.eu\/fr#\/schema\/logo\/image\/\"},\"sameAs\":[\"https:\/\/www.linkedin.com\/company\/foundation-metaverse-europe\/\"]}]}<\/script>\n<!-- \/ Yoast SEO plugin. -->","yoast_head_json":{"title":"Une \u00e9ducation \u00e0 l'\u00e9preuve du temps : Faites entrer les \u00e9coles professionnelles dans le Metaverse gr\u00e2ce \u00e0 vos dons - Foundation Metaverse Europe","robots":{"index":"index","follow":"follow","max-snippet":"max-snippet:-1","max-image-preview":"max-image-preview:large","max-video-preview":"max-video-preview:-1"},"canonical":"https:\/\/foundationmetaverse.eu\/fr\/une-education-a-lepreuve-du-temps-faites-entrer-les-ecoles-professionnelles-dans-le-metaverse-grace-a-vos-dons","og_locale":"fr_FR","og_type":"article","og_title":"Une \u00e9ducation \u00e0 l'\u00e9preuve du temps : Faites entrer les \u00e9coles professionnelles dans le Metaverse gr\u00e2ce \u00e0 vos dons - Foundation Metaverse Europe","og_description":"Votre don permet d&rsquo;apporter les technologies d&rsquo;IA et de m\u00e9tavers les plus modernes des secteurs de l&rsquo;entreprise et de l&rsquo;industrie dans les \u00e9coles professionnelles allemandes, o\u00f9 elles peuvent combler les lacunes de num\u00e9risation dont nous avons besoin de toute urgence et lutter contre la p\u00e9nurie de main-d&rsquo;\u0153uvre qualifi\u00e9e. Ces technologies, qui ont d\u00e9j\u00e0 fait leurs preuves dans l&rsquo;industrie, offrent un [&hellip;]","og_url":"https:\/\/foundationmetaverse.eu\/fr\/une-education-a-lepreuve-du-temps-faites-entrer-les-ecoles-professionnelles-dans-le-metaverse-grace-a-vos-dons","og_site_name":"Foundation Metaverse Europe","article_modified_time":"2024-09-03T07:36:02+00:00","og_image":[{"url":"https:\/\/foundationmetaverse.eu\/wp-content\/uploads\/2024\/08\/logo-bvlb.png","type":"","width":"","height":""}],"twitter_card":"summary_large_image","twitter_misc":{"Dur\u00e9e de lecture estim\u00e9e":"2 minutes"},"schema":{"@context":"https:\/\/schema.org","@graph":[{"@type":"WebPage","@id":"https:\/\/foundationmetaverse.eu\/fr\/une-education-a-lepreuve-du-temps-faites-entrer-les-ecoles-professionnelles-dans-le-metaverse-grace-a-vos-dons","url":"https:\/\/foundationmetaverse.eu\/fr\/une-education-a-lepreuve-du-temps-faites-entrer-les-ecoles-professionnelles-dans-le-metaverse-grace-a-vos-dons","name":"Une \u00e9ducation \u00e0 l'\u00e9preuve du temps : Faites entrer les \u00e9coles professionnelles dans le Metaverse gr\u00e2ce \u00e0 vos dons - Foundation Metaverse Europe","isPartOf":{"@id":"https:\/\/foundationmetaverse.eu\/fr#website"},"primaryImageOfPage":{"@id":"https:\/\/foundationmetaverse.eu\/fr\/une-education-a-lepreuve-du-temps-faites-entrer-les-ecoles-professionnelles-dans-le-metaverse-grace-a-vos-dons#primaryimage"},"image":{"@id":"https:\/\/foundationmetaverse.eu\/fr\/une-education-a-lepreuve-du-temps-faites-entrer-les-ecoles-professionnelles-dans-le-metaverse-grace-a-vos-dons#primaryimage"},"thumbnailUrl":"https:\/\/foundationmetaverse.eu\/wp-content\/uploads\/2024\/08\/logo-bvlb.png","datePublished":"2024-08-25T11:47:36+00:00","dateModified":"2024-09-03T07:36:02+00:00","breadcrumb":{"@id":"https:\/\/foundationmetaverse.eu\/fr\/une-education-a-lepreuve-du-temps-faites-entrer-les-ecoles-professionnelles-dans-le-metaverse-grace-a-vos-dons#breadcrumb"},"inLanguage":"fr-FR","potentialAction":[{"@type":"ReadAction","target":["https:\/\/foundationmetaverse.eu\/fr\/une-education-a-lepreuve-du-temps-faites-entrer-les-ecoles-professionnelles-dans-le-metaverse-grace-a-vos-dons"]}]},{"@type":"ImageObject","inLanguage":"fr-FR","@id":"https:\/\/foundationmetaverse.eu\/fr\/une-education-a-lepreuve-du-temps-faites-entrer-les-ecoles-professionnelles-dans-le-metaverse-grace-a-vos-dons#primaryimage","url":"https:\/\/foundationmetaverse.eu\/wp-content\/uploads\/2024\/08\/logo-bvlb.png","contentUrl":"https:\/\/foundationmetaverse.eu\/wp-content\/uploads\/2024\/08\/logo-bvlb.png"},{"@type":"BreadcrumbList","@id":"https:\/\/foundationmetaverse.eu\/fr\/une-education-a-lepreuve-du-temps-faites-entrer-les-ecoles-professionnelles-dans-le-metaverse-grace-a-vos-dons#breadcrumb","itemListElement":[{"@type":"ListItem","position":1,"name":"Startseite","item":"https:\/\/foundationmetaverse.eu\/fr"},{"@type":"ListItem","position":2,"name":"Une \u00e9ducation \u00e0 l&#8217;\u00e9preuve du temps : Faites entrer les \u00e9coles professionnelles dans le Metaverse gr\u00e2ce \u00e0 vos dons"}]},{"@type":"WebSite","@id":"https:\/\/foundationmetaverse.eu\/fr#website","url":"https:\/\/foundationmetaverse.eu\/fr","name":"Foundation Metaverse Europe","description":"We anchor European values in the mind and heart of the Metaverse.","publisher":{"@id":"https:\/\/foundationmetaverse.eu\/fr#organization"},"potentialAction":[{"@type":"SearchAction","target":{"@type":"EntryPoint","urlTemplate":"https:\/\/foundationmetaverse.eu\/fr?s={search_term_string}"},"query-input":{"@type":"PropertyValueSpecification","valueRequired":true,"valueName":"search_term_string"}}],"inLanguage":"fr-FR"},{"@type":"Organization","@id":"https:\/\/foundationmetaverse.eu\/fr#organization","name":"Foundation Metaverse Europe","url":"https:\/\/foundationmetaverse.eu\/fr","logo":{"@type":"ImageObject","inLanguage":"fr-FR","@id":"https:\/\/foundationmetaverse.eu\/fr#\/schema\/logo\/image\/","url":"https:\/\/foundationmetaverse.eu\/wp-content\/uploads\/2022\/04\/FME_Logo_AllBlack_Small.png","contentUrl":"https:\/\/foundationmetaverse.eu\/wp-content\/uploads\/2022\/04\/FME_Logo_AllBlack_Small.png","width":600,"height":262,"caption":"Foundation Metaverse Europe"},"image":{"@id":"https:\/\/foundationmetaverse.eu\/fr#\/schema\/logo\/image\/"},"sameAs":["https:\/\/www.linkedin.com\/company\/foundation-metaverse-europe\/"]}]}},"jetpack_sharing_enabled":true,"_links":{"self":[{"href":"https:\/\/foundationmetaverse.eu\/fr\/wp-json\/wp\/v2\/pages\/3010","targetHints":{"allow":["GET"]}}],"collection":[{"href":"https:\/\/foundationmetaverse.eu\/fr\/wp-json\/wp\/v2\/pages"}],"about":[{"href":"https:\/\/foundationmetaverse.eu\/fr\/wp-json\/wp\/v2\/types\/page"}],"author":[{"embeddable":true,"href":"https:\/\/foundationmetaverse.eu\/fr\/wp-json\/wp\/v2\/users\/3"}],"replies":[{"embeddable":true,"href":"https:\/\/foundationmetaverse.eu\/fr\/wp-json\/wp\/v2\/comments?post=3010"}],"version-history":[{"count":4,"href":"https:\/\/foundationmetaverse.eu\/fr\/wp-json\/wp\/v2\/pages\/3010\/revisions"}],"predecessor-version":[{"id":3150,"href":"https:\/\/foundationmetaverse.eu\/fr\/wp-json\/wp\/v2\/pages\/3010\/revisions\/3150"}],"wp:attachment":[{"href":"https:\/\/foundationmetaverse.eu\/fr\/wp-json\/wp\/v2\/media?parent=3010"}],"curies":[{"name":"wp","href":"https:\/\/api.w.org\/{rel}","templated":true}]}}