{"id":3026,"date":"2024-08-25T14:21:02","date_gmt":"2024-08-25T12:21:02","guid":{"rendered":"https:\/\/foundationmetaverse.eu\/la-haute-technologie-au-service-de-leducation-votre-don-fait-entrer-lavenir-dans-nos-salles-de-classe"},"modified":"2024-12-18T17:15:06","modified_gmt":"2024-12-18T16:15:06","slug":"la-haute-technologie-au-service-de-leducation-votre-don-fait-entrer-lavenir-dans-nos-salles-de-classe","status":"publish","type":"page","link":"https:\/\/foundationmetaverse.eu\/fr\/la-haute-technologie-au-service-de-leducation-votre-don-fait-entrer-lavenir-dans-nos-salles-de-classe","title":{"rendered":"La haute technologie au service de l&rsquo;\u00e9ducation : Votre don fait entrer l&rsquo;avenir dans nos salles de classe"},"content":{"rendered":"\n<div class=\"wp-block-columns is-layout-flex wp-container-core-columns-is-layout-1 wp-block-columns-is-layout-flex\">\n<div class=\"wp-block-column is-layout-flow wp-block-column-is-layout-flow\"><style>.wp-block-kadence-column.kb-section-dir-horizontal > .kt-inside-inner-col > .kt-info-box3015_a4760d-e7 .kt-blocks-info-box-link-wrap{max-width:unset;}.kt-info-box3015_a4760d-e7 .kt-blocks-info-box-link-wrap{padding-top:var(--global-kb-spacing-xs, 1rem);padding-right:var(--global-kb-spacing-xs, 1rem);padding-bottom:var(--global-kb-spacing-xs, 1rem);padding-left:var(--global-kb-spacing-xs, 1rem);}.kt-info-box3015_a4760d-e7.wp-block-kadence-infobox{max-width:100%;}.kt-info-box3015_a4760d-e7 .kadence-info-box-image-inner-intrisic-container{max-width:110px;}.kt-info-box3015_a4760d-e7 .kadence-info-box-image-inner-intrisic-container .kadence-info-box-image-intrisic{padding-bottom:50%;width:732px;height:0px;max-width:100%;}.kt-info-box3015_a4760d-e7 .kadence-info-box-icon-container .kt-info-svg-icon, .kt-info-box3015_a4760d-e7 .kt-info-svg-icon-flip, .kt-info-box3015_a4760d-e7 .kt-blocks-info-box-number{font-size:50px;}.kt-info-box3015_a4760d-e7 .kt-blocks-info-box-media{border-top-width:0px;border-right-width:0px;border-bottom-width:0px;border-left-width:0px;padding-top:10px;padding-right:10px;padding-bottom:10px;padding-left:10px;}.kt-info-box3015_a4760d-e7 .kt-blocks-info-box-media-container{margin-top:0px;margin-right:15px;margin-bottom:0px;margin-left:15px;}.kt-info-box3015_a4760d-e7 .kt-blocks-info-box-learnmore{background:transparent;border-width:0px 0px 0px 0px;padding-top:4px;padding-right:8px;padding-bottom:4px;padding-left:8px;margin-top:10px;margin-right:0px;margin-bottom:10px;margin-left:0px;}<\/style>\n<div class=\"wp-block-kadence-infobox kt-info-box3015_a4760d-e7\"><a class=\"kt-blocks-info-box-link-wrap info-box-link kt-blocks-info-box-media-align-top kt-info-halign-center\" target=\"_blank\" rel=\"noopener noreferrer\" href=\"https:\/\/www.vdr-bund.de\"><div class=\"kt-blocks-info-box-media-container\"><div class=\"kt-blocks-info-box-media kt-info-media-animate-none\"><div class=\"kadence-info-box-image-inner-intrisic-container\"><div class=\"kadence-info-box-image-intrisic kt-info-animate-none\"><div class=\"kadence-info-box-image-inner-intrisic\"><img fetchpriority=\"high\" decoding=\"async\" src=\"https:\/\/foundationmetaverse.eu\/wp-content\/uploads\/2024\/08\/vdr.jpg\" alt=\"\" width=\"732\" height=\"366\" class=\"kt-info-box-image wp-image-3094\" srcset=\"https:\/\/foundationmetaverse.eu\/wp-content\/uploads\/2024\/08\/vdr.jpg 732w, https:\/\/foundationmetaverse.eu\/wp-content\/uploads\/2024\/08\/vdr-300x150.jpg 300w\" sizes=\"(max-width: 732px) 100vw, 732px\" \/><\/div><\/div><\/div><\/div><\/div><div class=\"kt-infobox-textcontent\"><p class=\"kt-blocks-info-box-text\">En partenariat avec l&rsquo;Association allemande des professeurs de l&rsquo;enseignement secondaire (VDR)  <\/p><\/div><\/a><\/div>\n<\/div>\n\n\n\n<div class=\"wp-block-column is-layout-flow wp-block-column-is-layout-flow\"><style>.wp-block-kadence-column.kb-section-dir-horizontal > .kt-inside-inner-col > .kt-info-box3015_724351-97 .kt-blocks-info-box-link-wrap{max-width:unset;}.kt-info-box3015_724351-97 .kt-blocks-info-box-link-wrap{padding-top:var(--global-kb-spacing-xs, 1rem);padding-right:var(--global-kb-spacing-xs, 1rem);padding-bottom:var(--global-kb-spacing-xs, 1rem);padding-left:var(--global-kb-spacing-xs, 1rem);}.kt-info-box3015_724351-97.wp-block-kadence-infobox{max-width:100%;}.kt-info-box3015_724351-97 .kadence-info-box-image-inner-intrisic-container{max-width:110px;}.kt-info-box3015_724351-97 .kadence-info-box-image-inner-intrisic-container .kadence-info-box-image-intrisic{padding-bottom:61.1607%;width:448px;height:0px;max-width:100%;}.kt-info-box3015_724351-97 .kadence-info-box-icon-container .kt-info-svg-icon, .kt-info-box3015_724351-97 .kt-info-svg-icon-flip, .kt-info-box3015_724351-97 .kt-blocks-info-box-number{font-size:50px;}.kt-info-box3015_724351-97 .kt-blocks-info-box-media{border-top-width:0px;border-right-width:0px;border-bottom-width:0px;border-left-width:0px;padding-top:10px;padding-right:10px;padding-bottom:10px;padding-left:10px;}.kt-info-box3015_724351-97 .kt-blocks-info-box-media-container{margin-top:0px;margin-right:15px;margin-bottom:0px;margin-left:15px;}.kt-info-box3015_724351-97 .kt-blocks-info-box-learnmore{background:transparent;border-width:0px 0px 0px 0px;padding-top:4px;padding-right:8px;padding-bottom:4px;padding-left:8px;margin-top:10px;margin-right:0px;margin-bottom:10px;margin-left:0px;}<\/style>\n<div class=\"wp-block-kadence-infobox kt-info-box3015_724351-97\"><a class=\"kt-blocks-info-box-link-wrap info-box-link kt-blocks-info-box-media-align-top kt-info-halign-center\" target=\"_blank\" rel=\"noopener noreferrer\" href=\"https:\/\/www.vbe.de\"><div class=\"kt-blocks-info-box-media-container\"><div class=\"kt-blocks-info-box-media kt-info-media-animate-none\"><div class=\"kadence-info-box-image-inner-intrisic-container\"><div class=\"kadence-info-box-image-intrisic kt-info-animate-none\"><div class=\"kadence-info-box-image-inner-intrisic\"><img decoding=\"async\" src=\"https:\/\/foundationmetaverse.eu\/wp-content\/uploads\/2024\/09\/vbe.jpg\" alt=\"\" width=\"448\" height=\"274\" class=\"kt-info-box-image wp-image-3119\" srcset=\"https:\/\/foundationmetaverse.eu\/wp-content\/uploads\/2024\/09\/vbe.jpg 448w, https:\/\/foundationmetaverse.eu\/wp-content\/uploads\/2024\/09\/vbe-300x183.jpg 300w\" sizes=\"(max-width: 448px) 100vw, 448px\" \/><\/div><\/div><\/div><\/div><\/div><div class=\"kt-infobox-textcontent\"><p class=\"kt-blocks-info-box-text\">En partenariat avec VBE.\nVerband Bildung und Erziehung e.V. (association pour l&rsquo;\u00e9ducation) <\/p><\/div><\/a><\/div>\n<\/div>\n<\/div>\n\n<figure class=\"wp-block-image size-large\"><img decoding=\"async\" width=\"1024\" height=\"585\" src=\"https:\/\/foundationmetaverse.eu\/wp-content\/uploads\/2024\/08\/Schulen-Bildunsgmetaverse-Mainvisual-1024x585.jpg\" alt=\"\" class=\"wp-image-3006\" srcset=\"https:\/\/foundationmetaverse.eu\/wp-content\/uploads\/2024\/08\/Schulen-Bildunsgmetaverse-Mainvisual-1024x585.jpg 1024w, https:\/\/foundationmetaverse.eu\/wp-content\/uploads\/2024\/08\/Schulen-Bildunsgmetaverse-Mainvisual-300x171.jpg 300w, https:\/\/foundationmetaverse.eu\/wp-content\/uploads\/2024\/08\/Schulen-Bildunsgmetaverse-Mainvisual-768x439.jpg 768w, https:\/\/foundationmetaverse.eu\/wp-content\/uploads\/2024\/08\/Schulen-Bildunsgmetaverse-Mainvisual-1536x878.jpg 1536w, https:\/\/foundationmetaverse.eu\/wp-content\/uploads\/2024\/08\/Schulen-Bildunsgmetaverse-Mainvisual-2048x1170.jpg 2048w\" sizes=\"(max-width: 1024px) 100vw, 1024px\" \/><\/figure>\n\n<p>Votre don contribue de mani\u00e8re d\u00e9cisive \u00e0 faire progresser la num\u00e9risation dont les \u00e9coles et les lyc\u00e9es allemands ont un besoin urgent, en apportant les technologies d&rsquo;IA et de m\u00e9tavers les plus modernes du monde de l&rsquo;entreprise au secteur de l&rsquo;\u00e9ducation. Dans un syst\u00e8me \u00e9ducatif de plus en plus confront\u00e9 \u00e0 des m\u00e9thodes d&rsquo;enseignement d\u00e9pass\u00e9es et \u00e0 un manque d&rsquo;\u00e9quipement technique, notre projet cr\u00e9e des environnements d&rsquo;apprentissage innovants et pratiques qui peuvent r\u00e9volutionner l&rsquo;enseignement.  <\/p>\n\n<p>Nous sensibilisons les enseignants au potentiel de Metaverse, identifions des solutions adapt\u00e9es pour optimiser les processus d&rsquo;apprentissage et proposons des programmes cibl\u00e9s de \u00ab\u00a0formation des enseignants\u00a0\u00bb afin d&rsquo;am\u00e9liorer durablement la qualit\u00e9 de l&rsquo;enseignement. En faisant un don, vous contribuez non seulement \u00e0 la modernisation de l&rsquo;\u00e9ducation, mais aussi \u00e0 la promotion de toute une g\u00e9n\u00e9ration qui, gr\u00e2ce \u00e0 de meilleures opportunit\u00e9s \u00e9ducatives, pourra s&rsquo;affirmer dans un monde num\u00e9ris\u00e9. Ensemble, nous assurons la p\u00e9rennit\u00e9 de notre syst\u00e8me \u00e9ducatif et contribuons \u00e0 ce qu&rsquo;aucun \u00e9l\u00e8ve ne soit laiss\u00e9 pour compte en raison de d\u00e9ficits techniques dans le domaine de l&rsquo;\u00e9ducation.<\/p>\n<style>.wp-block-kadence-advancedbtn.kb-btns3015_482618-19{gap:var(--global-kb-gap-xs, 0.5rem );justify-content:center;align-items:center;}.kt-btns3015_482618-19 .kt-button{font-weight:normal;font-style:normal;}.kt-btns3015_482618-19 .kt-btn-wrap-0{margin-right:5px;}.wp-block-kadence-advancedbtn.kt-btns3015_482618-19 .kt-btn-wrap-0 .kt-button{color:#555555;border-color:#555555;}.wp-block-kadence-advancedbtn.kt-btns3015_482618-19 .kt-btn-wrap-0 .kt-button:hover, .wp-block-kadence-advancedbtn.kt-btns3015_482618-19 .kt-btn-wrap-0 .kt-button:focus{color:#ffffff;border-color:#444444;}.wp-block-kadence-advancedbtn.kt-btns3015_482618-19 .kt-btn-wrap-0 .kt-button::before{display:none;}.wp-block-kadence-advancedbtn.kt-btns3015_482618-19 .kt-btn-wrap-0 .kt-button:hover, .wp-block-kadence-advancedbtn.kt-btns3015_482618-19 .kt-btn-wrap-0 .kt-button:focus{background:#444444;}<\/style>\n<div class=\"wp-block-kadence-advancedbtn kb-buttons-wrap kb-btns3015_482618-19\"><style>ul.menu .wp-block-kadence-advancedbtn .kb-btn3015_10ed78-62.kb-button{width:initial;}.wp-block-kadence-advancedbtn .kb-btn3015_10ed78-62.kb-button{color:#ffffff;background:#0693e3 !important;}.wp-block-kadence-advancedbtn .kb-btn3015_10ed78-62.kb-button:hover, .wp-block-kadence-advancedbtn .kb-btn3015_10ed78-62.kb-button:focus{color:#8ed1fc;}.kb-btn3015_10ed78-62.kb-button::before{background:linear-gradient(135deg,rgb(6,147,227) 100%,rgb(142,209,252) 100%);-webkit-transition:opacity .3s ease-in-out;-moz-transition:opacity .3s ease-in-out;transition:opacity .3s ease-in-out;}<\/style><a class=\"kb-button kt-button button kb-btn3015_10ed78-62 kt-btn-size-xlarge kt-btn-width-type-auto kb-btn-global-fill  kt-btn-has-text-true kt-btn-has-svg-false  wp-block-kadence-singlebtn\" href=\"https:\/\/www.paypal.com\/donate\/?hosted_button_id=BD28URE9CWJ2J\" target=\"_blank\" rel=\"noreferrer noopener\"><span class=\"kt-btn-inner-text\"><strong>Faire un don maintenant<\/strong><\/span><\/a><\/div>\n\n<div style=\"height:32px\" aria-hidden=\"true\" class=\"wp-block-spacer\"><\/div>\n\n<p>Nous vous d\u00e9livrons un certificat de don \u00e0 partir d&rsquo;un don de plus de 200,00 euros. Veuillez nous envoyer le justificatif de paiement correspondant avec la mention \u00ab\u00a0attestation de don\u00a0\u00bb \u00e0 donations@foundationmetaverse.eu.<\/p>\n\n<p><strong>Le projet fait partie de l&rsquo;initiative Metaverse \u00e9ducation de la Fondation Metaverse Europe : <\/strong><a href=\"https:\/\/bildungsmetaverse.de\">https:\/\/bildungsmetaverse.de<\/a><\/p>\n","protected":false},"excerpt":{"rendered":"<p>Votre don contribue de mani\u00e8re d\u00e9cisive \u00e0 faire progresser la num\u00e9risation dont les \u00e9coles et les lyc\u00e9es allemands ont un besoin urgent, en apportant les technologies d&rsquo;IA et de m\u00e9tavers les plus modernes du monde de l&rsquo;entreprise au secteur de l&rsquo;\u00e9ducation. Dans un syst\u00e8me \u00e9ducatif de plus en plus confront\u00e9 \u00e0 des m\u00e9thodes d&rsquo;enseignement d\u00e9pass\u00e9es et \u00e0 un manque d&rsquo;\u00e9quipement [&hellip;]<\/p>\n","protected":false},"author":3,"featured_media":0,"parent":0,"menu_order":0,"comment_status":"closed","ping_status":"closed","template":"","meta":{"_acf_changed":false,"_eb_attr":"","_EventAllDay":false,"_EventTimezone":"","_EventStartDate":"","_EventEndDate":"","_EventStartDateUTC":"","_EventEndDateUTC":"","_EventShowMap":false,"_EventShowMapLink":false,"_EventURL":"","_EventCost":"","_EventCostDescription":"","_EventCurrencySymbol":"","_EventCurrencyCode":"","_EventCurrencyPosition":"","_EventDateTimeSeparator":"","_EventTimeRangeSeparator":"","_EventOrganizerID":[],"_EventVenueID":[],"_OrganizerEmail":"","_OrganizerPhone":"","_OrganizerWebsite":"","_VenueAddress":"","_VenueCity":"","_VenueCountry":"","_VenueProvince":"","_VenueState":"","_VenueZip":"","_VenuePhone":"","_VenueURL":"","_VenueStateProvince":"","_VenueLat":"","_VenueLng":"","_VenueShowMap":false,"_VenueShowMapLink":false,"footnotes":""},"class_list":["post-3026","page","type-page","status-publish","hentry"],"acf":[],"yoast_head":"<!-- This site is optimized with the Yoast SEO plugin v26.8 - https:\/\/yoast.com\/product\/yoast-seo-wordpress\/ -->\n<title>La haute technologie au service de l&#039;\u00e9ducation : Votre don fait entrer l&#039;avenir dans nos salles de classe - Foundation Metaverse Europe<\/title>\n<meta name=\"robots\" content=\"index, follow, max-snippet:-1, max-image-preview:large, max-video-preview:-1\" \/>\n<link rel=\"canonical\" href=\"https:\/\/foundationmetaverse.eu\/fr\/la-haute-technologie-au-service-de-leducation-votre-don-fait-entrer-lavenir-dans-nos-salles-de-classe\" \/>\n<meta property=\"og:locale\" content=\"fr_FR\" \/>\n<meta property=\"og:type\" content=\"article\" \/>\n<meta property=\"og:title\" content=\"La haute technologie au service de l&#039;\u00e9ducation : Votre don fait entrer l&#039;avenir dans nos salles de classe - Foundation Metaverse Europe\" \/>\n<meta property=\"og:description\" content=\"Votre don contribue de mani\u00e8re d\u00e9cisive \u00e0 faire progresser la num\u00e9risation dont les \u00e9coles et les lyc\u00e9es allemands ont un besoin urgent, en apportant les technologies d&rsquo;IA et de m\u00e9tavers les plus modernes du monde de l&rsquo;entreprise au secteur de l&rsquo;\u00e9ducation. Dans un syst\u00e8me \u00e9ducatif de plus en plus confront\u00e9 \u00e0 des m\u00e9thodes d&rsquo;enseignement d\u00e9pass\u00e9es et \u00e0 un manque d&rsquo;\u00e9quipement [&hellip;]\" \/>\n<meta property=\"og:url\" content=\"https:\/\/foundationmetaverse.eu\/fr\/la-haute-technologie-au-service-de-leducation-votre-don-fait-entrer-lavenir-dans-nos-salles-de-classe\" \/>\n<meta property=\"og:site_name\" content=\"Foundation Metaverse Europe\" \/>\n<meta property=\"article:modified_time\" content=\"2024-12-18T16:15:06+00:00\" \/>\n<meta property=\"og:image\" content=\"https:\/\/foundationmetaverse.eu\/wp-content\/uploads\/2024\/08\/vdr.jpg\" \/>\n\t<meta property=\"og:image:width\" content=\"732\" \/>\n\t<meta property=\"og:image:height\" content=\"366\" \/>\n\t<meta property=\"og:image:type\" content=\"image\/jpeg\" \/>\n<meta name=\"twitter:card\" content=\"summary_large_image\" \/>\n<meta name=\"twitter:label1\" content=\"Dur\u00e9e de lecture estim\u00e9e\" \/>\n\t<meta name=\"twitter:data1\" content=\"1 minute\" \/>\n<script type=\"application\/ld+json\" class=\"yoast-schema-graph\">{\"@context\":\"https:\/\/schema.org\",\"@graph\":[{\"@type\":\"WebPage\",\"@id\":\"https:\/\/foundationmetaverse.eu\/fr\/la-haute-technologie-au-service-de-leducation-votre-don-fait-entrer-lavenir-dans-nos-salles-de-classe\",\"url\":\"https:\/\/foundationmetaverse.eu\/fr\/la-haute-technologie-au-service-de-leducation-votre-don-fait-entrer-lavenir-dans-nos-salles-de-classe\",\"name\":\"La haute technologie au service de l'\u00e9ducation : Votre don fait entrer l'avenir dans nos salles de classe - Foundation Metaverse Europe\",\"isPartOf\":{\"@id\":\"https:\/\/foundationmetaverse.eu\/fr#website\"},\"primaryImageOfPage\":{\"@id\":\"https:\/\/foundationmetaverse.eu\/fr\/la-haute-technologie-au-service-de-leducation-votre-don-fait-entrer-lavenir-dans-nos-salles-de-classe#primaryimage\"},\"image\":{\"@id\":\"https:\/\/foundationmetaverse.eu\/fr\/la-haute-technologie-au-service-de-leducation-votre-don-fait-entrer-lavenir-dans-nos-salles-de-classe#primaryimage\"},\"thumbnailUrl\":\"https:\/\/foundationmetaverse.eu\/wp-content\/uploads\/2024\/08\/vdr.jpg\",\"datePublished\":\"2024-08-25T12:21:02+00:00\",\"dateModified\":\"2024-12-18T16:15:06+00:00\",\"breadcrumb\":{\"@id\":\"https:\/\/foundationmetaverse.eu\/fr\/la-haute-technologie-au-service-de-leducation-votre-don-fait-entrer-lavenir-dans-nos-salles-de-classe#breadcrumb\"},\"inLanguage\":\"fr-FR\",\"potentialAction\":[{\"@type\":\"ReadAction\",\"target\":[\"https:\/\/foundationmetaverse.eu\/fr\/la-haute-technologie-au-service-de-leducation-votre-don-fait-entrer-lavenir-dans-nos-salles-de-classe\"]}]},{\"@type\":\"ImageObject\",\"inLanguage\":\"fr-FR\",\"@id\":\"https:\/\/foundationmetaverse.eu\/fr\/la-haute-technologie-au-service-de-leducation-votre-don-fait-entrer-lavenir-dans-nos-salles-de-classe#primaryimage\",\"url\":\"https:\/\/foundationmetaverse.eu\/wp-content\/uploads\/2024\/08\/vdr.jpg\",\"contentUrl\":\"https:\/\/foundationmetaverse.eu\/wp-content\/uploads\/2024\/08\/vdr.jpg\"},{\"@type\":\"BreadcrumbList\",\"@id\":\"https:\/\/foundationmetaverse.eu\/fr\/la-haute-technologie-au-service-de-leducation-votre-don-fait-entrer-lavenir-dans-nos-salles-de-classe#breadcrumb\",\"itemListElement\":[{\"@type\":\"ListItem\",\"position\":1,\"name\":\"Startseite\",\"item\":\"https:\/\/foundationmetaverse.eu\/fr\"},{\"@type\":\"ListItem\",\"position\":2,\"name\":\"La haute technologie au service de l&#8217;\u00e9ducation : Votre don fait entrer l&#8217;avenir dans nos salles de classe\"}]},{\"@type\":\"WebSite\",\"@id\":\"https:\/\/foundationmetaverse.eu\/fr#website\",\"url\":\"https:\/\/foundationmetaverse.eu\/fr\",\"name\":\"Foundation Metaverse Europe\",\"description\":\"We anchor European values in the mind and heart of the Metaverse.\",\"publisher\":{\"@id\":\"https:\/\/foundationmetaverse.eu\/fr#organization\"},\"potentialAction\":[{\"@type\":\"SearchAction\",\"target\":{\"@type\":\"EntryPoint\",\"urlTemplate\":\"https:\/\/foundationmetaverse.eu\/fr?s={search_term_string}\"},\"query-input\":{\"@type\":\"PropertyValueSpecification\",\"valueRequired\":true,\"valueName\":\"search_term_string\"}}],\"inLanguage\":\"fr-FR\"},{\"@type\":\"Organization\",\"@id\":\"https:\/\/foundationmetaverse.eu\/fr#organization\",\"name\":\"Foundation Metaverse Europe\",\"url\":\"https:\/\/foundationmetaverse.eu\/fr\",\"logo\":{\"@type\":\"ImageObject\",\"inLanguage\":\"fr-FR\",\"@id\":\"https:\/\/foundationmetaverse.eu\/fr#\/schema\/logo\/image\/\",\"url\":\"https:\/\/foundationmetaverse.eu\/wp-content\/uploads\/2022\/04\/FME_Logo_AllBlack_Small.png\",\"contentUrl\":\"https:\/\/foundationmetaverse.eu\/wp-content\/uploads\/2022\/04\/FME_Logo_AllBlack_Small.png\",\"width\":600,\"height\":262,\"caption\":\"Foundation Metaverse Europe\"},\"image\":{\"@id\":\"https:\/\/foundationmetaverse.eu\/fr#\/schema\/logo\/image\/\"},\"sameAs\":[\"https:\/\/www.linkedin.com\/company\/foundation-metaverse-europe\/\"]}]}<\/script>\n<!-- \/ Yoast SEO plugin. -->","yoast_head_json":{"title":"La haute technologie au service de l'\u00e9ducation : Votre don fait entrer l'avenir dans nos salles de classe - Foundation Metaverse Europe","robots":{"index":"index","follow":"follow","max-snippet":"max-snippet:-1","max-image-preview":"max-image-preview:large","max-video-preview":"max-video-preview:-1"},"canonical":"https:\/\/foundationmetaverse.eu\/fr\/la-haute-technologie-au-service-de-leducation-votre-don-fait-entrer-lavenir-dans-nos-salles-de-classe","og_locale":"fr_FR","og_type":"article","og_title":"La haute technologie au service de l'\u00e9ducation : Votre don fait entrer l'avenir dans nos salles de classe - Foundation Metaverse Europe","og_description":"Votre don contribue de mani\u00e8re d\u00e9cisive \u00e0 faire progresser la num\u00e9risation dont les \u00e9coles et les lyc\u00e9es allemands ont un besoin urgent, en apportant les technologies d&rsquo;IA et de m\u00e9tavers les plus modernes du monde de l&rsquo;entreprise au secteur de l&rsquo;\u00e9ducation. Dans un syst\u00e8me \u00e9ducatif de plus en plus confront\u00e9 \u00e0 des m\u00e9thodes d&rsquo;enseignement d\u00e9pass\u00e9es et \u00e0 un manque d&rsquo;\u00e9quipement [&hellip;]","og_url":"https:\/\/foundationmetaverse.eu\/fr\/la-haute-technologie-au-service-de-leducation-votre-don-fait-entrer-lavenir-dans-nos-salles-de-classe","og_site_name":"Foundation Metaverse Europe","article_modified_time":"2024-12-18T16:15:06+00:00","og_image":[{"width":732,"height":366,"url":"https:\/\/foundationmetaverse.eu\/wp-content\/uploads\/2024\/08\/vdr.jpg","type":"image\/jpeg"}],"twitter_card":"summary_large_image","twitter_misc":{"Dur\u00e9e de lecture estim\u00e9e":"1 minute"},"schema":{"@context":"https:\/\/schema.org","@graph":[{"@type":"WebPage","@id":"https:\/\/foundationmetaverse.eu\/fr\/la-haute-technologie-au-service-de-leducation-votre-don-fait-entrer-lavenir-dans-nos-salles-de-classe","url":"https:\/\/foundationmetaverse.eu\/fr\/la-haute-technologie-au-service-de-leducation-votre-don-fait-entrer-lavenir-dans-nos-salles-de-classe","name":"La haute technologie au service de l'\u00e9ducation : Votre don fait entrer l'avenir dans nos salles de classe - Foundation Metaverse Europe","isPartOf":{"@id":"https:\/\/foundationmetaverse.eu\/fr#website"},"primaryImageOfPage":{"@id":"https:\/\/foundationmetaverse.eu\/fr\/la-haute-technologie-au-service-de-leducation-votre-don-fait-entrer-lavenir-dans-nos-salles-de-classe#primaryimage"},"image":{"@id":"https:\/\/foundationmetaverse.eu\/fr\/la-haute-technologie-au-service-de-leducation-votre-don-fait-entrer-lavenir-dans-nos-salles-de-classe#primaryimage"},"thumbnailUrl":"https:\/\/foundationmetaverse.eu\/wp-content\/uploads\/2024\/08\/vdr.jpg","datePublished":"2024-08-25T12:21:02+00:00","dateModified":"2024-12-18T16:15:06+00:00","breadcrumb":{"@id":"https:\/\/foundationmetaverse.eu\/fr\/la-haute-technologie-au-service-de-leducation-votre-don-fait-entrer-lavenir-dans-nos-salles-de-classe#breadcrumb"},"inLanguage":"fr-FR","potentialAction":[{"@type":"ReadAction","target":["https:\/\/foundationmetaverse.eu\/fr\/la-haute-technologie-au-service-de-leducation-votre-don-fait-entrer-lavenir-dans-nos-salles-de-classe"]}]},{"@type":"ImageObject","inLanguage":"fr-FR","@id":"https:\/\/foundationmetaverse.eu\/fr\/la-haute-technologie-au-service-de-leducation-votre-don-fait-entrer-lavenir-dans-nos-salles-de-classe#primaryimage","url":"https:\/\/foundationmetaverse.eu\/wp-content\/uploads\/2024\/08\/vdr.jpg","contentUrl":"https:\/\/foundationmetaverse.eu\/wp-content\/uploads\/2024\/08\/vdr.jpg"},{"@type":"BreadcrumbList","@id":"https:\/\/foundationmetaverse.eu\/fr\/la-haute-technologie-au-service-de-leducation-votre-don-fait-entrer-lavenir-dans-nos-salles-de-classe#breadcrumb","itemListElement":[{"@type":"ListItem","position":1,"name":"Startseite","item":"https:\/\/foundationmetaverse.eu\/fr"},{"@type":"ListItem","position":2,"name":"La haute technologie au service de l&#8217;\u00e9ducation : Votre don fait entrer l&#8217;avenir dans nos salles de classe"}]},{"@type":"WebSite","@id":"https:\/\/foundationmetaverse.eu\/fr#website","url":"https:\/\/foundationmetaverse.eu\/fr","name":"Foundation Metaverse Europe","description":"We anchor European values in the mind and heart of the Metaverse.","publisher":{"@id":"https:\/\/foundationmetaverse.eu\/fr#organization"},"potentialAction":[{"@type":"SearchAction","target":{"@type":"EntryPoint","urlTemplate":"https:\/\/foundationmetaverse.eu\/fr?s={search_term_string}"},"query-input":{"@type":"PropertyValueSpecification","valueRequired":true,"valueName":"search_term_string"}}],"inLanguage":"fr-FR"},{"@type":"Organization","@id":"https:\/\/foundationmetaverse.eu\/fr#organization","name":"Foundation Metaverse Europe","url":"https:\/\/foundationmetaverse.eu\/fr","logo":{"@type":"ImageObject","inLanguage":"fr-FR","@id":"https:\/\/foundationmetaverse.eu\/fr#\/schema\/logo\/image\/","url":"https:\/\/foundationmetaverse.eu\/wp-content\/uploads\/2022\/04\/FME_Logo_AllBlack_Small.png","contentUrl":"https:\/\/foundationmetaverse.eu\/wp-content\/uploads\/2022\/04\/FME_Logo_AllBlack_Small.png","width":600,"height":262,"caption":"Foundation Metaverse Europe"},"image":{"@id":"https:\/\/foundationmetaverse.eu\/fr#\/schema\/logo\/image\/"},"sameAs":["https:\/\/www.linkedin.com\/company\/foundation-metaverse-europe\/"]}]}},"jetpack_sharing_enabled":true,"_links":{"self":[{"href":"https:\/\/foundationmetaverse.eu\/fr\/wp-json\/wp\/v2\/pages\/3026","targetHints":{"allow":["GET"]}}],"collection":[{"href":"https:\/\/foundationmetaverse.eu\/fr\/wp-json\/wp\/v2\/pages"}],"about":[{"href":"https:\/\/foundationmetaverse.eu\/fr\/wp-json\/wp\/v2\/types\/page"}],"author":[{"embeddable":true,"href":"https:\/\/foundationmetaverse.eu\/fr\/wp-json\/wp\/v2\/users\/3"}],"replies":[{"embeddable":true,"href":"https:\/\/foundationmetaverse.eu\/fr\/wp-json\/wp\/v2\/comments?post=3026"}],"version-history":[{"count":10,"href":"https:\/\/foundationmetaverse.eu\/fr\/wp-json\/wp\/v2\/pages\/3026\/revisions"}],"predecessor-version":[{"id":4434,"href":"https:\/\/foundationmetaverse.eu\/fr\/wp-json\/wp\/v2\/pages\/3026\/revisions\/4434"}],"wp:attachment":[{"href":"https:\/\/foundationmetaverse.eu\/fr\/wp-json\/wp\/v2\/media?parent=3026"}],"curies":[{"name":"wp","href":"https:\/\/api.w.org\/{rel}","templated":true}]}}