{"id":5759,"date":"2025-04-10T18:20:32","date_gmt":"2025-04-10T16:20:32","guid":{"rendered":"https:\/\/foundationmetaverse.eu\/aim-ethix-impact-field-trips"},"modified":"2025-04-16T17:47:04","modified_gmt":"2025-04-16T15:47:04","slug":"aim-ethix-impact-field-trips","status":"publish","type":"page","link":"https:\/\/foundationmetaverse.eu\/fr\/aim-ethix-impact-field-trips","title":{"rendered":"Impact Field Trips"},"content":{"rendered":"\n<div class=\"wp-block-media-text is-stacked-on-mobile\"><figure class=\"wp-block-media-text__media\"><img fetchpriority=\"high\" decoding=\"async\" width=\"1024\" height=\"729\" src=\"https:\/\/foundationmetaverse.eu\/wp-content\/uploads\/2025\/04\/Impact-Field-Trips-1024x729.jpeg\" alt=\"\" class=\"wp-image-5983 size-full\" srcset=\"https:\/\/foundationmetaverse.eu\/wp-content\/uploads\/2025\/04\/Impact-Field-Trips-1024x729.jpeg 1024w, https:\/\/foundationmetaverse.eu\/wp-content\/uploads\/2025\/04\/Impact-Field-Trips-300x214.jpeg 300w, https:\/\/foundationmetaverse.eu\/wp-content\/uploads\/2025\/04\/Impact-Field-Trips-768x547.jpeg 768w, https:\/\/foundationmetaverse.eu\/wp-content\/uploads\/2025\/04\/Impact-Field-Trips-1536x1093.jpeg 1536w, https:\/\/foundationmetaverse.eu\/wp-content\/uploads\/2025\/04\/Impact-Field-Trips-2048x1458.jpeg 2048w\" sizes=\"(max-width: 1024px) 100vw, 1024px\" \/><\/figure><div class=\"wp-block-media-text__content\">\n<h2 class=\"wp-block-heading\"><strong>Business First. Then: depth, direction, and meaningful growth. <\/strong><\/h2>\n\n\n\n<p>Nous enlevons le premier pas commercial vers de nouveaux march\u00e9s &#8211; et le compl\u00e9tons par une orientation, un r\u00e9seau et une profondeur pour un succ\u00e8s \u00e0 long terme avec attitude.<\/p>\n<\/div><\/div>\n\n\n\n<div style=\"height:29px\" aria-hidden=\"true\" class=\"wp-block-spacer\"><\/div>\n\n\n\n<div class=\"wp-block-group has-background\" style=\"background-color:#2c95ff\"><div class=\"wp-block-group__inner-container is-layout-constrained wp-block-group-is-layout-constrained\">\n<div class=\"wp-block-columns is-layout-flex wp-container-core-columns-is-layout-1 wp-block-columns-is-layout-flex\">\n<div class=\"wp-block-column is-layout-flow wp-block-column-is-layout-flow\">\n<p class=\"has-white-color has-text-color has-link-color wp-elements-56714ee0a78e30ff23ee2f2c3cba88e3\"><strong>Exp\u00e9rimenter, comprendre, relier &#8211; agir en entrepreneur avec attitude.<br><\/strong>Nos Impact Field Trips sont des voyages d&rsquo;apprentissage et de r\u00e9seautage organis\u00e9s pour les cadres, les fondateurs et les d\u00e9cideurs qui souhaitent p\u00e9n\u00e9trer les march\u00e9s internationaux de mani\u00e8re responsable.<\/p>\n\n\n\n<p class=\"has-white-color has-text-color has-link-color wp-elements-b82a7d311cfd5cd924898c79908fb43d\">Lors de rencontres avec des parties prenantes pertinentes du monde des affaires, de la politique et de la soci\u00e9t\u00e9 civile, nous ouvrons des espaces pour des aper\u00e7us strat\u00e9giques, des \u00e9changes sinc\u00e8res et de nouvelles perspectives. Quelle que soit la destination, l&rsquo;accent est mis sur le transfert de connaissances, de valeurs et d&rsquo;impact. <\/p>\n<\/div>\n\n\n\n<div class=\"wp-block-column is-layout-flow wp-block-column-is-layout-flow\">\n<p class=\"has-text-align-right has-white-color has-text-color has-link-color wp-elements-d46ae1a17b04fae6147fbf326ffeabd2\"><strong>Vous souhaitez que votre entreprise <br><\/strong><strong>cro\u00eetre \u00e0 l&rsquo;international &#8211; mais :<\/strong><\/p>\n\n\n\n<ul class=\"wp-block-list\">\n<li class=\"has-white-color has-text-color has-link-color wp-elements-ecf9d2ef111cf3518dd33f272598fcf7\">Vous vous demandez &nbsp;<strong>comment r\u00e9ussir une entr\u00e9e sur le march\u00e9 orient\u00e9e sur les valeurs et durable.<\/strong><\/li>\n\n\n\n<li class=\"has-white-color has-text-color has-link-color wp-elements-34f1c9d62868f47bccdaa13c8be9e823\"><strong>Ils n&rsquo;ont pas les bons contacts<\/strong> &nbsp; avec les d\u00e9cideurs, les investisseurs ou les r\u00e9seaux orient\u00e9s vers l&rsquo;impact.<\/li>\n\n\n\n<li class=\"has-white-color has-text-color has-link-color wp-elements-4111bd3e5b0f7c61c62a11924d24f266\">Ils ont besoin &nbsp;<strong>d&rsquo;acc\u00e9der \u00e0 des connaissances<\/strong> souvent dispers\u00e9es ou non accessibles au public &#8211; par exemple sur les r\u00e9glementations, les programmes de soutien ou les strat\u00e9gies d&rsquo;implantation.<\/li>\n\n\n\n<li class=\"has-white-color has-text-color has-link-color wp-elements-b348a4db35d7adb63548db921ea9eb0f\">Ils souhaitent&nbsp;<strong>un espace de r\u00e9flexion strat\u00e9gique &nbsp;<\/strong> en dehors des voyages d&rsquo;affaires standard ou des formats de distribution classiques.<\/li>\n\n\n\n<li class=\"has-white-color has-text-color has-link-color wp-elements-7991fe79c66672d11bddd9633699f53e\">Ils recherchent &nbsp;<strong>un format qui allie business et attitude, \u00e9change et communaut\u00e9<\/strong> &nbsp;<\/li>\n<\/ul>\n<\/div>\n<\/div>\n<\/div><\/div>\n\n\n\n<div style=\"height:53px\" aria-hidden=\"true\" class=\"wp-block-spacer\"><\/div>\n\n\n\n<h2 class=\"wp-block-heading\">Que se passe-t-il lors de nos Impact Field Trips ?<\/h2>\n\n\n\n<div style=\"height:20px\" aria-hidden=\"true\" class=\"wp-block-spacer\"><\/div>\n\n\n\n<p class=\"has-medium-font-size\"><strong>Nous associons un savoir-faire strat\u00e9gique \u00e0 un r\u00e9seautage bas\u00e9 sur des valeurs :<br><\/strong>Les participants obtiennent un aper\u00e7u approfondi des march\u00e9s internationaux, rencontrent des acteurs importants de l&rsquo;\u00e9conomie, de la politique et de l&rsquo;\u00e9cosyst\u00e8me d&rsquo;impact &#8211; et apprennent comment la croissance entrepreneuriale peut r\u00e9ussir \u00e0 l&rsquo;\u00e9chelle mondiale sans perdre sa propre attitude.<\/p>\n\n\n\n<h3 class=\"wp-block-heading\"><strong>Points forts du programme d&rsquo;un Impact Field Trip<\/strong><\/h3>\n\n\n\n<ul style=\"font-size:17px\" class=\"wp-block-list\">\n<li style=\"font-size:17px\"><strong>Acc\u00e8s aux d\u00e9cideurs pertinents <\/strong>: Nous rencontrons des acteurs et des institutions de premier plan qui jouent un r\u00f4le d\u00e9cisif dans la r\u00e9ussite d&rsquo;une entr\u00e9e responsable sur le march\u00e9, qu&rsquo;il s&rsquo;agisse de promoteurs \u00e9conomiques, de d\u00e9cideurs politiques ou d&rsquo;entrepreneurs innovants.<\/li>\n<\/ul>\n\n\n\n<ul style=\"font-size:17px\" class=\"wp-block-list\">\n<li style=\"font-size:17px\"><strong>D\u00e9veloppement \u00e9conomique strat\u00e9gies d&rsquo;implantation<br><\/strong>Aper\u00e7u du d\u00e9veloppement durable des sites, des programmes d&rsquo;investissement et des offres de soutien international pour les entreprises responsables.<\/li>\n<\/ul>\n\n\n\n<ul style=\"font-size:17px\" class=\"wp-block-list\">\n<li style=\"font-size:17px\"><strong>Policy Insights sur un pied d&rsquo;\u00e9galit\u00e9<br><\/strong>Dans le cadre d&rsquo;un \u00e9change avec des repr\u00e9sentants politiques, les participants obtiennent des informations actuelles sur les initiatives l\u00e9gislatives, les conditions-cadres r\u00e9glementaires et les perspectives strat\u00e9giques pour des mod\u00e8les commerciaux orient\u00e9s vers l&rsquo;avenir.<\/li>\n<\/ul>\n\n\n\n<ul style=\"font-size:17px\" class=\"wp-block-list\">\n<li style=\"font-size:17px\"><strong>Capital-risque Investissement d&rsquo;impact<br><\/strong>Visites de fonds de capital-risque de premier plan ax\u00e9s sur la technologie, l&rsquo;innovation et l&rsquo;impact &#8211; y compris des entretiens sur les strat\u00e9gies de financement, les attentes des investisseurs et les possibilit\u00e9s d&rsquo;acc\u00e8s international.<\/li>\n<\/ul>\n\n\n\n<ul style=\"font-size:17px\" class=\"wp-block-list\">\n<li style=\"font-size:17px\"><strong>R\u00e9seaux d&rsquo;experts pour un acc\u00e8s durable au march\u00e9<br><\/strong>Pr\u00e9sentation de r\u00e9seaux de partenaires curat\u00e9s avec une expertise en droit, fiscalit\u00e9, RH, douanes et strat\u00e9gies d&rsquo;entr\u00e9e sur le march\u00e9 international &#8211; pour un accompagnement structur\u00e9 lors de la mise en place d&rsquo;activit\u00e9s commerciales globales.<\/li>\n<\/ul>\n\n\n\n<ul style=\"font-size:17px\" class=\"wp-block-list\">\n<li style=\"font-size:17px\"><strong>Visites d&rsquo;entreprises ayant valeur d&rsquo;exemple<br><\/strong>Aper\u00e7u d&rsquo;entreprises innovantes et de hubs consid\u00e9r\u00e9s comme des pionniers en mati\u00e8re d&rsquo;entrepreneuriat responsable, de technologies durables ou d&rsquo;innovation sociale.<\/li>\n<\/ul>\n\n\n\n<ul style=\"font-size:17px\" class=\"wp-block-list\">\n<li style=\"font-size:17px\"><strong>\u00c9v\u00e9nements sectoriels &amp; moments communautaires<br><\/strong>Des \u00e9changes professionnels lors de conf\u00e9rences th\u00e9matiques ou d&rsquo;\u00e9v\u00e9nements professionnels locaux. Compl\u00e9t\u00e9s par des rencontres inspirantes, des temps forts culinaires et des liens culturels &#8211; authentiques, locaux et globaux \u00e0 la fois. <br><\/li>\n<\/ul>\n\n\n\n<div style=\"height:35px\" aria-hidden=\"true\" class=\"wp-block-spacer\"><\/div>\n\n\n\n<div class=\"wp-block-group has-white-color has-text-color has-background has-link-color wp-elements-e1fcea1f897c1b7727504cb014f01859\" style=\"background-color:#2c95ff\"><div class=\"wp-block-group__inner-container is-layout-constrained wp-block-group-is-layout-constrained\">\n<p class=\"has-white-color has-text-color has-background has-link-color has-medium-font-size wp-elements-788c7e038647a495aefc520c1c31b6a2\" style=\"background-color:#2c95ff\"><strong>Nos Impact Field Trips vous emm\u00e8nent sur le site<br>, l\u00e0 o\u00f9 l&rsquo;avenir se construit &#8211; avec un impact, pas seulement avec une intention.<br>Vous souhaitez postuler ? Contactez-nous. <\/strong><\/p>\n\n\n\n<div class=\"wp-block-group has-white-color has-text-color has-background has-link-color wp-elements-b7e34cda8660591ebdd0eb3e7b86bca3\" style=\"background-color:#2c95ff\"><div class=\"wp-block-group__inner-container is-layout-constrained wp-block-group-is-layout-constrained\">\n<!-- CentralStationCRM form \/\/ start -->\n<div id=\"cscrm_wf_57512b89-5147-43c5-90be-486bd637337f\" class=\"cscrm_webform_container\"><\/div><script src=\"https:\/\/external.centralstationcrm.net\/external\/web_forms\/57512b89-5147-43c5-90be-486bd637337f.js\" type=\"text\/javascript\"><\/script>\n<!-- CentralStationCRM form \/\/ end -->\n<\/div><\/div>\n<\/div><\/div>\n\n\n\n<div style=\"height:35px\" aria-hidden=\"true\" class=\"wp-block-spacer\"><\/div>\n\n\n\n<h2 class=\"wp-block-heading\">Une \u00e9ducation qui a de l&rsquo;impact &#8211; accessible \u00e0 tous<\/h2>\n\n\n\n<p style=\"font-size:17px\">Nos Field Trips s&rsquo;inscrivent dans une mission \u00e9ducative d&rsquo;utilit\u00e9 publique : les connaissances, les exp\u00e9riences et les enseignements tir\u00e9s des voyages sont syst\u00e9matiquement document\u00e9s, r\u00e9fl\u00e9chis et ensuite rendus publics &#8211; par exemple sous la forme de livres blancs, de formats d&rsquo;apprentissage num\u00e9riques ou de manifestations. <\/p>\n\n\n\n<p style=\"font-size:17px\">Il en r\u00e9sulte un pool de connaissances collectives qui ne profite pas seulement aux participants, mais qui renforce l&rsquo;ensemble de la communaut\u00e9 de l&rsquo;entrepreneuriat responsable.<\/p>\n\n\n\n<div style=\"height:35px\" aria-hidden=\"true\" class=\"wp-block-spacer\"><\/div>\n\n\n\n<h2 class=\"wp-block-heading\">Prochaines dates<\/h2>\n\n\n\n<p>7.10.25 &#8211; 10.10.25 : <a href=\"https:\/\/foundationmetaverse.eu\/event\/impact-field-trip-nach-london\">Impact Field Trip \u00e0 Londres<\/a> <\/p>\n\n\n\n<p>13.10.25 &#8211; 17.10.25 : <a href=\"https:\/\/foundationmetaverse.eu\/event\/impact-field-trip-nach-dubai\">Impact Field Trip \u00e0 Duba\u00ef<\/a><\/p>\n\n\n\n<p><\/p>\n","protected":false},"excerpt":{"rendered":"<p>Business First. Then: depth, direction, and meaningful growth. Nous enlevons le premier pas commercial vers de nouveaux march\u00e9s &#8211; et le compl\u00e9tons par une orientation, un r\u00e9seau et une profondeur pour un succ\u00e8s \u00e0 long terme avec attitude. Exp\u00e9rimenter, comprendre, relier &#8211; agir en entrepreneur avec attitude.Nos Impact Field Trips sont des voyages d&rsquo;apprentissage et de r\u00e9seautage organis\u00e9s pour les [&hellip;]<\/p>\n","protected":false},"author":3,"featured_media":0,"parent":0,"menu_order":0,"comment_status":"closed","ping_status":"closed","template":"","meta":{"_acf_changed":false,"_eb_attr":"","_EventAllDay":false,"_EventTimezone":"","_EventStartDate":"","_EventEndDate":"","_EventStartDateUTC":"","_EventEndDateUTC":"","_EventShowMap":false,"_EventShowMapLink":false,"_EventURL":"","_EventCost":"","_EventCostDescription":"","_EventCurrencySymbol":"","_EventCurrencyCode":"","_EventCurrencyPosition":"","_EventDateTimeSeparator":"","_EventTimeRangeSeparator":"","_EventOrganizerID":[],"_EventVenueID":[],"_OrganizerEmail":"","_OrganizerPhone":"","_OrganizerWebsite":"","_VenueAddress":"","_VenueCity":"","_VenueCountry":"","_VenueProvince":"","_VenueState":"","_VenueZip":"","_VenuePhone":"","_VenueURL":"","_VenueStateProvince":"","_VenueLat":"","_VenueLng":"","_VenueShowMap":false,"_VenueShowMapLink":false,"footnotes":""},"class_list":["post-5759","page","type-page","status-publish","hentry"],"acf":[],"yoast_head":"<!-- This site is optimized with the Yoast SEO plugin v26.8 - https:\/\/yoast.com\/product\/yoast-seo-wordpress\/ -->\n<title>Impact Field Trips - Foundation Metaverse Europe<\/title>\n<meta name=\"robots\" content=\"index, follow, max-snippet:-1, max-image-preview:large, max-video-preview:-1\" \/>\n<link rel=\"canonical\" href=\"https:\/\/foundationmetaverse.eu\/fr\/aim-ethix-impact-field-trips\" \/>\n<meta property=\"og:locale\" content=\"fr_FR\" \/>\n<meta property=\"og:type\" content=\"article\" \/>\n<meta property=\"og:title\" content=\"Impact Field Trips - Foundation Metaverse Europe\" \/>\n<meta property=\"og:description\" content=\"Business First. Then: depth, direction, and meaningful growth. Nous enlevons le premier pas commercial vers de nouveaux march\u00e9s &#8211; et le compl\u00e9tons par une orientation, un r\u00e9seau et une profondeur pour un succ\u00e8s \u00e0 long terme avec attitude. Exp\u00e9rimenter, comprendre, relier &#8211; agir en entrepreneur avec attitude.Nos Impact Field Trips sont des voyages d&rsquo;apprentissage et de r\u00e9seautage organis\u00e9s pour les [&hellip;]\" \/>\n<meta property=\"og:url\" content=\"https:\/\/foundationmetaverse.eu\/fr\/aim-ethix-impact-field-trips\" \/>\n<meta property=\"og:site_name\" content=\"Foundation Metaverse Europe\" \/>\n<meta property=\"article:modified_time\" content=\"2025-04-16T15:47:04+00:00\" \/>\n<meta property=\"og:image\" content=\"https:\/\/foundationmetaverse.eu\/wp-content\/uploads\/2025\/04\/Impact-Field-Trips-scaled.jpeg\" \/>\n\t<meta property=\"og:image:width\" content=\"2560\" \/>\n\t<meta property=\"og:image:height\" content=\"1822\" \/>\n\t<meta property=\"og:image:type\" content=\"image\/jpeg\" \/>\n<meta name=\"twitter:card\" content=\"summary_large_image\" \/>\n<meta name=\"twitter:label1\" content=\"Dur\u00e9e de lecture estim\u00e9e\" \/>\n\t<meta name=\"twitter:data1\" content=\"4 minutes\" \/>\n<script type=\"application\/ld+json\" class=\"yoast-schema-graph\">{\"@context\":\"https:\/\/schema.org\",\"@graph\":[{\"@type\":\"WebPage\",\"@id\":\"https:\/\/foundationmetaverse.eu\/fr\/aim-ethix-impact-field-trips\",\"url\":\"https:\/\/foundationmetaverse.eu\/fr\/aim-ethix-impact-field-trips\",\"name\":\"Impact Field Trips - Foundation Metaverse Europe\",\"isPartOf\":{\"@id\":\"https:\/\/foundationmetaverse.eu\/fr#website\"},\"primaryImageOfPage\":{\"@id\":\"https:\/\/foundationmetaverse.eu\/fr\/aim-ethix-impact-field-trips#primaryimage\"},\"image\":{\"@id\":\"https:\/\/foundationmetaverse.eu\/fr\/aim-ethix-impact-field-trips#primaryimage\"},\"thumbnailUrl\":\"https:\/\/foundationmetaverse.eu\/wp-content\/uploads\/2025\/04\/Impact-Field-Trips-1024x729.jpeg\",\"datePublished\":\"2025-04-10T16:20:32+00:00\",\"dateModified\":\"2025-04-16T15:47:04+00:00\",\"breadcrumb\":{\"@id\":\"https:\/\/foundationmetaverse.eu\/fr\/aim-ethix-impact-field-trips#breadcrumb\"},\"inLanguage\":\"fr-FR\",\"potentialAction\":[{\"@type\":\"ReadAction\",\"target\":[\"https:\/\/foundationmetaverse.eu\/fr\/aim-ethix-impact-field-trips\"]}]},{\"@type\":\"ImageObject\",\"inLanguage\":\"fr-FR\",\"@id\":\"https:\/\/foundationmetaverse.eu\/fr\/aim-ethix-impact-field-trips#primaryimage\",\"url\":\"https:\/\/foundationmetaverse.eu\/wp-content\/uploads\/2025\/04\/Impact-Field-Trips-1024x729.jpeg\",\"contentUrl\":\"https:\/\/foundationmetaverse.eu\/wp-content\/uploads\/2025\/04\/Impact-Field-Trips-1024x729.jpeg\"},{\"@type\":\"BreadcrumbList\",\"@id\":\"https:\/\/foundationmetaverse.eu\/fr\/aim-ethix-impact-field-trips#breadcrumb\",\"itemListElement\":[{\"@type\":\"ListItem\",\"position\":1,\"name\":\"Startseite\",\"item\":\"https:\/\/foundationmetaverse.eu\/fr\"},{\"@type\":\"ListItem\",\"position\":2,\"name\":\"Impact Field Trips\"}]},{\"@type\":\"WebSite\",\"@id\":\"https:\/\/foundationmetaverse.eu\/fr#website\",\"url\":\"https:\/\/foundationmetaverse.eu\/fr\",\"name\":\"Foundation Metaverse Europe\",\"description\":\"We anchor European values in the mind and heart of the Metaverse.\",\"publisher\":{\"@id\":\"https:\/\/foundationmetaverse.eu\/fr#organization\"},\"potentialAction\":[{\"@type\":\"SearchAction\",\"target\":{\"@type\":\"EntryPoint\",\"urlTemplate\":\"https:\/\/foundationmetaverse.eu\/fr?s={search_term_string}\"},\"query-input\":{\"@type\":\"PropertyValueSpecification\",\"valueRequired\":true,\"valueName\":\"search_term_string\"}}],\"inLanguage\":\"fr-FR\"},{\"@type\":\"Organization\",\"@id\":\"https:\/\/foundationmetaverse.eu\/fr#organization\",\"name\":\"Foundation Metaverse Europe\",\"url\":\"https:\/\/foundationmetaverse.eu\/fr\",\"logo\":{\"@type\":\"ImageObject\",\"inLanguage\":\"fr-FR\",\"@id\":\"https:\/\/foundationmetaverse.eu\/fr#\/schema\/logo\/image\/\",\"url\":\"https:\/\/foundationmetaverse.eu\/wp-content\/uploads\/2022\/04\/FME_Logo_AllBlack_Small.png\",\"contentUrl\":\"https:\/\/foundationmetaverse.eu\/wp-content\/uploads\/2022\/04\/FME_Logo_AllBlack_Small.png\",\"width\":600,\"height\":262,\"caption\":\"Foundation Metaverse Europe\"},\"image\":{\"@id\":\"https:\/\/foundationmetaverse.eu\/fr#\/schema\/logo\/image\/\"},\"sameAs\":[\"https:\/\/www.linkedin.com\/company\/foundation-metaverse-europe\/\"]}]}<\/script>\n<!-- \/ Yoast SEO plugin. -->","yoast_head_json":{"title":"Impact Field Trips - Foundation Metaverse Europe","robots":{"index":"index","follow":"follow","max-snippet":"max-snippet:-1","max-image-preview":"max-image-preview:large","max-video-preview":"max-video-preview:-1"},"canonical":"https:\/\/foundationmetaverse.eu\/fr\/aim-ethix-impact-field-trips","og_locale":"fr_FR","og_type":"article","og_title":"Impact Field Trips - Foundation Metaverse Europe","og_description":"Business First. Then: depth, direction, and meaningful growth. Nous enlevons le premier pas commercial vers de nouveaux march\u00e9s &#8211; et le compl\u00e9tons par une orientation, un r\u00e9seau et une profondeur pour un succ\u00e8s \u00e0 long terme avec attitude. Exp\u00e9rimenter, comprendre, relier &#8211; agir en entrepreneur avec attitude.Nos Impact Field Trips sont des voyages d&rsquo;apprentissage et de r\u00e9seautage organis\u00e9s pour les [&hellip;]","og_url":"https:\/\/foundationmetaverse.eu\/fr\/aim-ethix-impact-field-trips","og_site_name":"Foundation Metaverse Europe","article_modified_time":"2025-04-16T15:47:04+00:00","og_image":[{"width":2560,"height":1822,"url":"https:\/\/foundationmetaverse.eu\/wp-content\/uploads\/2025\/04\/Impact-Field-Trips-scaled.jpeg","type":"image\/jpeg"}],"twitter_card":"summary_large_image","twitter_misc":{"Dur\u00e9e de lecture estim\u00e9e":"4 minutes"},"schema":{"@context":"https:\/\/schema.org","@graph":[{"@type":"WebPage","@id":"https:\/\/foundationmetaverse.eu\/fr\/aim-ethix-impact-field-trips","url":"https:\/\/foundationmetaverse.eu\/fr\/aim-ethix-impact-field-trips","name":"Impact Field Trips - Foundation Metaverse Europe","isPartOf":{"@id":"https:\/\/foundationmetaverse.eu\/fr#website"},"primaryImageOfPage":{"@id":"https:\/\/foundationmetaverse.eu\/fr\/aim-ethix-impact-field-trips#primaryimage"},"image":{"@id":"https:\/\/foundationmetaverse.eu\/fr\/aim-ethix-impact-field-trips#primaryimage"},"thumbnailUrl":"https:\/\/foundationmetaverse.eu\/wp-content\/uploads\/2025\/04\/Impact-Field-Trips-1024x729.jpeg","datePublished":"2025-04-10T16:20:32+00:00","dateModified":"2025-04-16T15:47:04+00:00","breadcrumb":{"@id":"https:\/\/foundationmetaverse.eu\/fr\/aim-ethix-impact-field-trips#breadcrumb"},"inLanguage":"fr-FR","potentialAction":[{"@type":"ReadAction","target":["https:\/\/foundationmetaverse.eu\/fr\/aim-ethix-impact-field-trips"]}]},{"@type":"ImageObject","inLanguage":"fr-FR","@id":"https:\/\/foundationmetaverse.eu\/fr\/aim-ethix-impact-field-trips#primaryimage","url":"https:\/\/foundationmetaverse.eu\/wp-content\/uploads\/2025\/04\/Impact-Field-Trips-1024x729.jpeg","contentUrl":"https:\/\/foundationmetaverse.eu\/wp-content\/uploads\/2025\/04\/Impact-Field-Trips-1024x729.jpeg"},{"@type":"BreadcrumbList","@id":"https:\/\/foundationmetaverse.eu\/fr\/aim-ethix-impact-field-trips#breadcrumb","itemListElement":[{"@type":"ListItem","position":1,"name":"Startseite","item":"https:\/\/foundationmetaverse.eu\/fr"},{"@type":"ListItem","position":2,"name":"Impact Field Trips"}]},{"@type":"WebSite","@id":"https:\/\/foundationmetaverse.eu\/fr#website","url":"https:\/\/foundationmetaverse.eu\/fr","name":"Foundation Metaverse Europe","description":"We anchor European values in the mind and heart of the Metaverse.","publisher":{"@id":"https:\/\/foundationmetaverse.eu\/fr#organization"},"potentialAction":[{"@type":"SearchAction","target":{"@type":"EntryPoint","urlTemplate":"https:\/\/foundationmetaverse.eu\/fr?s={search_term_string}"},"query-input":{"@type":"PropertyValueSpecification","valueRequired":true,"valueName":"search_term_string"}}],"inLanguage":"fr-FR"},{"@type":"Organization","@id":"https:\/\/foundationmetaverse.eu\/fr#organization","name":"Foundation Metaverse Europe","url":"https:\/\/foundationmetaverse.eu\/fr","logo":{"@type":"ImageObject","inLanguage":"fr-FR","@id":"https:\/\/foundationmetaverse.eu\/fr#\/schema\/logo\/image\/","url":"https:\/\/foundationmetaverse.eu\/wp-content\/uploads\/2022\/04\/FME_Logo_AllBlack_Small.png","contentUrl":"https:\/\/foundationmetaverse.eu\/wp-content\/uploads\/2022\/04\/FME_Logo_AllBlack_Small.png","width":600,"height":262,"caption":"Foundation Metaverse Europe"},"image":{"@id":"https:\/\/foundationmetaverse.eu\/fr#\/schema\/logo\/image\/"},"sameAs":["https:\/\/www.linkedin.com\/company\/foundation-metaverse-europe\/"]}]}},"jetpack_sharing_enabled":true,"_links":{"self":[{"href":"https:\/\/foundationmetaverse.eu\/fr\/wp-json\/wp\/v2\/pages\/5759","targetHints":{"allow":["GET"]}}],"collection":[{"href":"https:\/\/foundationmetaverse.eu\/fr\/wp-json\/wp\/v2\/pages"}],"about":[{"href":"https:\/\/foundationmetaverse.eu\/fr\/wp-json\/wp\/v2\/types\/page"}],"author":[{"embeddable":true,"href":"https:\/\/foundationmetaverse.eu\/fr\/wp-json\/wp\/v2\/users\/3"}],"replies":[{"embeddable":true,"href":"https:\/\/foundationmetaverse.eu\/fr\/wp-json\/wp\/v2\/comments?post=5759"}],"version-history":[{"count":9,"href":"https:\/\/foundationmetaverse.eu\/fr\/wp-json\/wp\/v2\/pages\/5759\/revisions"}],"predecessor-version":[{"id":6036,"href":"https:\/\/foundationmetaverse.eu\/fr\/wp-json\/wp\/v2\/pages\/5759\/revisions\/6036"}],"wp:attachment":[{"href":"https:\/\/foundationmetaverse.eu\/fr\/wp-json\/wp\/v2\/media?parent=5759"}],"curies":[{"name":"wp","href":"https:\/\/api.w.org\/{rel}","templated":true}]}}