{"id":705,"date":"2022-03-04T15:00:37","date_gmt":"2022-03-04T14:00:37","guid":{"rendered":"https:\/\/foundationmetaverse.eu\/bienvenue-sur"},"modified":"2026-01-22T11:06:40","modified_gmt":"2026-01-22T10:06:40","slug":"bienvenue-sur","status":"publish","type":"page","link":"https:\/\/foundationmetaverse.eu\/fr","title":{"rendered":"Bienvenue sur"},"content":{"rendered":"\n<p><strong>La Fondation Metaverse Europe est une organisation \u00e0 but non lucratif qui met en r\u00e9seau des experts, des dirigeants et des leaders d&rsquo;opinion europ\u00e9ens afin de renforcer une soci\u00e9t\u00e9 adulte, libre et r\u00e9siliente \u00e0 l&rsquo;\u00e8re de Metaverse et de l&rsquo;intelligence artificielle.<\/strong><br\/>Nous travaillons ind\u00e9pendamment des groupes d&rsquo;int\u00e9r\u00eat et des partis politiques et nous nous engageons \u00e0 identifier les divisions sociales et politiques \u00e0 un stade pr\u00e9coce et \u00e0 les contrer avec d\u00e9termination.<\/p>\n\n<p><strong>Notre mission <\/strong><br\/>Nous fa\u00e7onnons l&rsquo;avenir technologique de mani\u00e8re \u00e0 ce que l&rsquo;\u00eatre humain reste au centre. Nous nous engageons \u00e0 ce que l&rsquo;intelligence artificielle et les espaces num\u00e9riques renforcent l&rsquo;identit\u00e9, l&rsquo;autonomie, la responsabilit\u00e9 et l&rsquo;int\u00e9grit\u00e9 int\u00e9rieure. Pour ce faire, nous associons l&rsquo;innovation technologique \u00e0 un leadership conscient, \u00e0 une r\u00e9flexion culturelle et \u00e0 une attitude \u00e9thique. Notre objectif est de maintenir la maturit\u00e9 humaine, le pouvoir d\u00e9mocratique et la souverainet\u00e9 europ\u00e9enne vivants, efficaces et viables \u00e0 l&rsquo;\u00e8re du num\u00e9rique.   <\/p>\n\n<h4 class=\"wp-block-heading\">L&rsquo;Europe \u00e0 un tournant : construire un avenir humain<\/h4>\n\n<p>Face \u00e0 de profonds bouleversements technologiques, \u00e0 des tensions g\u00e9opolitiques et \u00e0 des transformations soci\u00e9tales, l&rsquo;Europe est confront\u00e9e \u00e0 un choix d&rsquo;orientation fondamental. L&rsquo;intelligence artificielle, les espaces num\u00e9riques immersifs et les syst\u00e8mes automatis\u00e9s ne modifient pas seulement les march\u00e9s et les processus, mais aussi la perception, l&rsquo;identit\u00e9 et l&rsquo;orientation culturelle. <\/p>\n\n<p>Les mondes num\u00e9riques, dans lesquels les donn\u00e9es, les algorithmes et les r\u00e9cits fa\u00e7onnent la r\u00e9alit\u00e9, d\u00e9veloppent leur propre dynamique. Sans une conception consciente, il y a un risque de perte de contr\u00f4le, de manipulation et d&rsquo;ali\u00e9nation progressive de l&rsquo;homme de sa capacit\u00e9 de cr\u00e9ation. La responsabilit\u00e9 ne na\u00eet donc pas seulement de l&rsquo;utilisation de la technologie, mais aussi de sa conception, de l&rsquo;attitude du dirigeant et de la clart\u00e9 int\u00e9rieure.  <\/p>\n\n<p>C&rsquo;est le moment d&rsquo;ancrer l&rsquo;humain comme mesure du d\u00e9veloppement technologique et d&rsquo;engager activement la responsabilit\u00e9 culturelle, d\u00e9mocratique et \u00e9thique de l&rsquo;Europe dans l&rsquo;avenir num\u00e9rique.<\/p>\n\n<p>L&rsquo;avenir est d\u00e9j\u00e0 le pr\u00e9sent. Construisons-le de mani\u00e8re consciente et humaine. <\/p>\n","protected":false},"excerpt":{"rendered":"<p>La Fondation Metaverse Europe est une organisation \u00e0 but non lucratif qui met en r\u00e9seau des experts, des dirigeants et des leaders d&rsquo;opinion europ\u00e9ens afin de renforcer une soci\u00e9t\u00e9 adulte, libre et r\u00e9siliente \u00e0 l&rsquo;\u00e8re de Metaverse et de l&rsquo;intelligence artificielle.Nous travaillons ind\u00e9pendamment des groupes d&rsquo;int\u00e9r\u00eat et des partis politiques et nous nous engageons \u00e0 identifier les divisions sociales et [&hellip;]<\/p>\n","protected":false},"author":2,"featured_media":0,"parent":0,"menu_order":0,"comment_status":"closed","ping_status":"open","template":"","meta":{"_acf_changed":false,"_eb_attr":"","_EventAllDay":false,"_EventTimezone":"","_EventStartDate":"","_EventEndDate":"","_EventStartDateUTC":"","_EventEndDateUTC":"","_EventShowMap":false,"_EventShowMapLink":false,"_EventURL":"","_EventCost":"","_EventCostDescription":"","_EventCurrencySymbol":"","_EventCurrencyCode":"","_EventCurrencyPosition":"","_EventDateTimeSeparator":"","_EventTimeRangeSeparator":"","_EventOrganizerID":[],"_EventVenueID":[],"_OrganizerEmail":"","_OrganizerPhone":"","_OrganizerWebsite":"","_VenueAddress":"","_VenueCity":"","_VenueCountry":"","_VenueProvince":"","_VenueState":"","_VenueZip":"","_VenuePhone":"","_VenueURL":"","_VenueStateProvince":"","_VenueLat":"","_VenueLng":"","_VenueShowMap":false,"_VenueShowMapLink":false,"footnotes":""},"class_list":["post-705","page","type-page","status-publish","hentry"],"acf":[],"yoast_head":"<!-- This site is optimized with the Yoast SEO plugin v26.8 - https:\/\/yoast.com\/product\/yoast-seo-wordpress\/ -->\n<title>Bienvenue sur - Foundation Metaverse Europe<\/title>\n<meta name=\"robots\" content=\"index, follow, max-snippet:-1, max-image-preview:large, max-video-preview:-1\" \/>\n<link rel=\"canonical\" href=\"https:\/\/foundationmetaverse.eu\/fr\" \/>\n<meta property=\"og:locale\" content=\"fr_FR\" \/>\n<meta property=\"og:type\" content=\"article\" \/>\n<meta property=\"og:title\" content=\"Bienvenue sur - Foundation Metaverse Europe\" \/>\n<meta property=\"og:description\" content=\"La Fondation Metaverse Europe est une organisation \u00e0 but non lucratif qui met en r\u00e9seau des experts, des dirigeants et des leaders d&rsquo;opinion europ\u00e9ens afin de renforcer une soci\u00e9t\u00e9 adulte, libre et r\u00e9siliente \u00e0 l&rsquo;\u00e8re de Metaverse et de l&rsquo;intelligence artificielle.Nous travaillons ind\u00e9pendamment des groupes d&rsquo;int\u00e9r\u00eat et des partis politiques et nous nous engageons \u00e0 identifier les divisions sociales et [&hellip;]\" \/>\n<meta property=\"og:url\" content=\"https:\/\/foundationmetaverse.eu\/fr\" \/>\n<meta property=\"og:site_name\" content=\"Foundation Metaverse Europe\" \/>\n<meta property=\"article:modified_time\" content=\"2026-01-22T10:06:40+00:00\" \/>\n<meta name=\"twitter:card\" content=\"summary_large_image\" \/>\n<meta name=\"twitter:label1\" content=\"Dur\u00e9e de lecture estim\u00e9e\" \/>\n\t<meta name=\"twitter:data1\" content=\"2 minutes\" \/>\n<script type=\"application\/ld+json\" class=\"yoast-schema-graph\">{\"@context\":\"https:\/\/schema.org\",\"@graph\":[{\"@type\":\"WebPage\",\"@id\":\"https:\/\/foundationmetaverse.eu\/fr\",\"url\":\"https:\/\/foundationmetaverse.eu\/fr\",\"name\":\"Bienvenue sur - Foundation Metaverse Europe\",\"isPartOf\":{\"@id\":\"https:\/\/foundationmetaverse.eu\/fr#website\"},\"datePublished\":\"2022-03-04T14:00:37+00:00\",\"dateModified\":\"2026-01-22T10:06:40+00:00\",\"breadcrumb\":{\"@id\":\"https:\/\/foundationmetaverse.eu\/fr#breadcrumb\"},\"inLanguage\":\"fr-FR\",\"potentialAction\":[{\"@type\":\"ReadAction\",\"target\":[\"https:\/\/foundationmetaverse.eu\/fr\"]}]},{\"@type\":\"BreadcrumbList\",\"@id\":\"https:\/\/foundationmetaverse.eu\/fr#breadcrumb\",\"itemListElement\":[{\"@type\":\"ListItem\",\"position\":1,\"name\":\"Startseite\",\"item\":\"https:\/\/foundationmetaverse.eu\/fr\"},{\"@type\":\"ListItem\",\"position\":2,\"name\":\"Bienvenue sur\"}]},{\"@type\":\"WebSite\",\"@id\":\"https:\/\/foundationmetaverse.eu\/fr#website\",\"url\":\"https:\/\/foundationmetaverse.eu\/fr\",\"name\":\"Foundation Metaverse Europe\",\"description\":\"We anchor European values in the mind and heart of the Metaverse.\",\"publisher\":{\"@id\":\"https:\/\/foundationmetaverse.eu\/fr#organization\"},\"potentialAction\":[{\"@type\":\"SearchAction\",\"target\":{\"@type\":\"EntryPoint\",\"urlTemplate\":\"https:\/\/foundationmetaverse.eu\/fr?s={search_term_string}\"},\"query-input\":{\"@type\":\"PropertyValueSpecification\",\"valueRequired\":true,\"valueName\":\"search_term_string\"}}],\"inLanguage\":\"fr-FR\"},{\"@type\":\"Organization\",\"@id\":\"https:\/\/foundationmetaverse.eu\/fr#organization\",\"name\":\"Foundation Metaverse Europe\",\"url\":\"https:\/\/foundationmetaverse.eu\/fr\",\"logo\":{\"@type\":\"ImageObject\",\"inLanguage\":\"fr-FR\",\"@id\":\"https:\/\/foundationmetaverse.eu\/fr#\/schema\/logo\/image\/\",\"url\":\"https:\/\/foundationmetaverse.eu\/wp-content\/uploads\/2022\/04\/FME_Logo_AllBlack_Small.png\",\"contentUrl\":\"https:\/\/foundationmetaverse.eu\/wp-content\/uploads\/2022\/04\/FME_Logo_AllBlack_Small.png\",\"width\":600,\"height\":262,\"caption\":\"Foundation Metaverse Europe\"},\"image\":{\"@id\":\"https:\/\/foundationmetaverse.eu\/fr#\/schema\/logo\/image\/\"},\"sameAs\":[\"https:\/\/www.linkedin.com\/company\/foundation-metaverse-europe\/\"]}]}<\/script>\n<!-- \/ Yoast SEO plugin. -->","yoast_head_json":{"title":"Bienvenue sur - Foundation Metaverse Europe","robots":{"index":"index","follow":"follow","max-snippet":"max-snippet:-1","max-image-preview":"max-image-preview:large","max-video-preview":"max-video-preview:-1"},"canonical":"https:\/\/foundationmetaverse.eu\/fr","og_locale":"fr_FR","og_type":"article","og_title":"Bienvenue sur - Foundation Metaverse Europe","og_description":"La Fondation Metaverse Europe est une organisation \u00e0 but non lucratif qui met en r\u00e9seau des experts, des dirigeants et des leaders d&rsquo;opinion europ\u00e9ens afin de renforcer une soci\u00e9t\u00e9 adulte, libre et r\u00e9siliente \u00e0 l&rsquo;\u00e8re de Metaverse et de l&rsquo;intelligence artificielle.Nous travaillons ind\u00e9pendamment des groupes d&rsquo;int\u00e9r\u00eat et des partis politiques et nous nous engageons \u00e0 identifier les divisions sociales et [&hellip;]","og_url":"https:\/\/foundationmetaverse.eu\/fr","og_site_name":"Foundation Metaverse Europe","article_modified_time":"2026-01-22T10:06:40+00:00","twitter_card":"summary_large_image","twitter_misc":{"Dur\u00e9e de lecture estim\u00e9e":"2 minutes"},"schema":{"@context":"https:\/\/schema.org","@graph":[{"@type":"WebPage","@id":"https:\/\/foundationmetaverse.eu\/fr","url":"https:\/\/foundationmetaverse.eu\/fr","name":"Bienvenue sur - Foundation Metaverse Europe","isPartOf":{"@id":"https:\/\/foundationmetaverse.eu\/fr#website"},"datePublished":"2022-03-04T14:00:37+00:00","dateModified":"2026-01-22T10:06:40+00:00","breadcrumb":{"@id":"https:\/\/foundationmetaverse.eu\/fr#breadcrumb"},"inLanguage":"fr-FR","potentialAction":[{"@type":"ReadAction","target":["https:\/\/foundationmetaverse.eu\/fr"]}]},{"@type":"BreadcrumbList","@id":"https:\/\/foundationmetaverse.eu\/fr#breadcrumb","itemListElement":[{"@type":"ListItem","position":1,"name":"Startseite","item":"https:\/\/foundationmetaverse.eu\/fr"},{"@type":"ListItem","position":2,"name":"Bienvenue sur"}]},{"@type":"WebSite","@id":"https:\/\/foundationmetaverse.eu\/fr#website","url":"https:\/\/foundationmetaverse.eu\/fr","name":"Foundation Metaverse Europe","description":"We anchor European values in the mind and heart of the Metaverse.","publisher":{"@id":"https:\/\/foundationmetaverse.eu\/fr#organization"},"potentialAction":[{"@type":"SearchAction","target":{"@type":"EntryPoint","urlTemplate":"https:\/\/foundationmetaverse.eu\/fr?s={search_term_string}"},"query-input":{"@type":"PropertyValueSpecification","valueRequired":true,"valueName":"search_term_string"}}],"inLanguage":"fr-FR"},{"@type":"Organization","@id":"https:\/\/foundationmetaverse.eu\/fr#organization","name":"Foundation Metaverse Europe","url":"https:\/\/foundationmetaverse.eu\/fr","logo":{"@type":"ImageObject","inLanguage":"fr-FR","@id":"https:\/\/foundationmetaverse.eu\/fr#\/schema\/logo\/image\/","url":"https:\/\/foundationmetaverse.eu\/wp-content\/uploads\/2022\/04\/FME_Logo_AllBlack_Small.png","contentUrl":"https:\/\/foundationmetaverse.eu\/wp-content\/uploads\/2022\/04\/FME_Logo_AllBlack_Small.png","width":600,"height":262,"caption":"Foundation Metaverse Europe"},"image":{"@id":"https:\/\/foundationmetaverse.eu\/fr#\/schema\/logo\/image\/"},"sameAs":["https:\/\/www.linkedin.com\/company\/foundation-metaverse-europe\/"]}]}},"jetpack_sharing_enabled":true,"_links":{"self":[{"href":"https:\/\/foundationmetaverse.eu\/fr\/wp-json\/wp\/v2\/pages\/705","targetHints":{"allow":["GET"]}}],"collection":[{"href":"https:\/\/foundationmetaverse.eu\/fr\/wp-json\/wp\/v2\/pages"}],"about":[{"href":"https:\/\/foundationmetaverse.eu\/fr\/wp-json\/wp\/v2\/types\/page"}],"author":[{"embeddable":true,"href":"https:\/\/foundationmetaverse.eu\/fr\/wp-json\/wp\/v2\/users\/2"}],"replies":[{"embeddable":true,"href":"https:\/\/foundationmetaverse.eu\/fr\/wp-json\/wp\/v2\/comments?post=705"}],"version-history":[{"count":17,"href":"https:\/\/foundationmetaverse.eu\/fr\/wp-json\/wp\/v2\/pages\/705\/revisions"}],"predecessor-version":[{"id":6337,"href":"https:\/\/foundationmetaverse.eu\/fr\/wp-json\/wp\/v2\/pages\/705\/revisions\/6337"}],"wp:attachment":[{"href":"https:\/\/foundationmetaverse.eu\/fr\/wp-json\/wp\/v2\/media?parent=705"}],"curies":[{"name":"wp","href":"https:\/\/api.w.org\/{rel}","templated":true}]}}