{"id":711,"date":"2022-03-04T14:45:30","date_gmt":"2022-03-04T13:45:30","guid":{"rendered":"https:\/\/foundationmetaverse.eu\/quest-ce-que-le-metavers"},"modified":"2025-04-29T16:48:29","modified_gmt":"2025-04-29T14:48:29","slug":"quest-ce-que-le-metavers","status":"publish","type":"page","link":"https:\/\/foundationmetaverse.eu\/fr\/quest-ce-que-le-metavers","title":{"rendered":"Le m\u00e9tavers : La r\u00e9alit\u00e9 num\u00e9rique du futur"},"content":{"rendered":"\n<p>Le m\u00e9tavers peut \u00eatre compris comme un monde num\u00e9rique qui existe de plus en plus sur un pied d&rsquo;\u00e9galit\u00e9 avec le monde physique et qui se confond de plus en plus avec lui. Il en r\u00e9sulte une r\u00e9alit\u00e9 hybride dans laquelle les exp\u00e9riences physiques et virtuelles se confondent. <\/p>\n\n<p>Les technologies cl\u00e9s qui permettent d&rsquo;acc\u00e9der au m\u00e9tavers sont la r\u00e9alit\u00e9 virtuelle (VR), la r\u00e9alit\u00e9 augment\u00e9e (AR) et la r\u00e9alit\u00e9 mixte (MR). Bient\u00f4t, il sera possible de passer de mani\u00e8re transparente du monde physique au monde num\u00e9rique, en fonction de l&rsquo;application et des besoins personnels. Les utilisateurs pourront choisir d&rsquo;\u00e9tendre leur r\u00e9alit\u00e9 num\u00e9rique, de s&rsquo;immerger compl\u00e8tement dans des mondes virtuels ou de rester dans le monde physique.  <\/p>\n\n<p>Plus les t\u00e2ches deviennent complexes et interactives, plus les compl\u00e9ments num\u00e9riques et les technologies immersives sont utilis\u00e9s. Parall\u00e8lement, des technologies telles que l&rsquo;intelligence artificielle (IA), l&rsquo;Internet des objets (IoT), la 5G et, de plus en plus, la 6G, \u00e9largissent consid\u00e9rablement les possibilit\u00e9s dans le m\u00e9tavers. Elles assurent une connectivit\u00e9 fluide et intelligente et cr\u00e9ent des exp\u00e9riences personnalis\u00e9es et dynamiques en temps r\u00e9el.  <\/p>\n\n<p>Aujourd&rsquo;hui d\u00e9j\u00e0, le m\u00e9tavers compl\u00e8te le monde physique par des espaces virtuels aussi bien ouverts qu&rsquo;exclusifs. Les utilisateurs entrent g\u00e9n\u00e9ralement dans cette nouvelle r\u00e9alit\u00e9 sociale par le biais d&rsquo;avatars qui les repr\u00e9sentent individuellement. Mais de plus en plus souvent, des agents IA jouent le r\u00f4le d&rsquo;avatars autonomes : Ils peuvent repr\u00e9senter les utilisateurs dans le m\u00e9tavers, effectuer des t\u00e2ches, mener des conversations ou cr\u00e9er des exp\u00e9riences virtuelles. Ces avatars intelligents se transforment en assistants num\u00e9riques et \u00e9largissent consid\u00e9rablement les possibilit\u00e9s d&rsquo;interaction.   <\/p>\n\n<p>De nouveaux mod\u00e8les commerciaux \u00e9mergent dans ce monde num\u00e9rique parall\u00e8le. Des images virtuelles d&rsquo;objets, de biens immobiliers, de v\u00eatements ou d&rsquo;\u0153uvres d&rsquo;art &#8211; appel\u00e9es \u00ab\u00a0jumeaux num\u00e9riques\u00a0\u00bb &#8211; d\u00e9veloppent leur propre dynamique en \u00e9tant reli\u00e9es \u00e0 des donn\u00e9es en temps r\u00e9el. Dans le m\u00e9tavers, les gens communiquent, travaillent, apprennent, font du shopping, font la f\u00eate, cr\u00e9ent et font l&rsquo;exp\u00e9rience de presque tout ce que l&rsquo;on conna\u00eet dans le monde physique, mais ind\u00e9pendamment du lieu et du temps.  <\/p>\n\n<p>Cette nouvelle r\u00e9alit\u00e9 permet de d\u00e9passer les limites impos\u00e9es dans le monde physique par les crises, les pand\u00e9mies, les maladies ou les restrictions sociales. Les exp\u00e9riences dans le m\u00e9tavers prennent une nouvelle dimension gr\u00e2ce aux innovations technologiques telles que les casques VR haute d\u00e9finition, les combinaisons haptiques, les interfaces neuronales et les services cloud rapides. Des millions de personnes en font d\u00e9j\u00e0 l&rsquo;exp\u00e9rience sur des plateformes telles que Fortnite, Roblox ou Decentraland.  <\/p>\n\n<p>Actuellement, le m\u00e9tavers est encore souvent utilis\u00e9 via des interfaces 2D telles que les \u00e9crans d&rsquo;ordinateur, les tablettes ou les smartphones. Mais les technologies immersives favorisent la transition vers de v\u00e9ritables exp\u00e9riences 3D. <\/p>\n\n<p>Avec l&rsquo;\u00e9volution de la soci\u00e9t\u00e9, de nouveaux symboles de statut social et de nouvelles opportunit\u00e9s d&rsquo;investissement apparaissent dans le metaverse. Les produits num\u00e9riques de luxe, tels que les montres de cr\u00e9ateurs virtuels ou les v\u00eatements, sont de plus en plus pr\u00e9sent\u00e9s comme une expression de prestige sur des plateformes telles qu&rsquo;Instagram ou dans des environnements Metaverse. Les investissements dans l&rsquo;immobilier virtuel, les projets musicaux, les articles de mode et les \u0153uvres d&rsquo;art sont rendus possibles par les crypto-monnaies et les NFT (Non-Fungible Tokens). D\u00e8s 2021, des millions ont \u00e9t\u00e9 \u00e9chang\u00e9s dans ce domaine et la croissance se poursuit.   <\/p>\n\n<p>Des dirigeants d&rsquo;entreprise tels que Jensen Huang, PDG de Nvidia, ont rapidement exprim\u00e9 l&rsquo;id\u00e9e que le Metaverse pourrait cr\u00e9er sa propre \u00e9conomie, plus importante que l&rsquo;\u00e9conomie mondiale actuelle, qui a r\u00e9cemment franchi la barre des 100 000 milliards de dollars. Dans les ann\u00e9es \u00e0 venir, le Metaverse transformera durablement chaque secteur, de l&rsquo;\u00e9ducation au divertissement en passant par l&rsquo;industrie et la m\u00e9decine. <\/p>\n\n<p>L&rsquo;avenir du m\u00e9tavers est hybride, intelligent et connect\u00e9 \u00e0 l&rsquo;\u00e9chelle mondiale. Une nouvelle r\u00e9alit\u00e9 est en train d&rsquo;\u00e9merger, qui modifie fondamentalement la fa\u00e7on de vivre, d&rsquo;apprendre, de travailler et d&rsquo;exp\u00e9rimenter. <\/p>\n\n<p>Afin de g\u00e9rer le potentiel du Metaverse de mani\u00e8re responsable et en accord avec les valeurs europ\u00e9ennes, la <strong>Fondation Metaverse Europe<\/strong> s&rsquo;engage \u00e0 d\u00e9velopper un espace num\u00e9rique fond\u00e9 sur l&rsquo;\u00e9thique. Pour ce faire, elle se concentre sur <a href=\"https:\/\/foundationmetaverse.eu\/fr\/les-themes-cles-de-la-fondation-metaverse-europe\">onze th\u00e8mes cl\u00e9s qui constituent la base d&rsquo;un avenir num\u00e9rique durable et \u00e9quitable<\/a>. <\/p>\n","protected":false},"excerpt":{"rendered":"<p>Le m\u00e9tavers peut \u00eatre compris comme un monde num\u00e9rique qui existe de plus en plus sur un pied d&rsquo;\u00e9galit\u00e9 avec le monde physique et qui se confond de plus en plus avec lui. Il en r\u00e9sulte une r\u00e9alit\u00e9 hybride dans laquelle les exp\u00e9riences physiques et virtuelles se confondent. Les technologies cl\u00e9s qui permettent d&rsquo;acc\u00e9der au m\u00e9tavers sont la r\u00e9alit\u00e9 virtuelle [&hellip;]<\/p>\n","protected":false},"author":2,"featured_media":0,"parent":0,"menu_order":0,"comment_status":"closed","ping_status":"open","template":"","meta":{"_acf_changed":false,"_eb_attr":"","_EventAllDay":false,"_EventTimezone":"","_EventStartDate":"","_EventEndDate":"","_EventStartDateUTC":"","_EventEndDateUTC":"","_EventShowMap":false,"_EventShowMapLink":false,"_EventURL":"","_EventCost":"","_EventCostDescription":"","_EventCurrencySymbol":"","_EventCurrencyCode":"","_EventCurrencyPosition":"","_EventDateTimeSeparator":"","_EventTimeRangeSeparator":"","_EventOrganizerID":[],"_EventVenueID":[],"_OrganizerEmail":"","_OrganizerPhone":"","_OrganizerWebsite":"","_VenueAddress":"","_VenueCity":"","_VenueCountry":"","_VenueProvince":"","_VenueState":"","_VenueZip":"","_VenuePhone":"","_VenueURL":"","_VenueStateProvince":"","_VenueLat":"","_VenueLng":"","_VenueShowMap":false,"_VenueShowMapLink":false,"footnotes":""},"class_list":["post-711","page","type-page","status-publish","hentry"],"acf":[],"yoast_head":"<!-- This site is optimized with the Yoast SEO plugin v26.8 - https:\/\/yoast.com\/product\/yoast-seo-wordpress\/ -->\n<title>Le m\u00e9tavers : La r\u00e9alit\u00e9 num\u00e9rique du futur - Foundation Metaverse Europe<\/title>\n<meta name=\"robots\" content=\"index, follow, max-snippet:-1, max-image-preview:large, max-video-preview:-1\" \/>\n<link rel=\"canonical\" href=\"https:\/\/foundationmetaverse.eu\/fr\/quest-ce-que-le-metavers\" \/>\n<meta property=\"og:locale\" content=\"fr_FR\" \/>\n<meta property=\"og:type\" content=\"article\" \/>\n<meta property=\"og:title\" content=\"Le m\u00e9tavers : La r\u00e9alit\u00e9 num\u00e9rique du futur - Foundation Metaverse Europe\" \/>\n<meta property=\"og:description\" content=\"Le m\u00e9tavers peut \u00eatre compris comme un monde num\u00e9rique qui existe de plus en plus sur un pied d&rsquo;\u00e9galit\u00e9 avec le monde physique et qui se confond de plus en plus avec lui. Il en r\u00e9sulte une r\u00e9alit\u00e9 hybride dans laquelle les exp\u00e9riences physiques et virtuelles se confondent. Les technologies cl\u00e9s qui permettent d&rsquo;acc\u00e9der au m\u00e9tavers sont la r\u00e9alit\u00e9 virtuelle [&hellip;]\" \/>\n<meta property=\"og:url\" content=\"https:\/\/foundationmetaverse.eu\/fr\/quest-ce-que-le-metavers\" \/>\n<meta property=\"og:site_name\" content=\"Foundation Metaverse Europe\" \/>\n<meta property=\"article:modified_time\" content=\"2025-04-29T14:48:29+00:00\" \/>\n<meta name=\"twitter:card\" content=\"summary_large_image\" \/>\n<meta name=\"twitter:label1\" content=\"Dur\u00e9e de lecture estim\u00e9e\" \/>\n\t<meta name=\"twitter:data1\" content=\"4 minutes\" \/>\n<script type=\"application\/ld+json\" class=\"yoast-schema-graph\">{\"@context\":\"https:\/\/schema.org\",\"@graph\":[{\"@type\":\"WebPage\",\"@id\":\"https:\/\/foundationmetaverse.eu\/fr\/quest-ce-que-le-metavers\",\"url\":\"https:\/\/foundationmetaverse.eu\/fr\/quest-ce-que-le-metavers\",\"name\":\"Le m\u00e9tavers : La r\u00e9alit\u00e9 num\u00e9rique du futur - Foundation Metaverse Europe\",\"isPartOf\":{\"@id\":\"https:\/\/foundationmetaverse.eu\/fr#website\"},\"datePublished\":\"2022-03-04T13:45:30+00:00\",\"dateModified\":\"2025-04-29T14:48:29+00:00\",\"breadcrumb\":{\"@id\":\"https:\/\/foundationmetaverse.eu\/fr\/quest-ce-que-le-metavers#breadcrumb\"},\"inLanguage\":\"fr-FR\",\"potentialAction\":[{\"@type\":\"ReadAction\",\"target\":[\"https:\/\/foundationmetaverse.eu\/fr\/quest-ce-que-le-metavers\"]}]},{\"@type\":\"BreadcrumbList\",\"@id\":\"https:\/\/foundationmetaverse.eu\/fr\/quest-ce-que-le-metavers#breadcrumb\",\"itemListElement\":[{\"@type\":\"ListItem\",\"position\":1,\"name\":\"Startseite\",\"item\":\"https:\/\/foundationmetaverse.eu\/fr\"},{\"@type\":\"ListItem\",\"position\":2,\"name\":\"Le m\u00e9tavers : La r\u00e9alit\u00e9 num\u00e9rique du futur\"}]},{\"@type\":\"WebSite\",\"@id\":\"https:\/\/foundationmetaverse.eu\/fr#website\",\"url\":\"https:\/\/foundationmetaverse.eu\/fr\",\"name\":\"Foundation Metaverse Europe\",\"description\":\"We anchor European values in the mind and heart of the Metaverse.\",\"publisher\":{\"@id\":\"https:\/\/foundationmetaverse.eu\/fr#organization\"},\"potentialAction\":[{\"@type\":\"SearchAction\",\"target\":{\"@type\":\"EntryPoint\",\"urlTemplate\":\"https:\/\/foundationmetaverse.eu\/fr?s={search_term_string}\"},\"query-input\":{\"@type\":\"PropertyValueSpecification\",\"valueRequired\":true,\"valueName\":\"search_term_string\"}}],\"inLanguage\":\"fr-FR\"},{\"@type\":\"Organization\",\"@id\":\"https:\/\/foundationmetaverse.eu\/fr#organization\",\"name\":\"Foundation Metaverse Europe\",\"url\":\"https:\/\/foundationmetaverse.eu\/fr\",\"logo\":{\"@type\":\"ImageObject\",\"inLanguage\":\"fr-FR\",\"@id\":\"https:\/\/foundationmetaverse.eu\/fr#\/schema\/logo\/image\/\",\"url\":\"https:\/\/foundationmetaverse.eu\/wp-content\/uploads\/2022\/04\/FME_Logo_AllBlack_Small.png\",\"contentUrl\":\"https:\/\/foundationmetaverse.eu\/wp-content\/uploads\/2022\/04\/FME_Logo_AllBlack_Small.png\",\"width\":600,\"height\":262,\"caption\":\"Foundation Metaverse Europe\"},\"image\":{\"@id\":\"https:\/\/foundationmetaverse.eu\/fr#\/schema\/logo\/image\/\"},\"sameAs\":[\"https:\/\/www.linkedin.com\/company\/foundation-metaverse-europe\/\"]}]}<\/script>\n<!-- \/ Yoast SEO plugin. -->","yoast_head_json":{"title":"Le m\u00e9tavers : La r\u00e9alit\u00e9 num\u00e9rique du futur - Foundation Metaverse Europe","robots":{"index":"index","follow":"follow","max-snippet":"max-snippet:-1","max-image-preview":"max-image-preview:large","max-video-preview":"max-video-preview:-1"},"canonical":"https:\/\/foundationmetaverse.eu\/fr\/quest-ce-que-le-metavers","og_locale":"fr_FR","og_type":"article","og_title":"Le m\u00e9tavers : La r\u00e9alit\u00e9 num\u00e9rique du futur - Foundation Metaverse Europe","og_description":"Le m\u00e9tavers peut \u00eatre compris comme un monde num\u00e9rique qui existe de plus en plus sur un pied d&rsquo;\u00e9galit\u00e9 avec le monde physique et qui se confond de plus en plus avec lui. Il en r\u00e9sulte une r\u00e9alit\u00e9 hybride dans laquelle les exp\u00e9riences physiques et virtuelles se confondent. Les technologies cl\u00e9s qui permettent d&rsquo;acc\u00e9der au m\u00e9tavers sont la r\u00e9alit\u00e9 virtuelle [&hellip;]","og_url":"https:\/\/foundationmetaverse.eu\/fr\/quest-ce-que-le-metavers","og_site_name":"Foundation Metaverse Europe","article_modified_time":"2025-04-29T14:48:29+00:00","twitter_card":"summary_large_image","twitter_misc":{"Dur\u00e9e de lecture estim\u00e9e":"4 minutes"},"schema":{"@context":"https:\/\/schema.org","@graph":[{"@type":"WebPage","@id":"https:\/\/foundationmetaverse.eu\/fr\/quest-ce-que-le-metavers","url":"https:\/\/foundationmetaverse.eu\/fr\/quest-ce-que-le-metavers","name":"Le m\u00e9tavers : La r\u00e9alit\u00e9 num\u00e9rique du futur - Foundation Metaverse Europe","isPartOf":{"@id":"https:\/\/foundationmetaverse.eu\/fr#website"},"datePublished":"2022-03-04T13:45:30+00:00","dateModified":"2025-04-29T14:48:29+00:00","breadcrumb":{"@id":"https:\/\/foundationmetaverse.eu\/fr\/quest-ce-que-le-metavers#breadcrumb"},"inLanguage":"fr-FR","potentialAction":[{"@type":"ReadAction","target":["https:\/\/foundationmetaverse.eu\/fr\/quest-ce-que-le-metavers"]}]},{"@type":"BreadcrumbList","@id":"https:\/\/foundationmetaverse.eu\/fr\/quest-ce-que-le-metavers#breadcrumb","itemListElement":[{"@type":"ListItem","position":1,"name":"Startseite","item":"https:\/\/foundationmetaverse.eu\/fr"},{"@type":"ListItem","position":2,"name":"Le m\u00e9tavers : La r\u00e9alit\u00e9 num\u00e9rique du futur"}]},{"@type":"WebSite","@id":"https:\/\/foundationmetaverse.eu\/fr#website","url":"https:\/\/foundationmetaverse.eu\/fr","name":"Foundation Metaverse Europe","description":"We anchor European values in the mind and heart of the Metaverse.","publisher":{"@id":"https:\/\/foundationmetaverse.eu\/fr#organization"},"potentialAction":[{"@type":"SearchAction","target":{"@type":"EntryPoint","urlTemplate":"https:\/\/foundationmetaverse.eu\/fr?s={search_term_string}"},"query-input":{"@type":"PropertyValueSpecification","valueRequired":true,"valueName":"search_term_string"}}],"inLanguage":"fr-FR"},{"@type":"Organization","@id":"https:\/\/foundationmetaverse.eu\/fr#organization","name":"Foundation Metaverse Europe","url":"https:\/\/foundationmetaverse.eu\/fr","logo":{"@type":"ImageObject","inLanguage":"fr-FR","@id":"https:\/\/foundationmetaverse.eu\/fr#\/schema\/logo\/image\/","url":"https:\/\/foundationmetaverse.eu\/wp-content\/uploads\/2022\/04\/FME_Logo_AllBlack_Small.png","contentUrl":"https:\/\/foundationmetaverse.eu\/wp-content\/uploads\/2022\/04\/FME_Logo_AllBlack_Small.png","width":600,"height":262,"caption":"Foundation Metaverse Europe"},"image":{"@id":"https:\/\/foundationmetaverse.eu\/fr#\/schema\/logo\/image\/"},"sameAs":["https:\/\/www.linkedin.com\/company\/foundation-metaverse-europe\/"]}]}},"jetpack_sharing_enabled":true,"_links":{"self":[{"href":"https:\/\/foundationmetaverse.eu\/fr\/wp-json\/wp\/v2\/pages\/711","targetHints":{"allow":["GET"]}}],"collection":[{"href":"https:\/\/foundationmetaverse.eu\/fr\/wp-json\/wp\/v2\/pages"}],"about":[{"href":"https:\/\/foundationmetaverse.eu\/fr\/wp-json\/wp\/v2\/types\/page"}],"author":[{"embeddable":true,"href":"https:\/\/foundationmetaverse.eu\/fr\/wp-json\/wp\/v2\/users\/2"}],"replies":[{"embeddable":true,"href":"https:\/\/foundationmetaverse.eu\/fr\/wp-json\/wp\/v2\/comments?post=711"}],"version-history":[{"count":5,"href":"https:\/\/foundationmetaverse.eu\/fr\/wp-json\/wp\/v2\/pages\/711\/revisions"}],"predecessor-version":[{"id":6204,"href":"https:\/\/foundationmetaverse.eu\/fr\/wp-json\/wp\/v2\/pages\/711\/revisions\/6204"}],"wp:attachment":[{"href":"https:\/\/foundationmetaverse.eu\/fr\/wp-json\/wp\/v2\/media?parent=711"}],"curies":[{"name":"wp","href":"https:\/\/api.w.org\/{rel}","templated":true}]}}