{"id":713,"date":"2022-07-21T06:34:40","date_gmt":"2022-07-21T04:34:40","guid":{"rendered":"https:\/\/foundationmetaverse.eu\/comite-de-soutien"},"modified":"2025-07-10T09:12:26","modified_gmt":"2025-07-10T07:12:26","slug":"comite-de-soutien","status":"publish","type":"page","link":"https:\/\/foundationmetaverse.eu\/fr\/comite-de-soutien","title":{"rendered":"Notre Sentinelle : fa\u00e7onner l&rsquo;avenir de l&rsquo;Europe avec innovation et responsabilit\u00e9"},"content":{"rendered":"\n<p><strong>Des entreprises et organisations de premier plan soutiennent la Fondation Metaverse Europe.<\/strong><br\/>Elles renforcent la base financi\u00e8re de notre travail \u00e0 but non lucratif et accompagnent nos projets par leur participation active. La Fondation leur offre une plateforme pour s&rsquo;engager dans la conception de Metaverse en fonction de valeurs et pour apporter une contribution durable \u00e0 la souverainet\u00e9 num\u00e9rique de l&rsquo;Europe. <\/p>\n\n<p><strong>Membres du comit\u00e9 de soutien <\/strong>   <\/p>\n\n<ul class=\"wp-block-list\">\n<li>Berbus Alliance<\/li>\n\n\n\n<li>Chemins de fer allemands<\/li>\n\n\n\n<li>Deutsche Telekom<\/li>\n\n\n\n<li>Kinder- und Jugendhilfe- Verbund| KJSH-Stiftung<\/li>\n\n\n\n<li>Teamgeist AG<\/li>\n\n\n\n<li>Bundesdruckerei Gruppe GmbH<\/li>\n<\/ul>\n<style>.wp-block-kadence-spacer.kt-block-spacer-251_3f72f7-13 .kt-block-spacer{height:82px;}.wp-block-kadence-spacer.kt-block-spacer-251_3f72f7-13 .kt-divider{border-top-width:1px;height:1px;border-top-color:#eee;width:80%;border-top-style:solid;}<\/style>\n<div class=\"wp-block-kadence-spacer aligncenter kt-block-spacer-251_3f72f7-13\"><div class=\"kt-block-spacer kt-block-spacer-halign-center\"><hr class=\"kt-divider\"\/><\/div><\/div>\n<style>.wp-block-kadence-advancedgallery .kb-gallery-type-grid.kb-gallery-id-251_1a1ffd-bc{margin:-30.5px;}.kb-gallery-type-grid.kb-gallery-id-251_1a1ffd-bc .kadence-blocks-gallery-item{padding:30.5px;}.kb-gallery-id-251_1a1ffd-bc .kadence-blocks-gallery-item .kb-gal-image-radius, .kb-gallery-id-251_1a1ffd-bc .kb-slide-item .kb-gal-image-radius img{border-radius:0px 0px 0px 0px;;}<\/style><div class=\"kb-gallery-wrap-id-251_1a1ffd-bc alignnone wp-block-kadence-advancedgallery\"><ul class=\"kb-gallery-ul kb-gallery-non-static kb-gallery-type-grid kb-gallery-id-251_1a1ffd-bc kb-gallery-caption-style-bottom-hover kb-gallery-filter-none\" data-image-filter=\"none\" data-item-selector=\".kadence-blocks-gallery-item\" data-lightbox-caption=\"true\" data-columns-xxl=\"4\" data-columns-xl=\"4\" data-columns-md=\"4\" data-columns-sm=\"3\" data-columns-xs=\"2\" data-columns-ss=\"2\"><li class=\"kadence-blocks-gallery-item\" tabindex=\"0\"><div class=\"kadence-blocks-gallery-item-inner\"><figure class=\"kb-gallery-figure kadence-blocks-gallery-item-hide-caption\"><div class=\"kb-gal-image-radius\" style=\"max-width:300px;\"><div class=\"kb-gallery-image-contain kadence-blocks-gallery-intrinsic kb-gallery-image-ratio-inherit kb-has-image-ratio-inherit\" style=\"padding-bottom:29%;\"><img decoding=\"async\" src=\"https:\/\/foundationmetaverse.eu\/wp-content\/uploads\/2024\/09\/T_logo_claim_rgb_p-2024-300x88.png\" width=\"300\" height=\"88\" alt=\"\" data-full-image=\"https:\/\/foundationmetaverse.eu\/wp-content\/uploads\/2024\/09\/T_logo_claim_rgb_p-2024.png\" data-light-image=\"https:\/\/foundationmetaverse.eu\/wp-content\/uploads\/2024\/09\/T_logo_claim_rgb_p-2024.png\" data-id=\"3180\" class=\"wp-image-3180\" srcset=\"https:\/\/foundationmetaverse.eu\/wp-content\/uploads\/2024\/09\/T_logo_claim_rgb_p-2024-300x88.png 300w, https:\/\/foundationmetaverse.eu\/wp-content\/uploads\/2024\/09\/T_logo_claim_rgb_p-2024-1024x301.png 1024w, https:\/\/foundationmetaverse.eu\/wp-content\/uploads\/2024\/09\/T_logo_claim_rgb_p-2024-768x226.png 768w, https:\/\/foundationmetaverse.eu\/wp-content\/uploads\/2024\/09\/T_logo_claim_rgb_p-2024-1536x452.png 1536w, https:\/\/foundationmetaverse.eu\/wp-content\/uploads\/2024\/09\/T_logo_claim_rgb_p-2024-2048x602.png 2048w\" sizes=\"(max-width: 300px) 100vw, 300px\" \/><\/div><\/div><\/figure><\/div><\/li><li class=\"kadence-blocks-gallery-item\" tabindex=\"0\"><div class=\"kadence-blocks-gallery-item-inner\"><figure class=\"kb-gallery-figure kadence-blocks-gallery-item-hide-caption\"><div class=\"kb-gal-image-radius\" style=\"max-width:300px;\"><div class=\"kb-gallery-image-contain kadence-blocks-gallery-intrinsic kb-gallery-image-ratio-inherit kb-has-image-ratio-inherit\" style=\"padding-bottom:54%;\"><img decoding=\"async\" src=\"https:\/\/foundationmetaverse.eu\/wp-content\/uploads\/2024\/02\/Bundesdruckerei-300x164.png\" width=\"300\" height=\"164\" alt=\"\" data-full-image=\"https:\/\/foundationmetaverse.eu\/wp-content\/uploads\/2024\/02\/Bundesdruckerei.png\" data-light-image=\"https:\/\/foundationmetaverse.eu\/wp-content\/uploads\/2024\/02\/Bundesdruckerei.png\" data-id=\"2481\" class=\"wp-image-2481\" srcset=\"https:\/\/foundationmetaverse.eu\/wp-content\/uploads\/2024\/02\/Bundesdruckerei-300x164.png 300w, https:\/\/foundationmetaverse.eu\/wp-content\/uploads\/2024\/02\/Bundesdruckerei.png 303w\" sizes=\"(max-width: 300px) 100vw, 300px\" \/><\/div><\/div><\/figure><\/div><\/li><li class=\"kadence-blocks-gallery-item\" tabindex=\"0\"><div class=\"kadence-blocks-gallery-item-inner\"><figure class=\"kb-gallery-figure kadence-blocks-gallery-item-hide-caption\"><div class=\"kb-gal-image-radius\" style=\"max-width:300px;\"><div class=\"kb-gallery-image-contain kadence-blocks-gallery-intrinsic kb-gallery-image-ratio-inherit kb-has-image-ratio-inherit\" style=\"padding-bottom:45%;\"><img decoding=\"async\" src=\"https:\/\/foundationmetaverse.eu\/wp-content\/uploads\/2022\/11\/KJSH-300x137.png\" width=\"300\" height=\"137\" alt=\"\" data-full-image=\"https:\/\/foundationmetaverse.eu\/wp-content\/uploads\/2022\/11\/KJSH.png\" data-light-image=\"https:\/\/foundationmetaverse.eu\/wp-content\/uploads\/2022\/11\/KJSH.png\" data-id=\"567\" class=\"wp-image-567\" srcset=\"https:\/\/foundationmetaverse.eu\/wp-content\/uploads\/2022\/11\/KJSH-300x137.png 300w, https:\/\/foundationmetaverse.eu\/wp-content\/uploads\/2022\/11\/KJSH.png 321w\" sizes=\"(max-width: 300px) 100vw, 300px\" \/><\/div><\/div><\/figure><\/div><\/li><li class=\"kadence-blocks-gallery-item\" tabindex=\"0\"><div class=\"kadence-blocks-gallery-item-inner\"><figure class=\"kb-gallery-figure kadence-blocks-gallery-item-hide-caption\"><div class=\"kb-gal-image-radius\" style=\"max-width:300px;\"><div class=\"kb-gallery-image-contain kadence-blocks-gallery-intrinsic kb-gallery-image-ratio-inherit kb-has-image-ratio-inherit\" style=\"padding-bottom:26%;\"><img loading=\"lazy\" decoding=\"async\" src=\"https:\/\/foundationmetaverse.eu\/wp-content\/uploads\/2022\/07\/2019berbusalliance_center72ppi-300x78.jpg\" width=\"300\" height=\"78\" alt=\"\" data-full-image=\"https:\/\/foundationmetaverse.eu\/wp-content\/uploads\/2022\/07\/2019berbusalliance_center72ppi.jpg\" data-light-image=\"https:\/\/foundationmetaverse.eu\/wp-content\/uploads\/2022\/07\/2019berbusalliance_center72ppi.jpg\" data-id=\"252\" class=\"wp-image-252\" srcset=\"https:\/\/foundationmetaverse.eu\/wp-content\/uploads\/2022\/07\/2019berbusalliance_center72ppi-300x78.jpg 300w, https:\/\/foundationmetaverse.eu\/wp-content\/uploads\/2022\/07\/2019berbusalliance_center72ppi.jpg 703w\" sizes=\"(max-width: 300px) 100vw, 300px\" \/><\/div><\/div><\/figure><\/div><\/li><li class=\"kadence-blocks-gallery-item\" tabindex=\"0\"><div class=\"kadence-blocks-gallery-item-inner\"><figure class=\"kb-gallery-figure kadence-blocks-gallery-item-hide-caption\"><div class=\"kb-gal-image-radius\" style=\"max-width:300px;\"><div class=\"kb-gallery-image-contain kadence-blocks-gallery-intrinsic kb-gallery-image-ratio-inherit kb-has-image-ratio-inherit\" style=\"padding-bottom:19%;\"><img loading=\"lazy\" decoding=\"async\" src=\"https:\/\/foundationmetaverse.eu\/wp-content\/uploads\/2022\/09\/logo_teamgeist_relaunch-300x58.jpg\" width=\"300\" height=\"58\" alt=\"\" data-full-image=\"https:\/\/foundationmetaverse.eu\/wp-content\/uploads\/2022\/09\/logo_teamgeist_relaunch.jpg\" data-light-image=\"https:\/\/foundationmetaverse.eu\/wp-content\/uploads\/2022\/09\/logo_teamgeist_relaunch.jpg\" data-id=\"312\" class=\"wp-image-312\" srcset=\"https:\/\/foundationmetaverse.eu\/wp-content\/uploads\/2022\/09\/logo_teamgeist_relaunch-300x58.jpg 300w, https:\/\/foundationmetaverse.eu\/wp-content\/uploads\/2022\/09\/logo_teamgeist_relaunch.jpg 364w\" sizes=\"(max-width: 300px) 100vw, 300px\" \/><\/div><\/div><\/figure><\/div><\/li><li class=\"kadence-blocks-gallery-item\" tabindex=\"0\"><div class=\"kadence-blocks-gallery-item-inner\"><figure class=\"kb-gallery-figure kadence-blocks-gallery-item-hide-caption\"><div class=\"kb-gal-image-radius\" style=\"max-width:300px;\"><div class=\"kb-gallery-image-contain kadence-blocks-gallery-intrinsic kb-gallery-image-ratio-inherit kb-has-image-ratio-inherit\" style=\"padding-bottom:70%;\"><img loading=\"lazy\" decoding=\"async\" src=\"https:\/\/foundationmetaverse.eu\/wp-content\/uploads\/2025\/07\/Deutsche_Bahn_AG-Logo-300x210.png\" width=\"300\" height=\"210\" alt=\"\" data-full-image=\"https:\/\/foundationmetaverse.eu\/wp-content\/uploads\/2025\/07\/Deutsche_Bahn_AG-Logo.png\" data-light-image=\"https:\/\/foundationmetaverse.eu\/wp-content\/uploads\/2025\/07\/Deutsche_Bahn_AG-Logo.png\" data-id=\"6237\" class=\"wp-image-6237\" srcset=\"https:\/\/foundationmetaverse.eu\/wp-content\/uploads\/2025\/07\/Deutsche_Bahn_AG-Logo-300x210.png 300w, https:\/\/foundationmetaverse.eu\/wp-content\/uploads\/2025\/07\/Deutsche_Bahn_AG-Logo-768x538.png 768w, https:\/\/foundationmetaverse.eu\/wp-content\/uploads\/2025\/07\/Deutsche_Bahn_AG-Logo.png 1024w\" sizes=\"(max-width: 300px) 100vw, 300px\" \/><\/div><\/div><\/figure><\/div><\/li><\/ul><\/div>\n<p><\/p>\n","protected":false},"excerpt":{"rendered":"<p>Des entreprises et organisations de premier plan soutiennent la Fondation Metaverse Europe.Elles renforcent la base financi\u00e8re de notre travail \u00e0 but non lucratif et accompagnent nos projets par leur participation active. La Fondation leur offre une plateforme pour s&rsquo;engager dans la conception de Metaverse en fonction de valeurs et pour apporter une contribution durable \u00e0 la souverainet\u00e9 num\u00e9rique de l&rsquo;Europe. [&hellip;]<\/p>\n","protected":false},"author":2,"featured_media":0,"parent":0,"menu_order":0,"comment_status":"closed","ping_status":"closed","template":"","meta":{"_acf_changed":false,"_eb_attr":"","_EventAllDay":false,"_EventTimezone":"","_EventStartDate":"","_EventEndDate":"","_EventStartDateUTC":"","_EventEndDateUTC":"","_EventShowMap":false,"_EventShowMapLink":false,"_EventURL":"","_EventCost":"","_EventCostDescription":"","_EventCurrencySymbol":"","_EventCurrencyCode":"","_EventCurrencyPosition":"","_EventDateTimeSeparator":"","_EventTimeRangeSeparator":"","_EventOrganizerID":[],"_EventVenueID":[],"_OrganizerEmail":"","_OrganizerPhone":"","_OrganizerWebsite":"","_VenueAddress":"","_VenueCity":"","_VenueCountry":"","_VenueProvince":"","_VenueState":"","_VenueZip":"","_VenuePhone":"","_VenueURL":"","_VenueStateProvince":"","_VenueLat":"","_VenueLng":"","_VenueShowMap":false,"_VenueShowMapLink":false,"footnotes":""},"class_list":["post-713","page","type-page","status-publish","hentry"],"acf":[],"yoast_head":"<!-- This site is optimized with the Yoast SEO plugin v26.8 - https:\/\/yoast.com\/product\/yoast-seo-wordpress\/ -->\n<title>Notre Sentinelle : fa\u00e7onner l&#039;avenir de l&#039;Europe avec innovation et responsabilit\u00e9 - Foundation Metaverse Europe<\/title>\n<meta name=\"robots\" content=\"index, follow, max-snippet:-1, max-image-preview:large, max-video-preview:-1\" \/>\n<link rel=\"canonical\" href=\"https:\/\/foundationmetaverse.eu\/fr\/comite-de-soutien\" \/>\n<meta property=\"og:locale\" content=\"fr_FR\" \/>\n<meta property=\"og:type\" content=\"article\" \/>\n<meta property=\"og:title\" content=\"Notre Sentinelle : fa\u00e7onner l&#039;avenir de l&#039;Europe avec innovation et responsabilit\u00e9 - Foundation Metaverse Europe\" \/>\n<meta property=\"og:description\" content=\"Des entreprises et organisations de premier plan soutiennent la Fondation Metaverse Europe.Elles renforcent la base financi\u00e8re de notre travail \u00e0 but non lucratif et accompagnent nos projets par leur participation active. La Fondation leur offre une plateforme pour s&rsquo;engager dans la conception de Metaverse en fonction de valeurs et pour apporter une contribution durable \u00e0 la souverainet\u00e9 num\u00e9rique de l&rsquo;Europe. [&hellip;]\" \/>\n<meta property=\"og:url\" content=\"https:\/\/foundationmetaverse.eu\/fr\/comite-de-soutien\" \/>\n<meta property=\"og:site_name\" content=\"Foundation Metaverse Europe\" \/>\n<meta property=\"article:modified_time\" content=\"2025-07-10T07:12:26+00:00\" \/>\n<meta name=\"twitter:card\" content=\"summary_large_image\" \/>\n<script type=\"application\/ld+json\" class=\"yoast-schema-graph\">{\"@context\":\"https:\/\/schema.org\",\"@graph\":[{\"@type\":\"WebPage\",\"@id\":\"https:\/\/foundationmetaverse.eu\/fr\/comite-de-soutien\",\"url\":\"https:\/\/foundationmetaverse.eu\/fr\/comite-de-soutien\",\"name\":\"Notre Sentinelle : fa\u00e7onner l'avenir de l'Europe avec innovation et responsabilit\u00e9 - Foundation Metaverse Europe\",\"isPartOf\":{\"@id\":\"https:\/\/foundationmetaverse.eu\/fr#website\"},\"datePublished\":\"2022-07-21T04:34:40+00:00\",\"dateModified\":\"2025-07-10T07:12:26+00:00\",\"breadcrumb\":{\"@id\":\"https:\/\/foundationmetaverse.eu\/fr\/comite-de-soutien#breadcrumb\"},\"inLanguage\":\"fr-FR\",\"potentialAction\":[{\"@type\":\"ReadAction\",\"target\":[\"https:\/\/foundationmetaverse.eu\/fr\/comite-de-soutien\"]}]},{\"@type\":\"BreadcrumbList\",\"@id\":\"https:\/\/foundationmetaverse.eu\/fr\/comite-de-soutien#breadcrumb\",\"itemListElement\":[{\"@type\":\"ListItem\",\"position\":1,\"name\":\"Startseite\",\"item\":\"https:\/\/foundationmetaverse.eu\/fr\"},{\"@type\":\"ListItem\",\"position\":2,\"name\":\"Notre Sentinelle : fa\u00e7onner l&#8217;avenir de l&#8217;Europe avec innovation et responsabilit\u00e9\"}]},{\"@type\":\"WebSite\",\"@id\":\"https:\/\/foundationmetaverse.eu\/fr#website\",\"url\":\"https:\/\/foundationmetaverse.eu\/fr\",\"name\":\"Foundation Metaverse Europe\",\"description\":\"We anchor European values in the mind and heart of the Metaverse.\",\"publisher\":{\"@id\":\"https:\/\/foundationmetaverse.eu\/fr#organization\"},\"potentialAction\":[{\"@type\":\"SearchAction\",\"target\":{\"@type\":\"EntryPoint\",\"urlTemplate\":\"https:\/\/foundationmetaverse.eu\/fr?s={search_term_string}\"},\"query-input\":{\"@type\":\"PropertyValueSpecification\",\"valueRequired\":true,\"valueName\":\"search_term_string\"}}],\"inLanguage\":\"fr-FR\"},{\"@type\":\"Organization\",\"@id\":\"https:\/\/foundationmetaverse.eu\/fr#organization\",\"name\":\"Foundation Metaverse Europe\",\"url\":\"https:\/\/foundationmetaverse.eu\/fr\",\"logo\":{\"@type\":\"ImageObject\",\"inLanguage\":\"fr-FR\",\"@id\":\"https:\/\/foundationmetaverse.eu\/fr#\/schema\/logo\/image\/\",\"url\":\"https:\/\/foundationmetaverse.eu\/wp-content\/uploads\/2022\/04\/FME_Logo_AllBlack_Small.png\",\"contentUrl\":\"https:\/\/foundationmetaverse.eu\/wp-content\/uploads\/2022\/04\/FME_Logo_AllBlack_Small.png\",\"width\":600,\"height\":262,\"caption\":\"Foundation Metaverse Europe\"},\"image\":{\"@id\":\"https:\/\/foundationmetaverse.eu\/fr#\/schema\/logo\/image\/\"},\"sameAs\":[\"https:\/\/www.linkedin.com\/company\/foundation-metaverse-europe\/\"]}]}<\/script>\n<!-- \/ Yoast SEO plugin. -->","yoast_head_json":{"title":"Notre Sentinelle : fa\u00e7onner l'avenir de l'Europe avec innovation et responsabilit\u00e9 - Foundation Metaverse Europe","robots":{"index":"index","follow":"follow","max-snippet":"max-snippet:-1","max-image-preview":"max-image-preview:large","max-video-preview":"max-video-preview:-1"},"canonical":"https:\/\/foundationmetaverse.eu\/fr\/comite-de-soutien","og_locale":"fr_FR","og_type":"article","og_title":"Notre Sentinelle : fa\u00e7onner l'avenir de l'Europe avec innovation et responsabilit\u00e9 - Foundation Metaverse Europe","og_description":"Des entreprises et organisations de premier plan soutiennent la Fondation Metaverse Europe.Elles renforcent la base financi\u00e8re de notre travail \u00e0 but non lucratif et accompagnent nos projets par leur participation active. La Fondation leur offre une plateforme pour s&rsquo;engager dans la conception de Metaverse en fonction de valeurs et pour apporter une contribution durable \u00e0 la souverainet\u00e9 num\u00e9rique de l&rsquo;Europe. [&hellip;]","og_url":"https:\/\/foundationmetaverse.eu\/fr\/comite-de-soutien","og_site_name":"Foundation Metaverse Europe","article_modified_time":"2025-07-10T07:12:26+00:00","twitter_card":"summary_large_image","schema":{"@context":"https:\/\/schema.org","@graph":[{"@type":"WebPage","@id":"https:\/\/foundationmetaverse.eu\/fr\/comite-de-soutien","url":"https:\/\/foundationmetaverse.eu\/fr\/comite-de-soutien","name":"Notre Sentinelle : fa\u00e7onner l'avenir de l'Europe avec innovation et responsabilit\u00e9 - Foundation Metaverse Europe","isPartOf":{"@id":"https:\/\/foundationmetaverse.eu\/fr#website"},"datePublished":"2022-07-21T04:34:40+00:00","dateModified":"2025-07-10T07:12:26+00:00","breadcrumb":{"@id":"https:\/\/foundationmetaverse.eu\/fr\/comite-de-soutien#breadcrumb"},"inLanguage":"fr-FR","potentialAction":[{"@type":"ReadAction","target":["https:\/\/foundationmetaverse.eu\/fr\/comite-de-soutien"]}]},{"@type":"BreadcrumbList","@id":"https:\/\/foundationmetaverse.eu\/fr\/comite-de-soutien#breadcrumb","itemListElement":[{"@type":"ListItem","position":1,"name":"Startseite","item":"https:\/\/foundationmetaverse.eu\/fr"},{"@type":"ListItem","position":2,"name":"Notre Sentinelle : fa\u00e7onner l&#8217;avenir de l&#8217;Europe avec innovation et responsabilit\u00e9"}]},{"@type":"WebSite","@id":"https:\/\/foundationmetaverse.eu\/fr#website","url":"https:\/\/foundationmetaverse.eu\/fr","name":"Foundation Metaverse Europe","description":"We anchor European values in the mind and heart of the Metaverse.","publisher":{"@id":"https:\/\/foundationmetaverse.eu\/fr#organization"},"potentialAction":[{"@type":"SearchAction","target":{"@type":"EntryPoint","urlTemplate":"https:\/\/foundationmetaverse.eu\/fr?s={search_term_string}"},"query-input":{"@type":"PropertyValueSpecification","valueRequired":true,"valueName":"search_term_string"}}],"inLanguage":"fr-FR"},{"@type":"Organization","@id":"https:\/\/foundationmetaverse.eu\/fr#organization","name":"Foundation Metaverse Europe","url":"https:\/\/foundationmetaverse.eu\/fr","logo":{"@type":"ImageObject","inLanguage":"fr-FR","@id":"https:\/\/foundationmetaverse.eu\/fr#\/schema\/logo\/image\/","url":"https:\/\/foundationmetaverse.eu\/wp-content\/uploads\/2022\/04\/FME_Logo_AllBlack_Small.png","contentUrl":"https:\/\/foundationmetaverse.eu\/wp-content\/uploads\/2022\/04\/FME_Logo_AllBlack_Small.png","width":600,"height":262,"caption":"Foundation Metaverse Europe"},"image":{"@id":"https:\/\/foundationmetaverse.eu\/fr#\/schema\/logo\/image\/"},"sameAs":["https:\/\/www.linkedin.com\/company\/foundation-metaverse-europe\/"]}]}},"jetpack_sharing_enabled":true,"_links":{"self":[{"href":"https:\/\/foundationmetaverse.eu\/fr\/wp-json\/wp\/v2\/pages\/713","targetHints":{"allow":["GET"]}}],"collection":[{"href":"https:\/\/foundationmetaverse.eu\/fr\/wp-json\/wp\/v2\/pages"}],"about":[{"href":"https:\/\/foundationmetaverse.eu\/fr\/wp-json\/wp\/v2\/types\/page"}],"author":[{"embeddable":true,"href":"https:\/\/foundationmetaverse.eu\/fr\/wp-json\/wp\/v2\/users\/2"}],"replies":[{"embeddable":true,"href":"https:\/\/foundationmetaverse.eu\/fr\/wp-json\/wp\/v2\/comments?post=713"}],"version-history":[{"count":12,"href":"https:\/\/foundationmetaverse.eu\/fr\/wp-json\/wp\/v2\/pages\/713\/revisions"}],"predecessor-version":[{"id":6246,"href":"https:\/\/foundationmetaverse.eu\/fr\/wp-json\/wp\/v2\/pages\/713\/revisions\/6246"}],"wp:attachment":[{"href":"https:\/\/foundationmetaverse.eu\/fr\/wp-json\/wp\/v2\/media?parent=713"}],"curies":[{"name":"wp","href":"https:\/\/api.w.org\/{rel}","templated":true}]}}