{"id":717,"date":"2022-03-04T14:45:30","date_gmt":"2022-03-04T13:45:30","guid":{"rendered":"https:\/\/foundationmetaverse.eu\/declaration-de-confidentialite"},"modified":"2025-03-13T09:39:05","modified_gmt":"2025-03-13T08:39:05","slug":"declaration-de-confidentialite","status":"publish","type":"page","link":"https:\/\/foundationmetaverse.eu\/fr\/declaration-de-confidentialite","title":{"rendered":"D\u00e9claration de confidentialit\u00e9"},"content":{"rendered":"\n<h2 class=\"wp-block-heading\"><strong>Data protection<\/strong><\/h2>\n\n<p>L&rsquo;utilisation de notre site web (foundationmetaverse.eu) est g\u00e9n\u00e9ralement possible sans fournir de donn\u00e9es personnelles. Dans la mesure o\u00f9 des donn\u00e9es personnelles (par exemple nom, adresse, adresses e-mail, dans le cadre d&rsquo;une commande de marchandises, d&rsquo;une ouverture de compte ou d&rsquo;une inscription \u00e0 notre newsletter) sont collect\u00e9es sur notre site, elles le sont, dans la mesure du possible, uniquement sur une base volontaire (cf. \u00a7 13 TMG). Les donn\u00e9es sensibles ne sont pas transmises \u00e0 des tiers sans votre accord explicite. Nous attirons votre attention sur le fait que la transmission de donn\u00e9es sur Internet (par ex. lors de la communication par e-mail) peut pr\u00e9senter des failles de s\u00e9curit\u00e9. Une protection compl\u00e8te des donn\u00e9es contre l&rsquo;acc\u00e8s par des tiers n&rsquo;est pas possible. L&rsquo;envoi de publicit\u00e9 et de mat\u00e9riel d&rsquo;information non express\u00e9ment demand\u00e9s par l&rsquo;utilisation des donn\u00e9es de contact fournies dans le cadre de l&rsquo;obligation de mentions l\u00e9gales conform\u00e9ment \u00e0 la loi sur la protection des donn\u00e9es est interdit. \u00a7 5 TMG, est express\u00e9ment contredite par la pr\u00e9sente. Nous nous r\u00e9servons express\u00e9ment le droit d&rsquo;engager des poursuites judiciaires en cas d&rsquo;envoi non sollicit\u00e9 d&rsquo;informations publicitaires, par exemple par le biais de spams (en particulier les newsletters).<\/p>\n\n<p><strong>D\u00e9claration de confidentialit\u00e9 pour l&rsquo;utilisation de Google Analytics<\/strong><\/p>\n\n<p>Notre site web utilise Google Analytics, un service d&rsquo;analyse web de Google Inc. (\u201cGoogle\u201d). Pour ce service d&rsquo;analyse web, Google Analytics utilise des \u00ab\u00a0cookies\u00a0\u00bb, c&rsquo;est-\u00e0-dire des fichiers texte qui sont enregistr\u00e9s sur votre ordinateur et qui permettent d&rsquo;analyser votre utilisation du site web. Les informations g\u00e9n\u00e9r\u00e9es par le cookie sur l&rsquo;utilisation de notre site web sont transmises \u00e0 un serveur de Google aux \u00c9tats-Unis et y sont ensuite stock\u00e9es. Si l&rsquo;anonymisation IP est activ\u00e9e sur notre site, votre adresse IP sera pr\u00e9alablement abr\u00e9g\u00e9e par Google uniquement dans les \u00c9tats membres de l&rsquo;UE ou dans d&rsquo;autres \u00c9tats parties \u00e0 l&rsquo;accord sur l&rsquo;Espace \u00e9conomique europ\u00e9en. Dans quelques cas exceptionnels, l&rsquo;adresse IP compl\u00e8te peut \u00eatre transmise \u00e0 un serveur de Google aux \u00c9tats-Unis, o\u00f9 elle est ensuite abr\u00e9g\u00e9e. Google peut alors, sur la base de ces informations enregistr\u00e9es, \u00e9valuer votre utilisation du site web afin de fournir ensuite une compilation de rapports sur les activit\u00e9s des pages publicitaires. Sur la base de ce rapport, Google peut \u00e9galement fournir au fournisseur du site d&rsquo;autres services li\u00e9s \u00e0 l&rsquo;utilisation du site et d&rsquo;Internet. L&rsquo;adresse IP transmise par votre navigateur via Google Analytics n&rsquo;est pas combin\u00e9e avec d&rsquo;autres donn\u00e9es de Google. Si cette \u00e9valuation sur la base de votre s\u00e9jour sur notre site n&rsquo;est pas dans votre int\u00e9r\u00eat, vous pouvez emp\u00eacher l&rsquo;enregistrement ou l&rsquo;installation des cookies en configurant votre logiciel de navigation en cons\u00e9quence. Nous vous informons \u00e9galement que, dans ce cas, vous ne pourrez pas utiliser toutes les fonctions de notre site web.<\/p>\n\n<p>En utilisant ce site internet, vous consentez express\u00e9ment au traitement de vos donn\u00e9es nominatives par Google dans les conditions et pour les finalit\u00e9s d\u00e9crites ci-dessus. En outre, vous pouvez emp\u00eacher la saisie des donn\u00e9es g\u00e9n\u00e9r\u00e9es par le cookie et relatives \u00e0 votre utilisation du site web par Google ainsi que le traitement de ces donn\u00e9es par Google en t\u00e9l\u00e9chargeant et en installant le plug-in de navigateur disponible sous le lien suivant : <a href=\"http:\/\/tools.google.com\/dlpage\/gaoptout?hl=de\" target=\"_blank\" rel=\"noreferrer noopener\">http:\/\/tools.google.com\/dlpage\/gaoptout?hl=de<\/a><\/p>\n\n<p><strong>D\u00e9claration de confidentialit\u00e9 pour l&rsquo;utilisation de Real Cookie Banner<\/strong><\/p>\n\n<p>Nous utilisons l&rsquo;outil de consentement \u00ab\u00a0Real Cookie Banner\u00a0\u00bb pour g\u00e9rer les cookies et les technologies similaires utilis\u00e9es (pixels de suivi, balises web, etc.) et les consentements y aff\u00e9rents. Tu trouveras des d\u00e9tails sur le fonctionnement de \u00ab\u00a0Real Cookie Banner\u00a0\u00bb sous <a href=\"https:\/\/devowl.io\/de\/rcb\/datenverarbeitung\/\" rel=\"noreferrer noopener\" target=\"_blank\">https:\/\/devowl.io\/de\/rcb\/datenverarbeitung\/<\/a>.<\/p>\n\n<p>Les bases juridiques pour le traitement des donn\u00e9es \u00e0 caract\u00e8re personnel dans ce contexte sont l&rsquo;art. 6 al. 1 lit. c DS-GVO und Art. 6 Abs. 1 lit. f DS-GVO. Notre int\u00e9r\u00eat l\u00e9gitime est de g\u00e9rer les cookies et technologies similaires utilis\u00e9s et les consentements y aff\u00e9rents.<\/p>\n\n<p>La mise \u00e0 disposition des donn\u00e9es personnelles n&rsquo;est ni prescrite contractuellement ni n\u00e9cessaire \u00e0 la conclusion d&rsquo;un contrat. Vous n&rsquo;\u00eates pas oblig\u00e9 de fournir les donn\u00e9es personnelles. Si vous ne fournissez pas les donn\u00e9es personnelles, nous ne pourrons pas g\u00e9rer vos consentements.<\/p>\n\n<h3 class=\"wp-block-heading\">Formulaire de contact Donn\u00e9es<\/h3>\n\n<p>Si tu souhaites utiliser le formulaire de contact propos\u00e9 sur le site web pour entrer en contact avec nous, nous avons besoin des donn\u00e9es demand\u00e9es dans le formulaire pour r\u00e9pondre \u00e0 ta demande.<br\/>Certaines donn\u00e9es ne sont collect\u00e9es que sur une base volontaire. Nous utilisons ces donn\u00e9es exclusivement pour le traitement de ta demande et ne les transmettons pas \u00e0 des tiers.<br\/>Le traitement des donn\u00e9es saisies dans le formulaire de contact se fait exclusivement sur la base de ton consentement (art. 6, al. 1, let. a du RGPD).<br\/>Tu peux r\u00e9voquer \u00e0 tout moment le consentement donn\u00e9 pour l&rsquo;enregistrement des donn\u00e9es. La l\u00e9galit\u00e9 des op\u00e9rations de traitement des donn\u00e9es d\u00e9j\u00e0 effectu\u00e9es n&rsquo;est pas affect\u00e9e par la r\u00e9vocation.<br\/>Les donn\u00e9es que tu as d\u00e9pos\u00e9es chez nous \u00e0 des fins de prise de contact seront conserv\u00e9es par nous jusqu&rsquo;\u00e0 ce que tu nous demandes de les effacer ou que des d\u00e9lais l\u00e9gaux nous permettent ou exigent de les effacer.  <\/p>\n\n<p><strong>CentralStationCRM<br\/><\/strong>Ce site web utilise le logiciel CRM CentralStationCRM pour le stockage et le traitement de tes prises de contact. Le fournisseur est 42he GmbH, Herderstra\u00dfe 70, 50931 K\u00f6ln, Allemagne.<br\/>CentralStationCRM est un service qui permet, entre autres, d&rsquo;organiser et de g\u00e9rer les clients. Les donn\u00e9es que tu as saisies \u00e0 des fins de prise de contact sont stock\u00e9es sur les serveurs de CentralStationCRM en Allemagne.<br\/>Si tu ne souhaites pas que CentralStationCRM proc\u00e8de \u00e0 un traitement ult\u00e9rieur, tu dois en informer l&rsquo;exploitant de ce site web apr\u00e8s ta prise de contact.  <\/p>\n\n<p><strong>Analyse des donn\u00e9es par CentralStationCRM<br\/><\/strong>Gr\u00e2ce \u00e0 CentralStationCRM, nous sommes en mesure de mieux organiser et de r\u00e9pondre plus rapidement aux demandes d&rsquo;informations sur notre site web. CentralStationCRM nous permet \u00e9galement de,<br\/>de mieux regrouper nos clients et contacts. Cela nous permet de mieux cibler les ventes et le marketing.  <\/p>\n\n<p><strong>Base juridique<br\/><\/strong>Le traitement des donn\u00e9es s&rsquo;effectue sur la base de ton consentement (art. 6, paragraphe 1, point a du RGPD). Tu peux r\u00e9voquer ce consentement \u00e0 tout moment. La l\u00e9galit\u00e9 des op\u00e9rations de traitement des donn\u00e9es d\u00e9j\u00e0 effectu\u00e9es n&rsquo;est pas affect\u00e9e par la r\u00e9vocation.  <\/p>\n\n<p><strong>Dur\u00e9e de stockage<br\/><\/strong>Les donn\u00e9es que tu as d\u00e9pos\u00e9es chez nous dans le but de nous contacter sont conserv\u00e9es jusqu&rsquo;\u00e0 ce que nous les supprimions.<br\/>Pour en savoir plus, consulte la politique de confidentialit\u00e9 de CentralStationCRM \u00e0 l&rsquo;adresse suivante : https:\/\/centralstationcrm.net\/www\/privacy<\/p>\n\n<p><strong>Conclusion d&rsquo;un contrat de traitement des donn\u00e9es de commande<br\/><\/strong>Nous avons conclu un contrat avec CentralStationCRM dans lequel nous obligeons CentralStationCRM \u00e0 prot\u00e9ger les donn\u00e9es de nos clients et \u00e0 ne pas les divulguer \u00e0 des tiers. Ce contrat peut \u00eatre consult\u00e9 sur le lien suivant :<br\/>https:\/\/centralstationcrm.de\/avv <\/p>\n\n<h3 class=\"wp-block-heading\">Outils d&rsquo;analyse et publicit\u00e9<\/h3>\n\n<p><strong>Google reCAPTCHA<br\/><\/strong>Nous utilisons \u00ab Google reCAPTCHA \u00bb (ci-apr\u00e8s \u00ab reCAPTCHA \u00bb) sur nos sites Web. Le fournisseur est Google Inc., 1600 Amphitheatre Parkway, Mountain View, CA 94043, USA (\u00ab Google \u00bb).<\/p>\n\n<p>L&rsquo;objectif de reCAPTCHA est de v\u00e9rifier si la saisie de donn\u00e9es sur nos sites web (par exemple dans un formulaire de contact) est effectu\u00e9e par un \u00eatre humain ou par un programme automatis\u00e9.<br\/>Pour ce faire, reCAPTCHA analyse le comportement du visiteur du site web \u00e0 l&rsquo;aide de diff\u00e9rentes caract\u00e9ristiques. Cette analyse commence automatiquement d\u00e8s que le visiteur du site web entre sur le site.<br\/>Pour l&rsquo;analyse, reCAPTCHA \u00e9value diff\u00e9rentes informations (par exemple l&rsquo;adresse IP, le temps pass\u00e9 par le visiteur du site sur le site ou les mouvements de souris effectu\u00e9s par l&rsquo;utilisateur). Les donn\u00e9es collect\u00e9es lors de l&rsquo;analyse sont transmises \u00e0 Google.  <\/p>\n\n<p>Les analyses reCAPTCHA s&rsquo;effectuent enti\u00e8rement en arri\u00e8re-plan. Les visiteurs du site web ne sont pas inform\u00e9s qu&rsquo;une analyse est en cours. <\/p>\n\n<p>Le traitement des donn\u00e9es est effectu\u00e9 sur la base de l&rsquo;art. 6, al. 1 lit. f du RGPD. L&rsquo;exploitant du site web a un int\u00e9r\u00eat l\u00e9gitime \u00e0 prot\u00e9ger ses offres web contre l&rsquo;espionnage automatis\u00e9 abusif et le SPAM. <\/p>\n\n<p>Pour plus d&rsquo;informations sur Google reCAPTCHA et la d\u00e9claration de confidentialit\u00e9 de Google, consulte les liens suivants : https:\/\/www.google.com\/intl\/de\/policies\/privacy\/ et https:\/\/www.google.com\/recaptcha\/intro\/android.html.<\/p>\n\n<p>Cette <a href=\"https:\/\/jurarat.de\/muster-datenschutzerklaerung\" target=\"_blank\" rel=\"noreferrer noopener\">d\u00e9claration de confidentialit\u00e9<\/a> a \u00e9t\u00e9 aimablement mise \u00e0 disposition par <a href=\"https:\/\/jurarat.de\/\" target=\"_blank\" rel=\"noreferrer noopener\">jurarat.de.<\/a><\/p>\n","protected":false},"excerpt":{"rendered":"<p>Data protection L&rsquo;utilisation de notre site web (foundationmetaverse.eu) est g\u00e9n\u00e9ralement possible sans fournir de donn\u00e9es personnelles. Dans la mesure o\u00f9 des donn\u00e9es personnelles (par exemple nom, adresse, adresses e-mail, dans le cadre d&rsquo;une commande de marchandises, d&rsquo;une ouverture de compte ou d&rsquo;une inscription \u00e0 notre newsletter) sont collect\u00e9es sur notre site, elles le sont, dans la mesure du possible, uniquement [&hellip;]<\/p>\n","protected":false},"author":2,"featured_media":0,"parent":0,"menu_order":0,"comment_status":"closed","ping_status":"open","template":"","meta":{"_acf_changed":false,"_eb_attr":"","_EventAllDay":false,"_EventTimezone":"","_EventStartDate":"","_EventEndDate":"","_EventStartDateUTC":"","_EventEndDateUTC":"","_EventShowMap":false,"_EventShowMapLink":false,"_EventURL":"","_EventCost":"","_EventCostDescription":"","_EventCurrencySymbol":"","_EventCurrencyCode":"","_EventCurrencyPosition":"","_EventDateTimeSeparator":"","_EventTimeRangeSeparator":"","_EventOrganizerID":[],"_EventVenueID":[],"_OrganizerEmail":"","_OrganizerPhone":"","_OrganizerWebsite":"","_VenueAddress":"","_VenueCity":"","_VenueCountry":"","_VenueProvince":"","_VenueState":"","_VenueZip":"","_VenuePhone":"","_VenueURL":"","_VenueStateProvince":"","_VenueLat":"","_VenueLng":"","_VenueShowMap":false,"_VenueShowMapLink":false,"footnotes":""},"class_list":["post-717","page","type-page","status-publish","hentry"],"acf":[],"yoast_head":"<!-- This site is optimized with the Yoast SEO plugin v26.8 - https:\/\/yoast.com\/product\/yoast-seo-wordpress\/ -->\n<title>D\u00e9claration de confidentialit\u00e9 - Foundation Metaverse Europe<\/title>\n<meta name=\"robots\" content=\"index, follow, max-snippet:-1, max-image-preview:large, max-video-preview:-1\" \/>\n<link rel=\"canonical\" href=\"https:\/\/foundationmetaverse.eu\/fr\/declaration-de-confidentialite\" \/>\n<meta property=\"og:locale\" content=\"fr_FR\" \/>\n<meta property=\"og:type\" content=\"article\" \/>\n<meta property=\"og:title\" content=\"D\u00e9claration de confidentialit\u00e9 - Foundation Metaverse Europe\" \/>\n<meta property=\"og:description\" content=\"Data protection L&rsquo;utilisation de notre site web (foundationmetaverse.eu) est g\u00e9n\u00e9ralement possible sans fournir de donn\u00e9es personnelles. Dans la mesure o\u00f9 des donn\u00e9es personnelles (par exemple nom, adresse, adresses e-mail, dans le cadre d&rsquo;une commande de marchandises, d&rsquo;une ouverture de compte ou d&rsquo;une inscription \u00e0 notre newsletter) sont collect\u00e9es sur notre site, elles le sont, dans la mesure du possible, uniquement [&hellip;]\" \/>\n<meta property=\"og:url\" content=\"https:\/\/foundationmetaverse.eu\/fr\/declaration-de-confidentialite\" \/>\n<meta property=\"og:site_name\" content=\"Foundation Metaverse Europe\" \/>\n<meta property=\"article:modified_time\" content=\"2025-03-13T08:39:05+00:00\" \/>\n<meta name=\"twitter:card\" content=\"summary_large_image\" \/>\n<meta name=\"twitter:label1\" content=\"Dur\u00e9e de lecture estim\u00e9e\" \/>\n\t<meta name=\"twitter:data1\" content=\"7 minutes\" \/>\n<script type=\"application\/ld+json\" class=\"yoast-schema-graph\">{\"@context\":\"https:\/\/schema.org\",\"@graph\":[{\"@type\":\"WebPage\",\"@id\":\"https:\/\/foundationmetaverse.eu\/fr\/declaration-de-confidentialite\",\"url\":\"https:\/\/foundationmetaverse.eu\/fr\/declaration-de-confidentialite\",\"name\":\"D\u00e9claration de confidentialit\u00e9 - Foundation Metaverse Europe\",\"isPartOf\":{\"@id\":\"https:\/\/foundationmetaverse.eu\/fr#website\"},\"datePublished\":\"2022-03-04T13:45:30+00:00\",\"dateModified\":\"2025-03-13T08:39:05+00:00\",\"breadcrumb\":{\"@id\":\"https:\/\/foundationmetaverse.eu\/fr\/declaration-de-confidentialite#breadcrumb\"},\"inLanguage\":\"fr-FR\",\"potentialAction\":[{\"@type\":\"ReadAction\",\"target\":[\"https:\/\/foundationmetaverse.eu\/fr\/declaration-de-confidentialite\"]}]},{\"@type\":\"BreadcrumbList\",\"@id\":\"https:\/\/foundationmetaverse.eu\/fr\/declaration-de-confidentialite#breadcrumb\",\"itemListElement\":[{\"@type\":\"ListItem\",\"position\":1,\"name\":\"Startseite\",\"item\":\"https:\/\/foundationmetaverse.eu\/fr\"},{\"@type\":\"ListItem\",\"position\":2,\"name\":\"D\u00e9claration de confidentialit\u00e9\"}]},{\"@type\":\"WebSite\",\"@id\":\"https:\/\/foundationmetaverse.eu\/fr#website\",\"url\":\"https:\/\/foundationmetaverse.eu\/fr\",\"name\":\"Foundation Metaverse Europe\",\"description\":\"We anchor European values in the mind and heart of the Metaverse.\",\"publisher\":{\"@id\":\"https:\/\/foundationmetaverse.eu\/fr#organization\"},\"potentialAction\":[{\"@type\":\"SearchAction\",\"target\":{\"@type\":\"EntryPoint\",\"urlTemplate\":\"https:\/\/foundationmetaverse.eu\/fr?s={search_term_string}\"},\"query-input\":{\"@type\":\"PropertyValueSpecification\",\"valueRequired\":true,\"valueName\":\"search_term_string\"}}],\"inLanguage\":\"fr-FR\"},{\"@type\":\"Organization\",\"@id\":\"https:\/\/foundationmetaverse.eu\/fr#organization\",\"name\":\"Foundation Metaverse Europe\",\"url\":\"https:\/\/foundationmetaverse.eu\/fr\",\"logo\":{\"@type\":\"ImageObject\",\"inLanguage\":\"fr-FR\",\"@id\":\"https:\/\/foundationmetaverse.eu\/fr#\/schema\/logo\/image\/\",\"url\":\"https:\/\/foundationmetaverse.eu\/wp-content\/uploads\/2022\/04\/FME_Logo_AllBlack_Small.png\",\"contentUrl\":\"https:\/\/foundationmetaverse.eu\/wp-content\/uploads\/2022\/04\/FME_Logo_AllBlack_Small.png\",\"width\":600,\"height\":262,\"caption\":\"Foundation Metaverse Europe\"},\"image\":{\"@id\":\"https:\/\/foundationmetaverse.eu\/fr#\/schema\/logo\/image\/\"},\"sameAs\":[\"https:\/\/www.linkedin.com\/company\/foundation-metaverse-europe\/\"]}]}<\/script>\n<!-- \/ Yoast SEO plugin. -->","yoast_head_json":{"title":"D\u00e9claration de confidentialit\u00e9 - Foundation Metaverse Europe","robots":{"index":"index","follow":"follow","max-snippet":"max-snippet:-1","max-image-preview":"max-image-preview:large","max-video-preview":"max-video-preview:-1"},"canonical":"https:\/\/foundationmetaverse.eu\/fr\/declaration-de-confidentialite","og_locale":"fr_FR","og_type":"article","og_title":"D\u00e9claration de confidentialit\u00e9 - Foundation Metaverse Europe","og_description":"Data protection L&rsquo;utilisation de notre site web (foundationmetaverse.eu) est g\u00e9n\u00e9ralement possible sans fournir de donn\u00e9es personnelles. Dans la mesure o\u00f9 des donn\u00e9es personnelles (par exemple nom, adresse, adresses e-mail, dans le cadre d&rsquo;une commande de marchandises, d&rsquo;une ouverture de compte ou d&rsquo;une inscription \u00e0 notre newsletter) sont collect\u00e9es sur notre site, elles le sont, dans la mesure du possible, uniquement [&hellip;]","og_url":"https:\/\/foundationmetaverse.eu\/fr\/declaration-de-confidentialite","og_site_name":"Foundation Metaverse Europe","article_modified_time":"2025-03-13T08:39:05+00:00","twitter_card":"summary_large_image","twitter_misc":{"Dur\u00e9e de lecture estim\u00e9e":"7 minutes"},"schema":{"@context":"https:\/\/schema.org","@graph":[{"@type":"WebPage","@id":"https:\/\/foundationmetaverse.eu\/fr\/declaration-de-confidentialite","url":"https:\/\/foundationmetaverse.eu\/fr\/declaration-de-confidentialite","name":"D\u00e9claration de confidentialit\u00e9 - Foundation Metaverse Europe","isPartOf":{"@id":"https:\/\/foundationmetaverse.eu\/fr#website"},"datePublished":"2022-03-04T13:45:30+00:00","dateModified":"2025-03-13T08:39:05+00:00","breadcrumb":{"@id":"https:\/\/foundationmetaverse.eu\/fr\/declaration-de-confidentialite#breadcrumb"},"inLanguage":"fr-FR","potentialAction":[{"@type":"ReadAction","target":["https:\/\/foundationmetaverse.eu\/fr\/declaration-de-confidentialite"]}]},{"@type":"BreadcrumbList","@id":"https:\/\/foundationmetaverse.eu\/fr\/declaration-de-confidentialite#breadcrumb","itemListElement":[{"@type":"ListItem","position":1,"name":"Startseite","item":"https:\/\/foundationmetaverse.eu\/fr"},{"@type":"ListItem","position":2,"name":"D\u00e9claration de confidentialit\u00e9"}]},{"@type":"WebSite","@id":"https:\/\/foundationmetaverse.eu\/fr#website","url":"https:\/\/foundationmetaverse.eu\/fr","name":"Foundation Metaverse Europe","description":"We anchor European values in the mind and heart of the Metaverse.","publisher":{"@id":"https:\/\/foundationmetaverse.eu\/fr#organization"},"potentialAction":[{"@type":"SearchAction","target":{"@type":"EntryPoint","urlTemplate":"https:\/\/foundationmetaverse.eu\/fr?s={search_term_string}"},"query-input":{"@type":"PropertyValueSpecification","valueRequired":true,"valueName":"search_term_string"}}],"inLanguage":"fr-FR"},{"@type":"Organization","@id":"https:\/\/foundationmetaverse.eu\/fr#organization","name":"Foundation Metaverse Europe","url":"https:\/\/foundationmetaverse.eu\/fr","logo":{"@type":"ImageObject","inLanguage":"fr-FR","@id":"https:\/\/foundationmetaverse.eu\/fr#\/schema\/logo\/image\/","url":"https:\/\/foundationmetaverse.eu\/wp-content\/uploads\/2022\/04\/FME_Logo_AllBlack_Small.png","contentUrl":"https:\/\/foundationmetaverse.eu\/wp-content\/uploads\/2022\/04\/FME_Logo_AllBlack_Small.png","width":600,"height":262,"caption":"Foundation Metaverse Europe"},"image":{"@id":"https:\/\/foundationmetaverse.eu\/fr#\/schema\/logo\/image\/"},"sameAs":["https:\/\/www.linkedin.com\/company\/foundation-metaverse-europe\/"]}]}},"jetpack_sharing_enabled":true,"_links":{"self":[{"href":"https:\/\/foundationmetaverse.eu\/fr\/wp-json\/wp\/v2\/pages\/717","targetHints":{"allow":["GET"]}}],"collection":[{"href":"https:\/\/foundationmetaverse.eu\/fr\/wp-json\/wp\/v2\/pages"}],"about":[{"href":"https:\/\/foundationmetaverse.eu\/fr\/wp-json\/wp\/v2\/types\/page"}],"author":[{"embeddable":true,"href":"https:\/\/foundationmetaverse.eu\/fr\/wp-json\/wp\/v2\/users\/2"}],"replies":[{"embeddable":true,"href":"https:\/\/foundationmetaverse.eu\/fr\/wp-json\/wp\/v2\/comments?post=717"}],"version-history":[{"count":3,"href":"https:\/\/foundationmetaverse.eu\/fr\/wp-json\/wp\/v2\/pages\/717\/revisions"}],"predecessor-version":[{"id":5558,"href":"https:\/\/foundationmetaverse.eu\/fr\/wp-json\/wp\/v2\/pages\/717\/revisions\/5558"}],"wp:attachment":[{"href":"https:\/\/foundationmetaverse.eu\/fr\/wp-json\/wp\/v2\/media?parent=717"}],"curies":[{"name":"wp","href":"https:\/\/api.w.org\/{rel}","templated":true}]}}