{"id":719,"date":"2022-03-04T18:29:59","date_gmt":"2022-03-04T17:29:59","guid":{"rendered":"https:\/\/foundationmetaverse.eu\/mentions-legales"},"modified":"2024-07-05T14:42:49","modified_gmt":"2024-07-05T12:42:49","slug":"mentions-legales","status":"publish","type":"page","link":"https:\/\/foundationmetaverse.eu\/fr\/mentions-legales","title":{"rendered":"Mentions l\u00e9gales"},"content":{"rendered":"\n<p>Informations selon \u00a7 5 TMG<\/p>\n\n<p><br\/>Foundation Metaverse Europe gGmbH <br\/>Am Luftschiffhafen 1, 14471 Potsdam<br\/>Repr\u00e9sent\u00e9 par :<br\/>Maren Courage et Oliver Autumn<br\/><\/p>\n\n<p>Contact<br\/>T\u00e9l\u00e9phone : +4933123540323<br\/>E-Mail: info@foundationmetaverse.eu<br\/><\/p>\n\n<p><\/p>\n\n<p>Num\u00e9ro de TVA intracommunautaire : <\/p>\n\n<p>Num\u00e9ro d&rsquo;identification de la taxe sur le chiffre d&rsquo;affaires conform\u00e9ment \u00e0 l&rsquo;art. \u00a7 27 a de la loi sur la TVA : 046\/125\/02809<br\/><\/p>\n\n<p><strong>Clause de non-responsabilit\u00e9 \u2013 Disclaimer:<\/strong><\/p>\n\n<p><br\/><strong>Responsabilit\u00e9 du contenu<\/strong><br\/>Tous les contenus de notre site Internet ont \u00e9t\u00e9 \u00e9labor\u00e9s avec le plus grand soin et en toute bonne foi. Nous ne pouvons toutefois pas garantir l&rsquo;exactitude, l&rsquo;exhaustivit\u00e9 et l&rsquo;actualit\u00e9 des contenus. En tant que prestataire de services, nous sommes tenus, conform\u00e9ment au \u00a7 7 al.1 TMG pour ses propres contenus sur ces pages selon les lois g\u00e9n\u00e9rales. Conform\u00e9ment aux \u00a7\u00a7 8 \u00e0 10 de la loi allemande sur les m\u00e9dias \u00e9lectroniques (TMG), nous ne sommes toutefois pas tenus, en tant que prestataire de services, de surveiller les informations externes transmises ou enregistr\u00e9es ou de rechercher des circonstances indiquant une activit\u00e9 ill\u00e9gale. Les obligations de supprimer ou de bloquer l&rsquo;utilisation d&rsquo;informations conform\u00e9ment aux lois g\u00e9n\u00e9rales restent inchang\u00e9es.<br\/>Une responsabilit\u00e9 \u00e0 cet \u00e9gard n&rsquo;est toutefois possible qu&rsquo;\u00e0 partir du moment o\u00f9 une violation concr\u00e8te de la loi a \u00e9t\u00e9 port\u00e9e \u00e0 notre connaissance. Si nous prenons connaissance des violations de la loi susmentionn\u00e9es, nous supprimerons imm\u00e9diatement ces contenus.<\/p>\n\n<p><br\/><strong>Limitation de responsabilit\u00e9 pour les liens externes<\/strong><br\/>Notre site web contient des liens vers des sites web externes de tiers. Nous n&rsquo;avons aucune influence sur le contenu de ces sites web li\u00e9s directement ou indirectement. Nous ne pouvons donc pas garantir l&rsquo;exactitude des contenus des \u00ab\u00a0liens externes\u00a0\u00bb. Les fournisseurs ou exploitants respectifs (auteurs) des pages sont responsables du contenu des liens externes.<br\/>Les liens externes ont \u00e9t\u00e9 v\u00e9rifi\u00e9s au moment de la mise en place des liens quant \u00e0 d&rsquo;\u00e9ventuelles violations de la loi et \u00e9taient exempts de contenus ill\u00e9gaux au moment de la mise en place des liens. Un contr\u00f4le permanent du contenu des liens externes n&rsquo;est pas possible sans indices concrets d&rsquo;une violation de la loi. En cas de liens directs ou indirects vers des sites Internet de tiers qui ne rel\u00e8vent pas de notre responsabilit\u00e9, notre responsabilit\u00e9 ne serait engag\u00e9e que si nous avions connaissance des contenus et qu&rsquo;il nous \u00e9tait techniquement possible et raisonnable d&rsquo;en emp\u00eacher l&rsquo;utilisation en cas de contenus ill\u00e9gaux.<br\/>Cette d\u00e9claration de non-responsabilit\u00e9 s&rsquo;applique \u00e9galement aux liens et renvois plac\u00e9s sur le propre site Internet \u00ab\u00a0Nom de votre domaine\u00a0\u00bb par les auteurs de questions, les contributeurs de blogs, les invit\u00e9s du forum de discussion. Seul le fournisseur de services de la page \u00e0 laquelle il a \u00e9t\u00e9 renvoy\u00e9 est responsable des contenus ill\u00e9gaux, erron\u00e9s ou incomplets et en particulier des dommages r\u00e9sultant de l&rsquo;utilisation ou de la non-utilisation des informations ainsi pr\u00e9sent\u00e9es, et non celui qui ne fait que renvoyer \u00e0 la publication concern\u00e9e par le biais de liens.<br\/>Si nous avons connaissance de violations de la loi, nous supprimerons imm\u00e9diatement les liens externes.<\/p>\n\n<p><br\/><strong>Droit d&rsquo;auteur<\/strong><br\/>Les contenus et \u0153uvres publi\u00e9s sur notre site Internet sont soumis au droit d&rsquo;auteur allemand (http:\/\/www.gesetze-im-internet.de\/bundesrecht\/urhg\/gesamt.pdf) . La reproduction, le traitement, la diffusion et toute forme d&rsquo;exploitation de la propri\u00e9t\u00e9 intellectuelle du point de vue conceptuel et mat\u00e9riel de l&rsquo;auteur en dehors des limites du droit d&rsquo;auteur requi\u00e8rent l&rsquo;accord \u00e9crit pr\u00e9alable de l&rsquo;auteur concern\u00e9 au sens de la loi sur le droit d&rsquo;auteur (http:\/\/www.gesetze-im-internet.de\/bundesrecht\/urhg\/gesamt.pdf ). Les t\u00e9l\u00e9chargements et les copies de cette page ne sont autoris\u00e9s que pour un usage priv\u00e9 et non commercial. Si les contenus de notre site web n&rsquo;ont pas \u00e9t\u00e9 cr\u00e9\u00e9s par nous, les droits d&rsquo;auteur de tiers doivent \u00eatre respect\u00e9s. Les contenus de tiers sont identifi\u00e9s comme tels. Si vous deviez n\u00e9anmoins constater une violation des droits d&rsquo;auteur, nous vous prions de nous en informer. Si nous prenons connaissance de violations de la loi, nous supprimerons imm\u00e9diatement de tels contenus.<\/p>\n\n<p><br\/>Ces mentions l\u00e9gales ont \u00e9t\u00e9 aimablement mises \u00e0 disposition par jurarat.de.<\/p>\n","protected":false},"excerpt":{"rendered":"<p>Informations selon \u00a7 5 TMG Foundation Metaverse Europe gGmbH Am Luftschiffhafen 1, 14471 PotsdamRepr\u00e9sent\u00e9 par :Maren Courage et Oliver Autumn ContactT\u00e9l\u00e9phone : +4933123540323E-Mail: info@foundationmetaverse.eu Num\u00e9ro de TVA intracommunautaire : Num\u00e9ro d&rsquo;identification de la taxe sur le chiffre d&rsquo;affaires conform\u00e9ment \u00e0 l&rsquo;art. \u00a7 27 a de la loi sur la TVA : 046\/125\/02809 Clause de non-responsabilit\u00e9 \u2013 Disclaimer: Responsabilit\u00e9 du contenuTous [&hellip;]<\/p>\n","protected":false},"author":2,"featured_media":0,"parent":0,"menu_order":0,"comment_status":"closed","ping_status":"closed","template":"","meta":{"_acf_changed":false,"_eb_attr":"","_EventAllDay":false,"_EventTimezone":"","_EventStartDate":"","_EventEndDate":"","_EventStartDateUTC":"","_EventEndDateUTC":"","_EventShowMap":false,"_EventShowMapLink":false,"_EventURL":"","_EventCost":"","_EventCostDescription":"","_EventCurrencySymbol":"","_EventCurrencyCode":"","_EventCurrencyPosition":"","_EventDateTimeSeparator":"","_EventTimeRangeSeparator":"","_EventOrganizerID":[],"_EventVenueID":[],"_OrganizerEmail":"","_OrganizerPhone":"","_OrganizerWebsite":"","_VenueAddress":"","_VenueCity":"","_VenueCountry":"","_VenueProvince":"","_VenueState":"","_VenueZip":"","_VenuePhone":"","_VenueURL":"","_VenueStateProvince":"","_VenueLat":"","_VenueLng":"","_VenueShowMap":false,"_VenueShowMapLink":false,"footnotes":""},"class_list":["post-719","page","type-page","status-publish","hentry"],"acf":[],"yoast_head":"<!-- This site is optimized with the Yoast SEO plugin v26.8 - https:\/\/yoast.com\/product\/yoast-seo-wordpress\/ -->\n<title>Mentions l\u00e9gales - Foundation Metaverse Europe<\/title>\n<meta name=\"robots\" content=\"index, follow, max-snippet:-1, max-image-preview:large, max-video-preview:-1\" \/>\n<link rel=\"canonical\" href=\"https:\/\/foundationmetaverse.eu\/fr\/mentions-legales\" \/>\n<meta property=\"og:locale\" content=\"fr_FR\" \/>\n<meta property=\"og:type\" content=\"article\" \/>\n<meta property=\"og:title\" content=\"Mentions l\u00e9gales - Foundation Metaverse Europe\" \/>\n<meta property=\"og:description\" content=\"Informations selon \u00a7 5 TMG Foundation Metaverse Europe gGmbH Am Luftschiffhafen 1, 14471 PotsdamRepr\u00e9sent\u00e9 par :Maren Courage et Oliver Autumn ContactT\u00e9l\u00e9phone : +4933123540323E-Mail: info@foundationmetaverse.eu Num\u00e9ro de TVA intracommunautaire : Num\u00e9ro d&rsquo;identification de la taxe sur le chiffre d&rsquo;affaires conform\u00e9ment \u00e0 l&rsquo;art. \u00a7 27 a de la loi sur la TVA : 046\/125\/02809 Clause de non-responsabilit\u00e9 \u2013 Disclaimer: Responsabilit\u00e9 du contenuTous [&hellip;]\" \/>\n<meta property=\"og:url\" content=\"https:\/\/foundationmetaverse.eu\/fr\/mentions-legales\" \/>\n<meta property=\"og:site_name\" content=\"Foundation Metaverse Europe\" \/>\n<meta property=\"article:modified_time\" content=\"2024-07-05T12:42:49+00:00\" \/>\n<meta name=\"twitter:card\" content=\"summary_large_image\" \/>\n<meta name=\"twitter:label1\" content=\"Dur\u00e9e de lecture estim\u00e9e\" \/>\n\t<meta name=\"twitter:data1\" content=\"3 minutes\" \/>\n<script type=\"application\/ld+json\" class=\"yoast-schema-graph\">{\"@context\":\"https:\/\/schema.org\",\"@graph\":[{\"@type\":\"WebPage\",\"@id\":\"https:\/\/foundationmetaverse.eu\/fr\/mentions-legales\",\"url\":\"https:\/\/foundationmetaverse.eu\/fr\/mentions-legales\",\"name\":\"Mentions l\u00e9gales - Foundation Metaverse Europe\",\"isPartOf\":{\"@id\":\"https:\/\/foundationmetaverse.eu\/fr#website\"},\"datePublished\":\"2022-03-04T17:29:59+00:00\",\"dateModified\":\"2024-07-05T12:42:49+00:00\",\"breadcrumb\":{\"@id\":\"https:\/\/foundationmetaverse.eu\/fr\/mentions-legales#breadcrumb\"},\"inLanguage\":\"fr-FR\",\"potentialAction\":[{\"@type\":\"ReadAction\",\"target\":[\"https:\/\/foundationmetaverse.eu\/fr\/mentions-legales\"]}]},{\"@type\":\"BreadcrumbList\",\"@id\":\"https:\/\/foundationmetaverse.eu\/fr\/mentions-legales#breadcrumb\",\"itemListElement\":[{\"@type\":\"ListItem\",\"position\":1,\"name\":\"Startseite\",\"item\":\"https:\/\/foundationmetaverse.eu\/fr\"},{\"@type\":\"ListItem\",\"position\":2,\"name\":\"Mentions l\u00e9gales\"}]},{\"@type\":\"WebSite\",\"@id\":\"https:\/\/foundationmetaverse.eu\/fr#website\",\"url\":\"https:\/\/foundationmetaverse.eu\/fr\",\"name\":\"Foundation Metaverse Europe\",\"description\":\"We anchor European values in the mind and heart of the Metaverse.\",\"publisher\":{\"@id\":\"https:\/\/foundationmetaverse.eu\/fr#organization\"},\"potentialAction\":[{\"@type\":\"SearchAction\",\"target\":{\"@type\":\"EntryPoint\",\"urlTemplate\":\"https:\/\/foundationmetaverse.eu\/fr?s={search_term_string}\"},\"query-input\":{\"@type\":\"PropertyValueSpecification\",\"valueRequired\":true,\"valueName\":\"search_term_string\"}}],\"inLanguage\":\"fr-FR\"},{\"@type\":\"Organization\",\"@id\":\"https:\/\/foundationmetaverse.eu\/fr#organization\",\"name\":\"Foundation Metaverse Europe\",\"url\":\"https:\/\/foundationmetaverse.eu\/fr\",\"logo\":{\"@type\":\"ImageObject\",\"inLanguage\":\"fr-FR\",\"@id\":\"https:\/\/foundationmetaverse.eu\/fr#\/schema\/logo\/image\/\",\"url\":\"https:\/\/foundationmetaverse.eu\/wp-content\/uploads\/2022\/04\/FME_Logo_AllBlack_Small.png\",\"contentUrl\":\"https:\/\/foundationmetaverse.eu\/wp-content\/uploads\/2022\/04\/FME_Logo_AllBlack_Small.png\",\"width\":600,\"height\":262,\"caption\":\"Foundation Metaverse Europe\"},\"image\":{\"@id\":\"https:\/\/foundationmetaverse.eu\/fr#\/schema\/logo\/image\/\"},\"sameAs\":[\"https:\/\/www.linkedin.com\/company\/foundation-metaverse-europe\/\"]}]}<\/script>\n<!-- \/ Yoast SEO plugin. -->","yoast_head_json":{"title":"Mentions l\u00e9gales - Foundation Metaverse Europe","robots":{"index":"index","follow":"follow","max-snippet":"max-snippet:-1","max-image-preview":"max-image-preview:large","max-video-preview":"max-video-preview:-1"},"canonical":"https:\/\/foundationmetaverse.eu\/fr\/mentions-legales","og_locale":"fr_FR","og_type":"article","og_title":"Mentions l\u00e9gales - Foundation Metaverse Europe","og_description":"Informations selon \u00a7 5 TMG Foundation Metaverse Europe gGmbH Am Luftschiffhafen 1, 14471 PotsdamRepr\u00e9sent\u00e9 par :Maren Courage et Oliver Autumn ContactT\u00e9l\u00e9phone : +4933123540323E-Mail: info@foundationmetaverse.eu Num\u00e9ro de TVA intracommunautaire : Num\u00e9ro d&rsquo;identification de la taxe sur le chiffre d&rsquo;affaires conform\u00e9ment \u00e0 l&rsquo;art. \u00a7 27 a de la loi sur la TVA : 046\/125\/02809 Clause de non-responsabilit\u00e9 \u2013 Disclaimer: Responsabilit\u00e9 du contenuTous [&hellip;]","og_url":"https:\/\/foundationmetaverse.eu\/fr\/mentions-legales","og_site_name":"Foundation Metaverse Europe","article_modified_time":"2024-07-05T12:42:49+00:00","twitter_card":"summary_large_image","twitter_misc":{"Dur\u00e9e de lecture estim\u00e9e":"3 minutes"},"schema":{"@context":"https:\/\/schema.org","@graph":[{"@type":"WebPage","@id":"https:\/\/foundationmetaverse.eu\/fr\/mentions-legales","url":"https:\/\/foundationmetaverse.eu\/fr\/mentions-legales","name":"Mentions l\u00e9gales - Foundation Metaverse Europe","isPartOf":{"@id":"https:\/\/foundationmetaverse.eu\/fr#website"},"datePublished":"2022-03-04T17:29:59+00:00","dateModified":"2024-07-05T12:42:49+00:00","breadcrumb":{"@id":"https:\/\/foundationmetaverse.eu\/fr\/mentions-legales#breadcrumb"},"inLanguage":"fr-FR","potentialAction":[{"@type":"ReadAction","target":["https:\/\/foundationmetaverse.eu\/fr\/mentions-legales"]}]},{"@type":"BreadcrumbList","@id":"https:\/\/foundationmetaverse.eu\/fr\/mentions-legales#breadcrumb","itemListElement":[{"@type":"ListItem","position":1,"name":"Startseite","item":"https:\/\/foundationmetaverse.eu\/fr"},{"@type":"ListItem","position":2,"name":"Mentions l\u00e9gales"}]},{"@type":"WebSite","@id":"https:\/\/foundationmetaverse.eu\/fr#website","url":"https:\/\/foundationmetaverse.eu\/fr","name":"Foundation Metaverse Europe","description":"We anchor European values in the mind and heart of the Metaverse.","publisher":{"@id":"https:\/\/foundationmetaverse.eu\/fr#organization"},"potentialAction":[{"@type":"SearchAction","target":{"@type":"EntryPoint","urlTemplate":"https:\/\/foundationmetaverse.eu\/fr?s={search_term_string}"},"query-input":{"@type":"PropertyValueSpecification","valueRequired":true,"valueName":"search_term_string"}}],"inLanguage":"fr-FR"},{"@type":"Organization","@id":"https:\/\/foundationmetaverse.eu\/fr#organization","name":"Foundation Metaverse Europe","url":"https:\/\/foundationmetaverse.eu\/fr","logo":{"@type":"ImageObject","inLanguage":"fr-FR","@id":"https:\/\/foundationmetaverse.eu\/fr#\/schema\/logo\/image\/","url":"https:\/\/foundationmetaverse.eu\/wp-content\/uploads\/2022\/04\/FME_Logo_AllBlack_Small.png","contentUrl":"https:\/\/foundationmetaverse.eu\/wp-content\/uploads\/2022\/04\/FME_Logo_AllBlack_Small.png","width":600,"height":262,"caption":"Foundation Metaverse Europe"},"image":{"@id":"https:\/\/foundationmetaverse.eu\/fr#\/schema\/logo\/image\/"},"sameAs":["https:\/\/www.linkedin.com\/company\/foundation-metaverse-europe\/"]}]}},"jetpack_sharing_enabled":true,"_links":{"self":[{"href":"https:\/\/foundationmetaverse.eu\/fr\/wp-json\/wp\/v2\/pages\/719","targetHints":{"allow":["GET"]}}],"collection":[{"href":"https:\/\/foundationmetaverse.eu\/fr\/wp-json\/wp\/v2\/pages"}],"about":[{"href":"https:\/\/foundationmetaverse.eu\/fr\/wp-json\/wp\/v2\/types\/page"}],"author":[{"embeddable":true,"href":"https:\/\/foundationmetaverse.eu\/fr\/wp-json\/wp\/v2\/users\/2"}],"replies":[{"embeddable":true,"href":"https:\/\/foundationmetaverse.eu\/fr\/wp-json\/wp\/v2\/comments?post=719"}],"version-history":[{"count":2,"href":"https:\/\/foundationmetaverse.eu\/fr\/wp-json\/wp\/v2\/pages\/719\/revisions"}],"predecessor-version":[{"id":2925,"href":"https:\/\/foundationmetaverse.eu\/fr\/wp-json\/wp\/v2\/pages\/719\/revisions\/2925"}],"wp:attachment":[{"href":"https:\/\/foundationmetaverse.eu\/fr\/wp-json\/wp\/v2\/media?parent=719"}],"curies":[{"name":"wp","href":"https:\/\/api.w.org\/{rel}","templated":true}]}}