{"id":721,"date":"2022-10-14T06:53:38","date_gmt":"2022-10-14T06:53:38","guid":{"rendered":"https:\/\/foundationmetaverse.eu\/evenement-de-lancement-de-la-foundation-metaverse-europe-a-but-non-lucratif"},"modified":"2022-11-30T15:58:03","modified_gmt":"2022-11-30T15:58:03","slug":"evenement-de-lancement-de-la-foundation-metaverse-europe-a-but-non-lucratif","status":"publish","type":"page","link":"https:\/\/foundationmetaverse.eu\/fr\/evenement-de-lancement-de-la-foundation-metaverse-europe-a-but-non-lucratif","title":{"rendered":"\u00c9v\u00e9nement de lancement de la \u00ab\u00a0Foundation Metaverse Europe\u00a0\u00bb \u00e0 but non lucratif"},"content":{"rendered":"\n<figure class=\"wp-block-image size-full\"><img fetchpriority=\"high\" decoding=\"async\" width=\"600\" height=\"393\" src=\"https:\/\/foundationmetaverse.eu\/wp-content\/uploads\/2022\/08\/Banner-Visual-Foundation-Web.jpg\" alt=\"\" class=\"wp-image-267\" srcset=\"https:\/\/foundationmetaverse.eu\/wp-content\/uploads\/2022\/08\/Banner-Visual-Foundation-Web.jpg 600w, https:\/\/foundationmetaverse.eu\/wp-content\/uploads\/2022\/08\/Banner-Visual-Foundation-Web-300x197.jpg 300w, https:\/\/foundationmetaverse.eu\/wp-content\/uploads\/2022\/08\/Banner-Visual-Foundation-Web-368x240.jpg 368w\" sizes=\"(max-width: 600px) 100vw, 600px\" \/><\/figure>\n<p><strong>Rencontrez en exclusivit\u00e9 des d\u00e9cideurs \u00e9conomiques de premier plan ainsi que des hommes politiques du Bundestag et des L\u00e4nder dans l&rsquo;un des plus beaux lieux \u00e9v\u00e9nementiels au c\u0153ur de Berlin, le PanAm Lounge. <\/strong><\/p>\n\n<p>Cette soir\u00e9e a pour but d&rsquo;en apprendre davantage s<strong>ur le tr\u00e8s en vogue Metaverse.<\/strong> Nous souhaitons discuter avec vous et les experts, entre autres, des questions suivantes : Comment voulons-nous, en tant que soci\u00e9t\u00e9, faire face aux bouleversements qui s&rsquo;annoncent ? Comment identifier \u00e0 temps les innovations disruptives dans le contexte des mondes et des exp\u00e9riences virtuels ? Quels sont les dangers et les risques \u00e0 prendre en compte dans le contexte de notre souverainet\u00e9 europ\u00e9enne ? <\/p>\n\n<p><strong>Dans le cadre de cet \u00e9v\u00e9nement, Meta et le partenaire de Microsoft \u00ab\u00a0Animares\u00a0\u00bb pr\u00e9senteront les derniers casques de r\u00e9alit\u00e9 virtuelle et mixte<\/strong> et vous donneront la possibilit\u00e9 de vous immerger directement dans le Metaverse.<\/p>\n\n<h2 class=\"wp-block-heading\">Programme<\/h2>\n\n<p><strong class=\"\">19:00 R\u00e9ception <\/strong><\/p>\n\n<p><strong class=\"\">19h30 Accueil et pr\u00e9sentation de la fondation : <\/strong><br\/>Maren Courage et Oliver Autumn, fondateurs de la fondation Metaverse Europe<\/p>\n\n<p><strong class=\"\">19h45 Keynote : \u00ab\u00a0Metaverse avec perspective sur l&rsquo;industrie allemande\u00a0\u00bb.<\/strong><br\/>Iris Pl\u00f6ger, membre de la direction g\u00e9n\u00e9rale de BDI <\/p>\n\n<p><strong class=\"\">20:00 Courts d\u00e9bats \u00ab\u00a0Quo Vadis Metaverse ?\u00a0\u00bb<\/strong><\/p>\n\n<ul class=\"wp-block-list\"><li><strong>\u00ab\u00a0L&rsquo;\u00e9thique num\u00e9rique : le facilitateur dans le m\u00e9tavers\u00a0\u00bb,<\/strong> Maike Scholz, Senior Expert Group Compliance &#8211; Squad Lead Digital Ethics , membre fondateur de l&rsquo;initiative \u00ab\u00a0Digitale Ethik\u00a0\u00bb Deutsche Telekom<br\/><em>Pourquoi les entreprises s&rsquo;int\u00e9ressent-elles \u00e0 l&rsquo;\u00e9thique num\u00e9rique ? Quels sont les d\u00e9fis \u00e9thiques per\u00e7us pour le m\u00e9tavers ? Et pourquoi l&rsquo;\u00e9thique num\u00e9rique repr\u00e9sente-t-elle une part essentielle de sa mise en \u0153uvre r\u00e9ussie ? Dans son expos\u00e9, Maike Scholz aborde ces questions du point de vue de l&rsquo;entreprise en prenant l&rsquo;exemple de Deutsche Telekom.<\/em><\/li><\/ul>\n<p><\/p>\n\n<ul class=\"wp-block-list\"><li><strong>10 questions. 10 r\u00e9ponses. \u00ab\u00a0Augmentation du m\u00e9tavers pour la cr\u00e9ativit\u00e9 humaine\u00a0\u00bb<\/strong><br\/>Les exp\u00e9riences de Siemens en mati\u00e8re d&rsquo;immersion dans le m\u00e9tavers, l&rsquo;IA, la NFT et la blockchain <br\/>Tobias Eismann, Senior Strategist | Creativity and Innovation Management chez Siemens<\/li><\/ul>\n<p><\/p>\n\n<p><strong class=\"\">20h30 Flying Dinner et essais sur les stations de d\u00e9monstration <\/strong><\/p>\n\n<ul class=\"wp-block-list\"><li>Animares \/ Partenaire Microsoft &#8211; Next Level MedEd : Use cases du domaine de l&rsquo;\u00e9ducation m\u00e9dicale pr\u00e9sent\u00e9s avec Hololens2<\/li><li>Meta pr\u00e9sente les lunettes VR \u00ab\u00a0Quest 2\u00a0\u00bb avec la plateforme de collaboration VR de Metaverse \u00ab\u00a0Horizon Workrooms\u00a0\u00bb, qui permet aux \u00e9quipes de se mettre en r\u00e9seau, de travailler ensemble et de d\u00e9velopper des id\u00e9es communes.<\/li><\/ul>\n<p><\/p>\n\n<p><strong class=\"\">21h15 Pr\u00e9sentation des premiers r\u00e9sultats de l&rsquo;\u00e9tude sur la d\u00e9mocratie selon les valeurs europ\u00e9ennes dans le m\u00e9tavers<\/strong><\/p>\n\n<ul class=\"wp-block-list\"><li>Dr. Isabella Hermann, membre du conseil d&rsquo;administration de la Fondation Zukunft Berlin<\/li><li>Q&amp;R<\/li><\/ul>\n<p><\/p>\n\n<p><strong class=\"\">21h40 Tables rondes d\u00e9contract\u00e9es et rencontre avec boissons et dessert<\/strong>   <\/p>\n\n<p><strong class=\"\">22h30 Fin de la manifestation <\/strong><\/p>\n","protected":false},"excerpt":{"rendered":"<p>Rencontrez en exclusivit\u00e9 des d\u00e9cideurs \u00e9conomiques de premier plan ainsi que des hommes politiques du Bundestag et des L\u00e4nder dans l&rsquo;un des plus beaux lieux \u00e9v\u00e9nementiels au c\u0153ur de Berlin, le PanAm Lounge. Cette soir\u00e9e a pour but d&rsquo;en apprendre davantage sur le tr\u00e8s en vogue Metaverse. Nous souhaitons discuter avec vous et les experts, entre autres, des questions suivantes [&hellip;]<\/p>\n","protected":false},"author":2,"featured_media":0,"parent":0,"menu_order":0,"comment_status":"closed","ping_status":"closed","template":"","meta":{"_acf_changed":false,"_eb_attr":"","_EventAllDay":false,"_EventTimezone":"","_EventStartDate":"","_EventEndDate":"","_EventStartDateUTC":"","_EventEndDateUTC":"","_EventShowMap":false,"_EventShowMapLink":false,"_EventURL":"","_EventCost":"","_EventCostDescription":"","_EventCurrencySymbol":"","_EventCurrencyCode":"","_EventCurrencyPosition":"","_EventDateTimeSeparator":"","_EventTimeRangeSeparator":"","_EventOrganizerID":[],"_EventVenueID":[],"_OrganizerEmail":"","_OrganizerPhone":"","_OrganizerWebsite":"","_VenueAddress":"","_VenueCity":"","_VenueCountry":"","_VenueProvince":"","_VenueState":"","_VenueZip":"","_VenuePhone":"","_VenueURL":"","_VenueStateProvince":"","_VenueLat":"","_VenueLng":"","_VenueShowMap":false,"_VenueShowMapLink":false,"footnotes":""},"class_list":["post-721","page","type-page","status-publish","hentry"],"acf":[],"yoast_head":"<!-- This site is optimized with the Yoast SEO plugin v26.8 - https:\/\/yoast.com\/product\/yoast-seo-wordpress\/ -->\n<title>\u00c9v\u00e9nement de lancement de la &quot;Foundation Metaverse Europe&quot; \u00e0 but non lucratif - Foundation Metaverse Europe<\/title>\n<meta name=\"robots\" content=\"index, follow, max-snippet:-1, max-image-preview:large, max-video-preview:-1\" \/>\n<link rel=\"canonical\" href=\"https:\/\/foundationmetaverse.eu\/fr\/evenement-de-lancement-de-la-foundation-metaverse-europe-a-but-non-lucratif\" \/>\n<meta property=\"og:locale\" content=\"fr_FR\" \/>\n<meta property=\"og:type\" content=\"article\" \/>\n<meta property=\"og:title\" content=\"\u00c9v\u00e9nement de lancement de la &quot;Foundation Metaverse Europe&quot; \u00e0 but non lucratif - Foundation Metaverse Europe\" \/>\n<meta property=\"og:description\" content=\"Rencontrez en exclusivit\u00e9 des d\u00e9cideurs \u00e9conomiques de premier plan ainsi que des hommes politiques du Bundestag et des L\u00e4nder dans l&rsquo;un des plus beaux lieux \u00e9v\u00e9nementiels au c\u0153ur de Berlin, le PanAm Lounge. Cette soir\u00e9e a pour but d&rsquo;en apprendre davantage sur le tr\u00e8s en vogue Metaverse. Nous souhaitons discuter avec vous et les experts, entre autres, des questions suivantes [&hellip;]\" \/>\n<meta property=\"og:url\" content=\"https:\/\/foundationmetaverse.eu\/fr\/evenement-de-lancement-de-la-foundation-metaverse-europe-a-but-non-lucratif\" \/>\n<meta property=\"og:site_name\" content=\"Foundation Metaverse Europe\" \/>\n<meta property=\"article:modified_time\" content=\"2022-11-30T15:58:03+00:00\" \/>\n<meta property=\"og:image\" content=\"https:\/\/foundationmetaverse.eu\/wp-content\/uploads\/2022\/08\/Banner-Visual-Foundation-Web.jpg\" \/>\n<meta name=\"twitter:card\" content=\"summary_large_image\" \/>\n<meta name=\"twitter:label1\" content=\"Dur\u00e9e de lecture estim\u00e9e\" \/>\n\t<meta name=\"twitter:data1\" content=\"2 minutes\" \/>\n<script type=\"application\/ld+json\" class=\"yoast-schema-graph\">{\"@context\":\"https:\/\/schema.org\",\"@graph\":[{\"@type\":\"WebPage\",\"@id\":\"https:\/\/foundationmetaverse.eu\/fr\/evenement-de-lancement-de-la-foundation-metaverse-europe-a-but-non-lucratif\",\"url\":\"https:\/\/foundationmetaverse.eu\/fr\/evenement-de-lancement-de-la-foundation-metaverse-europe-a-but-non-lucratif\",\"name\":\"\u00c9v\u00e9nement de lancement de la \\\"Foundation Metaverse Europe\\\" \u00e0 but non lucratif - Foundation Metaverse Europe\",\"isPartOf\":{\"@id\":\"https:\/\/foundationmetaverse.eu\/fr#website\"},\"primaryImageOfPage\":{\"@id\":\"https:\/\/foundationmetaverse.eu\/fr\/evenement-de-lancement-de-la-foundation-metaverse-europe-a-but-non-lucratif#primaryimage\"},\"image\":{\"@id\":\"https:\/\/foundationmetaverse.eu\/fr\/evenement-de-lancement-de-la-foundation-metaverse-europe-a-but-non-lucratif#primaryimage\"},\"thumbnailUrl\":\"https:\/\/foundationmetaverse.eu\/wp-content\/uploads\/2022\/08\/Banner-Visual-Foundation-Web.jpg\",\"datePublished\":\"2022-10-14T06:53:38+00:00\",\"dateModified\":\"2022-11-30T15:58:03+00:00\",\"breadcrumb\":{\"@id\":\"https:\/\/foundationmetaverse.eu\/fr\/evenement-de-lancement-de-la-foundation-metaverse-europe-a-but-non-lucratif#breadcrumb\"},\"inLanguage\":\"fr-FR\",\"potentialAction\":[{\"@type\":\"ReadAction\",\"target\":[\"https:\/\/foundationmetaverse.eu\/fr\/evenement-de-lancement-de-la-foundation-metaverse-europe-a-but-non-lucratif\"]}]},{\"@type\":\"ImageObject\",\"inLanguage\":\"fr-FR\",\"@id\":\"https:\/\/foundationmetaverse.eu\/fr\/evenement-de-lancement-de-la-foundation-metaverse-europe-a-but-non-lucratif#primaryimage\",\"url\":\"https:\/\/foundationmetaverse.eu\/wp-content\/uploads\/2022\/08\/Banner-Visual-Foundation-Web.jpg\",\"contentUrl\":\"https:\/\/foundationmetaverse.eu\/wp-content\/uploads\/2022\/08\/Banner-Visual-Foundation-Web.jpg\"},{\"@type\":\"BreadcrumbList\",\"@id\":\"https:\/\/foundationmetaverse.eu\/fr\/evenement-de-lancement-de-la-foundation-metaverse-europe-a-but-non-lucratif#breadcrumb\",\"itemListElement\":[{\"@type\":\"ListItem\",\"position\":1,\"name\":\"Startseite\",\"item\":\"https:\/\/foundationmetaverse.eu\/fr\"},{\"@type\":\"ListItem\",\"position\":2,\"name\":\"\u00c9v\u00e9nement de lancement de la &#8220;Foundation Metaverse Europe&#8221; \u00e0 but non lucratif\"}]},{\"@type\":\"WebSite\",\"@id\":\"https:\/\/foundationmetaverse.eu\/fr#website\",\"url\":\"https:\/\/foundationmetaverse.eu\/fr\",\"name\":\"Foundation Metaverse Europe\",\"description\":\"We anchor European values in the mind and heart of the Metaverse.\",\"publisher\":{\"@id\":\"https:\/\/foundationmetaverse.eu\/fr#organization\"},\"potentialAction\":[{\"@type\":\"SearchAction\",\"target\":{\"@type\":\"EntryPoint\",\"urlTemplate\":\"https:\/\/foundationmetaverse.eu\/fr?s={search_term_string}\"},\"query-input\":{\"@type\":\"PropertyValueSpecification\",\"valueRequired\":true,\"valueName\":\"search_term_string\"}}],\"inLanguage\":\"fr-FR\"},{\"@type\":\"Organization\",\"@id\":\"https:\/\/foundationmetaverse.eu\/fr#organization\",\"name\":\"Foundation Metaverse Europe\",\"url\":\"https:\/\/foundationmetaverse.eu\/fr\",\"logo\":{\"@type\":\"ImageObject\",\"inLanguage\":\"fr-FR\",\"@id\":\"https:\/\/foundationmetaverse.eu\/fr#\/schema\/logo\/image\/\",\"url\":\"https:\/\/foundationmetaverse.eu\/wp-content\/uploads\/2022\/04\/FME_Logo_AllBlack_Small.png\",\"contentUrl\":\"https:\/\/foundationmetaverse.eu\/wp-content\/uploads\/2022\/04\/FME_Logo_AllBlack_Small.png\",\"width\":600,\"height\":262,\"caption\":\"Foundation Metaverse Europe\"},\"image\":{\"@id\":\"https:\/\/foundationmetaverse.eu\/fr#\/schema\/logo\/image\/\"},\"sameAs\":[\"https:\/\/www.linkedin.com\/company\/foundation-metaverse-europe\/\"]}]}<\/script>\n<!-- \/ Yoast SEO plugin. -->","yoast_head_json":{"title":"\u00c9v\u00e9nement de lancement de la \"Foundation Metaverse Europe\" \u00e0 but non lucratif - Foundation Metaverse Europe","robots":{"index":"index","follow":"follow","max-snippet":"max-snippet:-1","max-image-preview":"max-image-preview:large","max-video-preview":"max-video-preview:-1"},"canonical":"https:\/\/foundationmetaverse.eu\/fr\/evenement-de-lancement-de-la-foundation-metaverse-europe-a-but-non-lucratif","og_locale":"fr_FR","og_type":"article","og_title":"\u00c9v\u00e9nement de lancement de la \"Foundation Metaverse Europe\" \u00e0 but non lucratif - Foundation Metaverse Europe","og_description":"Rencontrez en exclusivit\u00e9 des d\u00e9cideurs \u00e9conomiques de premier plan ainsi que des hommes politiques du Bundestag et des L\u00e4nder dans l&rsquo;un des plus beaux lieux \u00e9v\u00e9nementiels au c\u0153ur de Berlin, le PanAm Lounge. Cette soir\u00e9e a pour but d&rsquo;en apprendre davantage sur le tr\u00e8s en vogue Metaverse. Nous souhaitons discuter avec vous et les experts, entre autres, des questions suivantes [&hellip;]","og_url":"https:\/\/foundationmetaverse.eu\/fr\/evenement-de-lancement-de-la-foundation-metaverse-europe-a-but-non-lucratif","og_site_name":"Foundation Metaverse Europe","article_modified_time":"2022-11-30T15:58:03+00:00","og_image":[{"url":"https:\/\/foundationmetaverse.eu\/wp-content\/uploads\/2022\/08\/Banner-Visual-Foundation-Web.jpg","type":"","width":"","height":""}],"twitter_card":"summary_large_image","twitter_misc":{"Dur\u00e9e de lecture estim\u00e9e":"2 minutes"},"schema":{"@context":"https:\/\/schema.org","@graph":[{"@type":"WebPage","@id":"https:\/\/foundationmetaverse.eu\/fr\/evenement-de-lancement-de-la-foundation-metaverse-europe-a-but-non-lucratif","url":"https:\/\/foundationmetaverse.eu\/fr\/evenement-de-lancement-de-la-foundation-metaverse-europe-a-but-non-lucratif","name":"\u00c9v\u00e9nement de lancement de la \"Foundation Metaverse Europe\" \u00e0 but non lucratif - Foundation Metaverse Europe","isPartOf":{"@id":"https:\/\/foundationmetaverse.eu\/fr#website"},"primaryImageOfPage":{"@id":"https:\/\/foundationmetaverse.eu\/fr\/evenement-de-lancement-de-la-foundation-metaverse-europe-a-but-non-lucratif#primaryimage"},"image":{"@id":"https:\/\/foundationmetaverse.eu\/fr\/evenement-de-lancement-de-la-foundation-metaverse-europe-a-but-non-lucratif#primaryimage"},"thumbnailUrl":"https:\/\/foundationmetaverse.eu\/wp-content\/uploads\/2022\/08\/Banner-Visual-Foundation-Web.jpg","datePublished":"2022-10-14T06:53:38+00:00","dateModified":"2022-11-30T15:58:03+00:00","breadcrumb":{"@id":"https:\/\/foundationmetaverse.eu\/fr\/evenement-de-lancement-de-la-foundation-metaverse-europe-a-but-non-lucratif#breadcrumb"},"inLanguage":"fr-FR","potentialAction":[{"@type":"ReadAction","target":["https:\/\/foundationmetaverse.eu\/fr\/evenement-de-lancement-de-la-foundation-metaverse-europe-a-but-non-lucratif"]}]},{"@type":"ImageObject","inLanguage":"fr-FR","@id":"https:\/\/foundationmetaverse.eu\/fr\/evenement-de-lancement-de-la-foundation-metaverse-europe-a-but-non-lucratif#primaryimage","url":"https:\/\/foundationmetaverse.eu\/wp-content\/uploads\/2022\/08\/Banner-Visual-Foundation-Web.jpg","contentUrl":"https:\/\/foundationmetaverse.eu\/wp-content\/uploads\/2022\/08\/Banner-Visual-Foundation-Web.jpg"},{"@type":"BreadcrumbList","@id":"https:\/\/foundationmetaverse.eu\/fr\/evenement-de-lancement-de-la-foundation-metaverse-europe-a-but-non-lucratif#breadcrumb","itemListElement":[{"@type":"ListItem","position":1,"name":"Startseite","item":"https:\/\/foundationmetaverse.eu\/fr"},{"@type":"ListItem","position":2,"name":"\u00c9v\u00e9nement de lancement de la &#8220;Foundation Metaverse Europe&#8221; \u00e0 but non lucratif"}]},{"@type":"WebSite","@id":"https:\/\/foundationmetaverse.eu\/fr#website","url":"https:\/\/foundationmetaverse.eu\/fr","name":"Foundation Metaverse Europe","description":"We anchor European values in the mind and heart of the Metaverse.","publisher":{"@id":"https:\/\/foundationmetaverse.eu\/fr#organization"},"potentialAction":[{"@type":"SearchAction","target":{"@type":"EntryPoint","urlTemplate":"https:\/\/foundationmetaverse.eu\/fr?s={search_term_string}"},"query-input":{"@type":"PropertyValueSpecification","valueRequired":true,"valueName":"search_term_string"}}],"inLanguage":"fr-FR"},{"@type":"Organization","@id":"https:\/\/foundationmetaverse.eu\/fr#organization","name":"Foundation Metaverse Europe","url":"https:\/\/foundationmetaverse.eu\/fr","logo":{"@type":"ImageObject","inLanguage":"fr-FR","@id":"https:\/\/foundationmetaverse.eu\/fr#\/schema\/logo\/image\/","url":"https:\/\/foundationmetaverse.eu\/wp-content\/uploads\/2022\/04\/FME_Logo_AllBlack_Small.png","contentUrl":"https:\/\/foundationmetaverse.eu\/wp-content\/uploads\/2022\/04\/FME_Logo_AllBlack_Small.png","width":600,"height":262,"caption":"Foundation Metaverse Europe"},"image":{"@id":"https:\/\/foundationmetaverse.eu\/fr#\/schema\/logo\/image\/"},"sameAs":["https:\/\/www.linkedin.com\/company\/foundation-metaverse-europe\/"]}]}},"jetpack_sharing_enabled":true,"_links":{"self":[{"href":"https:\/\/foundationmetaverse.eu\/fr\/wp-json\/wp\/v2\/pages\/721","targetHints":{"allow":["GET"]}}],"collection":[{"href":"https:\/\/foundationmetaverse.eu\/fr\/wp-json\/wp\/v2\/pages"}],"about":[{"href":"https:\/\/foundationmetaverse.eu\/fr\/wp-json\/wp\/v2\/types\/page"}],"author":[{"embeddable":true,"href":"https:\/\/foundationmetaverse.eu\/fr\/wp-json\/wp\/v2\/users\/2"}],"replies":[{"embeddable":true,"href":"https:\/\/foundationmetaverse.eu\/fr\/wp-json\/wp\/v2\/comments?post=721"}],"version-history":[{"count":1,"href":"https:\/\/foundationmetaverse.eu\/fr\/wp-json\/wp\/v2\/pages\/721\/revisions"}],"predecessor-version":[{"id":722,"href":"https:\/\/foundationmetaverse.eu\/fr\/wp-json\/wp\/v2\/pages\/721\/revisions\/722"}],"wp:attachment":[{"href":"https:\/\/foundationmetaverse.eu\/fr\/wp-json\/wp\/v2\/media?parent=721"}],"curies":[{"name":"wp","href":"https:\/\/api.w.org\/{rel}","templated":true}]}}